{"id":8782,"date":"2021-02-26T19:37:23","date_gmt":"2021-02-26T18:37:24","guid":{"rendered":"https:\/\/olistori.menestys-consulting.fr\/?post_type=product&#038;p=8782"},"modified":"2023-05-17T16:00:06","modified_gmt":"2023-05-17T14:00:06","slug":"mainova-early-harvest","status":"publish","type":"product","link":"https:\/\/www.olistori.com\/pt-pt\/boutique\/mainova-early-harvest\/","title":{"rendered":"MAINOVA Early Harvest"},"content":{"rendered":"<div class=\"fusion-fullwidth fullwidth-box fusion-builder-row-1 nonhundred-percent-fullwidth non-hundred-percent-height-scrolling\" style=\"--awb-border-radius-top-left:0px;--awb-border-radius-top-right:0px;--awb-border-radius-bottom-right:0px;--awb-border-radius-bottom-left:0px;--awb-flex-wrap:wrap;\" ><div class=\"fusion-builder-row fusion-row\"><div class=\"fusion-layout-column fusion_builder_column fusion-builder-column-0 fusion_builder_column_1_1 1_1 fusion-one-full fusion-column-first fusion-column-last\" style=\"--awb-bg-size:cover;--awb-margin-bottom:0px;\"><div class=\"fusion-column-wrapper fusion-flex-column-wrapper-legacy\"><div class=\"fusion-text fusion-text-1 oli-text-description\"><p>Aromas verdes, de ma\u00e7\u00e3s verdes e am\u00eandoas frescas.<\/p>\n<\/div><div class=\"fusion-text fusion-text-2 oli-text-description\"><p>Intenso fruto verde, persist\u00eancia na boca com um toque de amargo e de picante no final.<\/p>\n<\/div><div class=\"fusion-sep-clear\"><\/div><div class=\"fusion-separator fusion-full-width-sep\" style=\"margin-left: auto;margin-right: auto;margin-top:10px;margin-bottom:10px;width:100%;\"><\/div><div class=\"fusion-sep-clear\"><\/div><div class=\"fusion-progressbar fusion-progressbar-text-on-bar oli-progressbar\" style=\"--awb-textcolor:#6b6a4b;--awb-height:20px;--awb-filledcolor:#baac28;--awb-unfilledcolor:#f0f0ed;\"><div class=\"fusion-progressbar-bar progress-bar\"><div class=\"progress progress-bar-content\" style=\"width:0%;\" role=\"progressbar\" aria-labelledby=\"awb-progressbar-label-1\" aria-valuemin=\"0\" aria-valuemax=\"100\" aria-valuenow=\"75\"><\/div><\/div> <span class=\"progress-title\" style=\"right: calc(15px + 25%);\"><span class=\"fusion-progressbar-text\" id=\"awb-progressbar-label-1\">intensidade<\/span> <\/span><\/div><div class=\"fusion-progressbar fusion-progressbar-text-on-bar oli-progressbar\" style=\"--awb-textcolor:#6b6a4b;--awb-height:20px;--awb-filledcolor:#baac28;--awb-unfilledcolor:#f0f0ed;\"><div class=\"fusion-progressbar-bar progress-bar\"><div class=\"progress progress-bar-content\" style=\"width:0%;\" role=\"progressbar\" aria-labelledby=\"awb-progressbar-label-2\" aria-valuemin=\"0\" aria-valuemax=\"100\" aria-valuenow=\"70\"><\/div><\/div> <span class=\"progress-title\" style=\"right: calc(15px + 30%);\"><span class=\"fusion-progressbar-text\" id=\"awb-progressbar-label-2\">FRUTADO VERDE<\/span> <\/span><\/div><div class=\"fusion-progressbar fusion-progressbar-text-on-bar oli-progressbar\" style=\"--awb-textcolor:#6b6a4b;--awb-height:20px;--awb-filledcolor:#baac28;--awb-unfilledcolor:#f0f0ed;\"><div class=\"fusion-progressbar-bar progress-bar\"><div class=\"progress progress-bar-content\" style=\"width:0%;\" role=\"progressbar\" aria-labelledby=\"awb-progressbar-label-3\" aria-valuemin=\"0\" aria-valuemax=\"100\" aria-valuenow=\"25\"><\/div><\/div> <span class=\"progress-title\"><span class=\"fusion-progressbar-text\" id=\"awb-progressbar-label-3\">FRUTADO MADURO<\/span> <\/span><\/div><div class=\"fusion-progressbar fusion-progressbar-text-on-bar oli-progressbar\" style=\"--awb-textcolor:#6b6a4b;--awb-height:20px;--awb-filledcolor:#baac28;--awb-unfilledcolor:#f0f0ed;\"><div class=\"fusion-progressbar-bar progress-bar\"><div class=\"progress progress-bar-content\" style=\"width:0%;\" role=\"progressbar\" aria-labelledby=\"awb-progressbar-label-4\" aria-valuemin=\"0\" aria-valuemax=\"100\" aria-valuenow=\"60\"><\/div><\/div> <span class=\"progress-title\" style=\"right: calc(15px + 40%);\"><span class=\"fusion-progressbar-text\" id=\"awb-progressbar-label-4\">PICANTE<\/span> <\/span><\/div><div class=\"fusion-progressbar fusion-progressbar-text-on-bar oli-progressbar\" style=\"--awb-textcolor:#6b6a4b;--awb-height:20px;--awb-filledcolor:#baac28;--awb-unfilledcolor:#f0f0ed;\"><div class=\"fusion-progressbar-bar progress-bar\"><div class=\"progress progress-bar-content\" style=\"width:0%;\" role=\"progressbar\" aria-labelledby=\"awb-progressbar-label-5\" aria-valuemin=\"0\" aria-valuemax=\"100\" aria-valuenow=\"80\"><\/div><\/div> <span class=\"progress-title\" style=\"right: calc(15px + 20%);\"><span class=\"fusion-progressbar-text\" id=\"awb-progressbar-label-5\">PERSIST\u00caNCIA<\/span> <\/span><\/div><div class=\"fusion-clearfix\"><\/div><\/div><\/div><\/div><\/div>\n","protected":false},"excerpt":{"rendered":"<p>Produ\u00e7\u00e3o Regional : Alto Alentejo<\/p>\n<p>Azeite virgem extra obtido da azeitona exclusivamento por processos mec\u00e2nicos colhidas no momento \u00f3ptimo e com extrac\u00e7\u00e3o a frio, que n\u00e3o produzem a sua altera\u00e7\u00e3o para manter todos os aromas originais dos frutos.<\/p>\n<p>O Azeite extra virgem Early Harvest \u00e9 produzido a partir de azeitonas verdes colhidas no in\u00edcio da \u00e9poca.<br \/>\nCaracterizado por uma acidez baixa, 0,2%, sabor frutado verde intenso, amargo e picante.<\/p>\n<p><strong>O Azeite Extra Virgem Early Harvest \u00e9 rico em polifen\u00f3is saud\u00e1veis, tendo uma concentra\u00e7\u00e3o mais elevada de anti-inflamat\u00f3rios e antioxidantes.<\/strong><\/p>\n<p><a href=\"https:\/\/www.olistori.com\/wp-content\/uploads\/2018\/04\/oli-picto-description-courte.png\"><img decoding=\"async\" class=\"size-full wp-image-302 alignleft\" src=\"https:\/\/www.olistori.com\/wp-content\/uploads\/2018\/04\/oli-picto-description-courte.png\" alt=\"\" width=\"29\" height=\"29\" \/>Dicas<\/a>: Apenas com p\u00e3o! e tamb\u00e9m perfeito para temperar as suas saladas ou peixe.<\/p>\n<p>Dispon\u00edvel no formato 500ml. Linda garrafa\u00a0de cer\u00e2mica, vem com uma rolha doseadora e com 1 ta\u00e7a de degusta\u00e7\u00e3o \u00a0 &#8211; Caixa de Embalagem &#8211; PRESENTE Ideal!<\/p>\n","protected":false},"featured_media":24197,"comment_status":"closed","ping_status":"closed","template":"","meta":{"_exactmetrics_skip_tracking":false,"_exactmetrics_sitenote_active":false,"_exactmetrics_sitenote_note":"","_exactmetrics_sitenote_category":0},"product_cat":[91,87,157,92],"product_tag":[88],"yoast_head":"<!-- This site is optimized with the Yoast SEO plugin v23.0 - https:\/\/yoast.com\/wordpress\/plugins\/seo\/ -->\n<title>MAINOVA Early Harvest - Olistori<\/title>\n<meta name=\"robots\" content=\"index, follow, max-snippet:-1, max-image-preview:large, max-video-preview:-1\" \/>\n<link rel=\"canonical\" href=\"https:\/\/www.olistori.com\/pt-pt\/boutique\/mainova-early-harvest\/\" \/>\n<meta property=\"og:locale\" content=\"pt_PT\" \/>\n<meta property=\"og:type\" content=\"article\" \/>\n<meta property=\"og:title\" content=\"MAINOVA Early Harvest - Olistori\" \/>\n<meta property=\"og:description\" content=\"Produ\u00e7\u00e3o Regional : Alto Alentejo  Azeite virgem extra obtido da azeitona exclusivamento por processos mec\u00e2nicos colhidas no momento \u00f3ptimo e com extrac\u00e7\u00e3o a frio, que n\u00e3o produzem a sua altera\u00e7\u00e3o para manter todos os aromas originais dos frutos.  O Azeite extra virgem Early Harvest \u00e9 produzido a partir de azeitonas verdes colhidas no in\u00edcio da \u00e9poca. Caracterizado por uma acidez baixa, 0,2%, sabor frutado verde intenso, amargo e picante.  O Azeite Extra Virgem Early Harvest \u00e9 rico em polifen\u00f3is saud\u00e1veis, tendo uma concentra\u00e7\u00e3o mais elevada de anti-inflamat\u00f3rios e antioxidantes.  Dicas: Apenas com p\u00e3o! e tamb\u00e9m perfeito para temperar as suas saladas ou peixe.  Dispon\u00edvel no formato 500ml. Linda garrafa\u00a0de cer\u00e2mica, vem com uma rolha doseadora e com 1 ta\u00e7a de degusta\u00e7\u00e3o \u00a0 - Caixa de Embalagem - PRESENTE Ideal!\" \/>\n<meta property=\"og:url\" content=\"https:\/\/www.olistori.com\/pt-pt\/boutique\/mainova-early-harvest\/\" \/>\n<meta property=\"og:site_name\" content=\"Olistori\" \/>\n<meta property=\"article:modified_time\" content=\"2023-05-17T14:00:06+00:00\" \/>\n<meta property=\"og:image\" content=\"https:\/\/www.olistori.com\/wp-content\/uploads\/2021\/02\/MAINOVA-EH-1.jpg\" \/>\n\t<meta property=\"og:image:width\" content=\"789\" \/>\n\t<meta property=\"og:image:height\" content=\"823\" \/>\n\t<meta property=\"og:image:type\" content=\"image\/jpeg\" \/>\n<meta name=\"twitter:card\" content=\"summary_large_image\" \/>\n<meta name=\"twitter:label1\" content=\"Tempo estimado de leitura\" \/>\n\t<meta name=\"twitter:data1\" content=\"2 minutos\" \/>\n<script type=\"application\/ld+json\" class=\"yoast-schema-graph\">{\"@context\":\"https:\/\/schema.org\",\"@graph\":[{\"@type\":\"WebPage\",\"@id\":\"https:\/\/www.olistori.com\/pt-pt\/boutique\/mainova-early-harvest\/\",\"url\":\"https:\/\/www.olistori.com\/pt-pt\/boutique\/mainova-early-harvest\/\",\"name\":\"MAINOVA Early Harvest - Olistori\",\"isPartOf\":{\"@id\":\"https:\/\/www.olistori.com\/pt-pt\/#website\"},\"primaryImageOfPage\":{\"@id\":\"https:\/\/www.olistori.com\/pt-pt\/boutique\/mainova-early-harvest\/#primaryimage\"},\"image\":{\"@id\":\"https:\/\/www.olistori.com\/pt-pt\/boutique\/mainova-early-harvest\/#primaryimage\"},\"thumbnailUrl\":\"https:\/\/www.olistori.com\/wp-content\/uploads\/2021\/02\/7.jpg\",\"datePublished\":\"2021-02-26T18:37:24+00:00\",\"dateModified\":\"2023-05-17T14:00:06+00:00\",\"breadcrumb\":{\"@id\":\"https:\/\/www.olistori.com\/pt-pt\/boutique\/mainova-early-harvest\/#breadcrumb\"},\"inLanguage\":\"pt-PT\",\"potentialAction\":[{\"@type\":\"ReadAction\",\"target\":[\"https:\/\/www.olistori.com\/pt-pt\/boutique\/mainova-early-harvest\/\"]}]},{\"@type\":\"ImageObject\",\"inLanguage\":\"pt-PT\",\"@id\":\"https:\/\/www.olistori.com\/pt-pt\/boutique\/mainova-early-harvest\/#primaryimage\",\"url\":\"https:\/\/www.olistori.com\/wp-content\/uploads\/2021\/02\/7.jpg\",\"contentUrl\":\"https:\/\/www.olistori.com\/wp-content\/uploads\/2021\/02\/7.jpg\",\"width\":1080,\"height\":1080},{\"@type\":\"BreadcrumbList\",\"@id\":\"https:\/\/www.olistori.com\/pt-pt\/boutique\/mainova-early-harvest\/#breadcrumb\",\"itemListElement\":[{\"@type\":\"ListItem\",\"position\":1,\"name\":\"Accueil\",\"item\":\"https:\/\/www.olistori.com\/pt-pt\/\"},{\"@type\":\"ListItem\",\"position\":2,\"name\":\"Loja\",\"item\":\"https:\/\/www.olistori.com\/pt-pt\/loja\/\"},{\"@type\":\"ListItem\",\"position\":3,\"name\":\"MAINOVA Early Harvest\"}]},{\"@type\":\"WebSite\",\"@id\":\"https:\/\/www.olistori.com\/pt-pt\/#website\",\"url\":\"https:\/\/www.olistori.com\/pt-pt\/\",\"name\":\"Olistori\",\"description\":\"HUILES D\u2019OLIVE PORTUGAISES S\u00c9LECTIONN\u00c9ES\",\"potentialAction\":[{\"@type\":\"SearchAction\",\"target\":{\"@type\":\"EntryPoint\",\"urlTemplate\":\"https:\/\/www.olistori.com\/pt-pt\/?s={search_term_string}\"},\"query-input\":\"required name=search_term_string\"}],\"inLanguage\":\"pt-PT\"}]}<\/script>\n<!-- \/ Yoast SEO plugin. -->","yoast_head_json":{"title":"MAINOVA Early Harvest - Olistori","robots":{"index":"index","follow":"follow","max-snippet":"max-snippet:-1","max-image-preview":"max-image-preview:large","max-video-preview":"max-video-preview:-1"},"canonical":"https:\/\/www.olistori.com\/pt-pt\/boutique\/mainova-early-harvest\/","og_locale":"pt_PT","og_type":"article","og_title":"MAINOVA Early Harvest - Olistori","og_description":"Produ\u00e7\u00e3o Regional : Alto Alentejo  Azeite virgem extra obtido da azeitona exclusivamento por processos mec\u00e2nicos colhidas no momento \u00f3ptimo e com extrac\u00e7\u00e3o a frio, que n\u00e3o produzem a sua altera\u00e7\u00e3o para manter todos os aromas originais dos frutos.  O Azeite extra virgem Early Harvest \u00e9 produzido a partir de azeitonas verdes colhidas no in\u00edcio da \u00e9poca. Caracterizado por uma acidez baixa, 0,2%, sabor frutado verde intenso, amargo e picante.  O Azeite Extra Virgem Early Harvest \u00e9 rico em polifen\u00f3is saud\u00e1veis, tendo uma concentra\u00e7\u00e3o mais elevada de anti-inflamat\u00f3rios e antioxidantes.  Dicas: Apenas com p\u00e3o! e tamb\u00e9m perfeito para temperar as suas saladas ou peixe.  Dispon\u00edvel no formato 500ml. Linda garrafa\u00a0de cer\u00e2mica, vem com uma rolha doseadora e com 1 ta\u00e7a de degusta\u00e7\u00e3o \u00a0 - Caixa de Embalagem - PRESENTE Ideal!","og_url":"https:\/\/www.olistori.com\/pt-pt\/boutique\/mainova-early-harvest\/","og_site_name":"Olistori","article_modified_time":"2023-05-17T14:00:06+00:00","og_image":[{"width":789,"height":823,"url":"https:\/\/www.olistori.com\/wp-content\/uploads\/2021\/02\/MAINOVA-EH-1.jpg","type":"image\/jpeg"}],"twitter_card":"summary_large_image","twitter_misc":{"Tempo estimado de leitura":"2 minutos"},"schema":{"@context":"https:\/\/schema.org","@graph":[{"@type":"WebPage","@id":"https:\/\/www.olistori.com\/pt-pt\/boutique\/mainova-early-harvest\/","url":"https:\/\/www.olistori.com\/pt-pt\/boutique\/mainova-early-harvest\/","name":"MAINOVA Early Harvest - Olistori","isPartOf":{"@id":"https:\/\/www.olistori.com\/pt-pt\/#website"},"primaryImageOfPage":{"@id":"https:\/\/www.olistori.com\/pt-pt\/boutique\/mainova-early-harvest\/#primaryimage"},"image":{"@id":"https:\/\/www.olistori.com\/pt-pt\/boutique\/mainova-early-harvest\/#primaryimage"},"thumbnailUrl":"https:\/\/www.olistori.com\/wp-content\/uploads\/2021\/02\/7.jpg","datePublished":"2021-02-26T18:37:24+00:00","dateModified":"2023-05-17T14:00:06+00:00","breadcrumb":{"@id":"https:\/\/www.olistori.com\/pt-pt\/boutique\/mainova-early-harvest\/#breadcrumb"},"inLanguage":"pt-PT","potentialAction":[{"@type":"ReadAction","target":["https:\/\/www.olistori.com\/pt-pt\/boutique\/mainova-early-harvest\/"]}]},{"@type":"ImageObject","inLanguage":"pt-PT","@id":"https:\/\/www.olistori.com\/pt-pt\/boutique\/mainova-early-harvest\/#primaryimage","url":"https:\/\/www.olistori.com\/wp-content\/uploads\/2021\/02\/7.jpg","contentUrl":"https:\/\/www.olistori.com\/wp-content\/uploads\/2021\/02\/7.jpg","width":1080,"height":1080},{"@type":"BreadcrumbList","@id":"https:\/\/www.olistori.com\/pt-pt\/boutique\/mainova-early-harvest\/#breadcrumb","itemListElement":[{"@type":"ListItem","position":1,"name":"Accueil","item":"https:\/\/www.olistori.com\/pt-pt\/"},{"@type":"ListItem","position":2,"name":"Loja","item":"https:\/\/www.olistori.com\/pt-pt\/loja\/"},{"@type":"ListItem","position":3,"name":"MAINOVA Early Harvest"}]},{"@type":"WebSite","@id":"https:\/\/www.olistori.com\/pt-pt\/#website","url":"https:\/\/www.olistori.com\/pt-pt\/","name":"Olistori","description":"HUILES D\u2019OLIVE PORTUGAISES S\u00c9LECTIONN\u00c9ES","potentialAction":[{"@type":"SearchAction","target":{"@type":"EntryPoint","urlTemplate":"https:\/\/www.olistori.com\/pt-pt\/?s={search_term_string}"},"query-input":"required name=search_term_string"}],"inLanguage":"pt-PT"}]}},"_links":{"self":[{"href":"https:\/\/www.olistori.com\/pt-pt\/wp-json\/wp\/v2\/product\/8782"}],"collection":[{"href":"https:\/\/www.olistori.com\/pt-pt\/wp-json\/wp\/v2\/product"}],"about":[{"href":"https:\/\/www.olistori.com\/pt-pt\/wp-json\/wp\/v2\/types\/product"}],"replies":[{"embeddable":true,"href":"https:\/\/www.olistori.com\/pt-pt\/wp-json\/wp\/v2\/comments?post=8782"}],"wp:featuredmedia":[{"embeddable":true,"href":"https:\/\/www.olistori.com\/pt-pt\/wp-json\/wp\/v2\/media\/24197"}],"wp:attachment":[{"href":"https:\/\/www.olistori.com\/pt-pt\/wp-json\/wp\/v2\/media?parent=8782"}],"wp:term":[{"taxonomy":"product_cat","embeddable":true,"href":"https:\/\/www.olistori.com\/pt-pt\/wp-json\/wp\/v2\/product_cat?post=8782"},{"taxonomy":"product_tag","embeddable":true,"href":"https:\/\/www.olistori.com\/pt-pt\/wp-json\/wp\/v2\/product_tag?post=8782"}],"curies":[{"name":"wp","href":"https:\/\/api.w.org\/{rel}","templated":true}]}}