{"id":8073,"date":"2020-11-17T20:06:46","date_gmt":"2020-11-17T19:06:48","guid":{"rendered":"https:\/\/olistori.menestys-consulting.fr\/?post_type=product&#038;p=8073"},"modified":"2021-02-21T20:15:07","modified_gmt":"2021-02-21T19:15:07","slug":"the-9-secrets-of-bless","status":"publish","type":"product","link":"https:\/\/www.olistori.com\/pt-pt\/boutique\/the-9-secrets-of-bless\/","title":{"rendered":"The 9 Secrets of Bless"},"content":{"rendered":"","protected":false},"excerpt":{"rendered":"<p>Produ\u00e7\u00e3o regional: Nazar\u00e9<\/p>\n<p>Fabrica\u00e7\u00e3o artesanal, por chocolatier artesanal Brigitte Bless. Uma fus\u00e3o de know-how de chocolate su\u00ed\u00e7o e sabores t\u00edpicos portugueses: Especiarias, porto, feij\u00e3o delicadamente amadurecido sob o sol de S\u00e3o Tom\u00e9 no Principe.<\/p>\n<p>V\u00e1rias 8-9 Chocolates Surpresa: Tonka Bean, Porto, Azeite, Vinagre Bals\u00e2mico, Caramelo de Manteiga Salgada, Ch\u00e1 Cinzento Earl, Manga, Avel\u00e3&#8230;<\/p>\n<p>Caixa 160g<\/p>\n","protected":false},"featured_media":8154,"comment_status":"closed","ping_status":"closed","template":"","meta":{"_exactmetrics_skip_tracking":false,"_exactmetrics_sitenote_active":false,"_exactmetrics_sitenote_note":"","_exactmetrics_sitenote_category":0},"product_cat":[86],"product_tag":[],"yoast_head":"<!-- This site is optimized with the Yoast SEO plugin v23.0 - https:\/\/yoast.com\/wordpress\/plugins\/seo\/ -->\n<title>The 9 Secrets of Bless - Olistori<\/title>\n<meta name=\"robots\" content=\"index, follow, max-snippet:-1, max-image-preview:large, max-video-preview:-1\" \/>\n<link rel=\"canonical\" href=\"https:\/\/www.olistori.com\/pt-pt\/boutique\/the-9-secrets-of-bless\/\" \/>\n<meta property=\"og:locale\" content=\"pt_PT\" \/>\n<meta property=\"og:type\" content=\"article\" \/>\n<meta property=\"og:title\" content=\"The 9 Secrets of Bless - Olistori\" \/>\n<meta property=\"og:description\" content=\"Produ\u00e7\u00e3o regional: Nazar\u00e9  Fabrica\u00e7\u00e3o artesanal, por chocolatier artesanal Brigitte Bless. Uma fus\u00e3o de know-how de chocolate su\u00ed\u00e7o e sabores t\u00edpicos portugueses: Especiarias, porto, feij\u00e3o delicadamente amadurecido sob o sol de S\u00e3o Tom\u00e9 no Principe.  V\u00e1rias 8-9 Chocolates Surpresa: Tonka Bean, Porto, Azeite, Vinagre Bals\u00e2mico, Caramelo de Manteiga Salgada, Ch\u00e1 Cinzento Earl, Manga, Avel\u00e3...  Caixa 160g\" \/>\n<meta property=\"og:url\" content=\"https:\/\/www.olistori.com\/pt-pt\/boutique\/the-9-secrets-of-bless\/\" \/>\n<meta property=\"og:site_name\" content=\"Olistori\" \/>\n<meta property=\"article:modified_time\" content=\"2021-02-21T19:15:07+00:00\" \/>\n<meta property=\"og:image\" content=\"https:\/\/www.olistori.com\/wp-content\/uploads\/2020\/11\/CHOCOLATS-BOITE-ROUGE.jpg\" \/>\n\t<meta property=\"og:image:width\" content=\"3260\" \/>\n\t<meta property=\"og:image:height\" content=\"2553\" \/>\n\t<meta property=\"og:image:type\" content=\"image\/jpeg\" \/>\n<meta name=\"twitter:card\" content=\"summary_large_image\" \/>\n<script type=\"application\/ld+json\" class=\"yoast-schema-graph\">{\"@context\":\"https:\/\/schema.org\",\"@graph\":[{\"@type\":\"WebPage\",\"@id\":\"https:\/\/www.olistori.com\/pt-pt\/boutique\/the-9-secrets-of-bless\/\",\"url\":\"https:\/\/www.olistori.com\/pt-pt\/boutique\/the-9-secrets-of-bless\/\",\"name\":\"The 9 Secrets of Bless - Olistori\",\"isPartOf\":{\"@id\":\"https:\/\/www.olistori.com\/pt-pt\/#website\"},\"primaryImageOfPage\":{\"@id\":\"https:\/\/www.olistori.com\/pt-pt\/boutique\/the-9-secrets-of-bless\/#primaryimage\"},\"image\":{\"@id\":\"https:\/\/www.olistori.com\/pt-pt\/boutique\/the-9-secrets-of-bless\/#primaryimage\"},\"thumbnailUrl\":\"https:\/\/www.olistori.com\/wp-content\/uploads\/2020\/11\/CHOCOLATS-BOITE-ROUGE.jpg\",\"datePublished\":\"2020-11-17T19:06:48+00:00\",\"dateModified\":\"2021-02-21T19:15:07+00:00\",\"breadcrumb\":{\"@id\":\"https:\/\/www.olistori.com\/pt-pt\/boutique\/the-9-secrets-of-bless\/#breadcrumb\"},\"inLanguage\":\"pt-PT\",\"potentialAction\":[{\"@type\":\"ReadAction\",\"target\":[\"https:\/\/www.olistori.com\/pt-pt\/boutique\/the-9-secrets-of-bless\/\"]}]},{\"@type\":\"ImageObject\",\"inLanguage\":\"pt-PT\",\"@id\":\"https:\/\/www.olistori.com\/pt-pt\/boutique\/the-9-secrets-of-bless\/#primaryimage\",\"url\":\"https:\/\/www.olistori.com\/wp-content\/uploads\/2020\/11\/CHOCOLATS-BOITE-ROUGE.jpg\",\"contentUrl\":\"https:\/\/www.olistori.com\/wp-content\/uploads\/2020\/11\/CHOCOLATS-BOITE-ROUGE.jpg\",\"width\":3260,\"height\":2553},{\"@type\":\"BreadcrumbList\",\"@id\":\"https:\/\/www.olistori.com\/pt-pt\/boutique\/the-9-secrets-of-bless\/#breadcrumb\",\"itemListElement\":[{\"@type\":\"ListItem\",\"position\":1,\"name\":\"Accueil\",\"item\":\"https:\/\/www.olistori.com\/pt-pt\/\"},{\"@type\":\"ListItem\",\"position\":2,\"name\":\"Loja\",\"item\":\"https:\/\/www.olistori.com\/pt-pt\/loja\/\"},{\"@type\":\"ListItem\",\"position\":3,\"name\":\"The 9 Secrets of Bless\"}]},{\"@type\":\"WebSite\",\"@id\":\"https:\/\/www.olistori.com\/pt-pt\/#website\",\"url\":\"https:\/\/www.olistori.com\/pt-pt\/\",\"name\":\"Olistori\",\"description\":\"HUILES D\u2019OLIVE PORTUGAISES S\u00c9LECTIONN\u00c9ES\",\"potentialAction\":[{\"@type\":\"SearchAction\",\"target\":{\"@type\":\"EntryPoint\",\"urlTemplate\":\"https:\/\/www.olistori.com\/pt-pt\/?s={search_term_string}\"},\"query-input\":\"required name=search_term_string\"}],\"inLanguage\":\"pt-PT\"}]}<\/script>\n<!-- \/ Yoast SEO plugin. -->","yoast_head_json":{"title":"The 9 Secrets of Bless - Olistori","robots":{"index":"index","follow":"follow","max-snippet":"max-snippet:-1","max-image-preview":"max-image-preview:large","max-video-preview":"max-video-preview:-1"},"canonical":"https:\/\/www.olistori.com\/pt-pt\/boutique\/the-9-secrets-of-bless\/","og_locale":"pt_PT","og_type":"article","og_title":"The 9 Secrets of Bless - Olistori","og_description":"Produ\u00e7\u00e3o regional: Nazar\u00e9  Fabrica\u00e7\u00e3o artesanal, por chocolatier artesanal Brigitte Bless. Uma fus\u00e3o de know-how de chocolate su\u00ed\u00e7o e sabores t\u00edpicos portugueses: Especiarias, porto, feij\u00e3o delicadamente amadurecido sob o sol de S\u00e3o Tom\u00e9 no Principe.  V\u00e1rias 8-9 Chocolates Surpresa: Tonka Bean, Porto, Azeite, Vinagre Bals\u00e2mico, Caramelo de Manteiga Salgada, Ch\u00e1 Cinzento Earl, Manga, Avel\u00e3...  Caixa 160g","og_url":"https:\/\/www.olistori.com\/pt-pt\/boutique\/the-9-secrets-of-bless\/","og_site_name":"Olistori","article_modified_time":"2021-02-21T19:15:07+00:00","og_image":[{"width":3260,"height":2553,"url":"https:\/\/www.olistori.com\/wp-content\/uploads\/2020\/11\/CHOCOLATS-BOITE-ROUGE.jpg","type":"image\/jpeg"}],"twitter_card":"summary_large_image","schema":{"@context":"https:\/\/schema.org","@graph":[{"@type":"WebPage","@id":"https:\/\/www.olistori.com\/pt-pt\/boutique\/the-9-secrets-of-bless\/","url":"https:\/\/www.olistori.com\/pt-pt\/boutique\/the-9-secrets-of-bless\/","name":"The 9 Secrets of Bless - Olistori","isPartOf":{"@id":"https:\/\/www.olistori.com\/pt-pt\/#website"},"primaryImageOfPage":{"@id":"https:\/\/www.olistori.com\/pt-pt\/boutique\/the-9-secrets-of-bless\/#primaryimage"},"image":{"@id":"https:\/\/www.olistori.com\/pt-pt\/boutique\/the-9-secrets-of-bless\/#primaryimage"},"thumbnailUrl":"https:\/\/www.olistori.com\/wp-content\/uploads\/2020\/11\/CHOCOLATS-BOITE-ROUGE.jpg","datePublished":"2020-11-17T19:06:48+00:00","dateModified":"2021-02-21T19:15:07+00:00","breadcrumb":{"@id":"https:\/\/www.olistori.com\/pt-pt\/boutique\/the-9-secrets-of-bless\/#breadcrumb"},"inLanguage":"pt-PT","potentialAction":[{"@type":"ReadAction","target":["https:\/\/www.olistori.com\/pt-pt\/boutique\/the-9-secrets-of-bless\/"]}]},{"@type":"ImageObject","inLanguage":"pt-PT","@id":"https:\/\/www.olistori.com\/pt-pt\/boutique\/the-9-secrets-of-bless\/#primaryimage","url":"https:\/\/www.olistori.com\/wp-content\/uploads\/2020\/11\/CHOCOLATS-BOITE-ROUGE.jpg","contentUrl":"https:\/\/www.olistori.com\/wp-content\/uploads\/2020\/11\/CHOCOLATS-BOITE-ROUGE.jpg","width":3260,"height":2553},{"@type":"BreadcrumbList","@id":"https:\/\/www.olistori.com\/pt-pt\/boutique\/the-9-secrets-of-bless\/#breadcrumb","itemListElement":[{"@type":"ListItem","position":1,"name":"Accueil","item":"https:\/\/www.olistori.com\/pt-pt\/"},{"@type":"ListItem","position":2,"name":"Loja","item":"https:\/\/www.olistori.com\/pt-pt\/loja\/"},{"@type":"ListItem","position":3,"name":"The 9 Secrets of Bless"}]},{"@type":"WebSite","@id":"https:\/\/www.olistori.com\/pt-pt\/#website","url":"https:\/\/www.olistori.com\/pt-pt\/","name":"Olistori","description":"HUILES D\u2019OLIVE PORTUGAISES S\u00c9LECTIONN\u00c9ES","potentialAction":[{"@type":"SearchAction","target":{"@type":"EntryPoint","urlTemplate":"https:\/\/www.olistori.com\/pt-pt\/?s={search_term_string}"},"query-input":"required name=search_term_string"}],"inLanguage":"pt-PT"}]}},"_links":{"self":[{"href":"https:\/\/www.olistori.com\/pt-pt\/wp-json\/wp\/v2\/product\/8073"}],"collection":[{"href":"https:\/\/www.olistori.com\/pt-pt\/wp-json\/wp\/v2\/product"}],"about":[{"href":"https:\/\/www.olistori.com\/pt-pt\/wp-json\/wp\/v2\/types\/product"}],"replies":[{"embeddable":true,"href":"https:\/\/www.olistori.com\/pt-pt\/wp-json\/wp\/v2\/comments?post=8073"}],"wp:featuredmedia":[{"embeddable":true,"href":"https:\/\/www.olistori.com\/pt-pt\/wp-json\/wp\/v2\/media\/8154"}],"wp:attachment":[{"href":"https:\/\/www.olistori.com\/pt-pt\/wp-json\/wp\/v2\/media?parent=8073"}],"wp:term":[{"taxonomy":"product_cat","embeddable":true,"href":"https:\/\/www.olistori.com\/pt-pt\/wp-json\/wp\/v2\/product_cat?post=8073"},{"taxonomy":"product_tag","embeddable":true,"href":"https:\/\/www.olistori.com\/pt-pt\/wp-json\/wp\/v2\/product_tag?post=8073"}],"curies":[{"name":"wp","href":"https:\/\/api.w.org\/{rel}","templated":true}]}}