{"id":7853,"date":"2020-11-07T16:09:35","date_gmt":"2020-11-07T15:09:37","guid":{"rendered":"https:\/\/olistori.menestys-consulting.fr\/?post_type=product&#038;p=7853"},"modified":"2021-01-18T15:00:40","modified_gmt":"2021-01-18T14:00:40","slug":"villa-nogueira-harvest","status":"publish","type":"product","link":"https:\/\/www.olistori.com\/pt-pt\/boutique\/villa-nogueira-harvest\/","title":{"rendered":"VILLA NOGUEIRA Harvest"},"content":{"rendered":"<div class=\"fusion-fullwidth fullwidth-box fusion-builder-row-1 nonhundred-percent-fullwidth non-hundred-percent-height-scrolling\" style=\"--awb-border-radius-top-left:0px;--awb-border-radius-top-right:0px;--awb-border-radius-bottom-right:0px;--awb-border-radius-bottom-left:0px;--awb-flex-wrap:wrap;\" ><div class=\"fusion-builder-row fusion-row\"><div class=\"fusion-layout-column fusion_builder_column fusion-builder-column-0 fusion_builder_column_1_1 1_1 fusion-one-full fusion-column-first fusion-column-last\" style=\"--awb-bg-size:cover;--awb-margin-bottom:0px;\"><div class=\"fusion-column-wrapper fusion-flex-column-wrapper-legacy\"><div class=\"fusion-text fusion-text-1 oli-text-description\"><p>Cor rubi intensa. Aromas com excelente defini\u00e7\u00e3o, notas mentoladas e bals\u00e2micas, bagas de bosque com ligeiras nuances de madeira.<\/p>\n<\/div><div class=\"fusion-text fusion-text-2 oli-text-description\"><p>Boca fresca, acidez viva e taninos maduros e sedosos, bem integrados na estrutura do vinho.<\/p>\n<\/div><div class=\"fusion-sep-clear\"><\/div><div class=\"fusion-separator fusion-full-width-sep\" style=\"margin-left: auto;margin-right: auto;margin-top:10px;margin-bottom:10px;width:100%;\"><\/div><div class=\"fusion-sep-clear\"><\/div><div class=\"fusion-progressbar fusion-progressbar-text-on-bar oli-progressbar\" style=\"--awb-textcolor:#6b6a4b;--awb-height:20px;--awb-filledcolor:#baac28;--awb-unfilledcolor:#f0f0ed;\"><div class=\"fusion-progressbar-bar progress-bar\"><div class=\"progress progress-bar-content\" style=\"width:0%;\" role=\"progressbar\" aria-labelledby=\"awb-progressbar-label-1\" aria-valuemin=\"0\" aria-valuemax=\"100\" aria-valuenow=\"60\"><\/div><\/div> <span class=\"progress-title\" style=\"right: calc(15px + 40%);\"><span class=\"fusion-progressbar-text\" id=\"awb-progressbar-label-1\">intensidade<\/span> <\/span><\/div><div class=\"fusion-progressbar fusion-progressbar-text-on-bar oli-progressbar\" style=\"--awb-textcolor:#6b6a4b;--awb-height:20px;--awb-filledcolor:#baac28;--awb-unfilledcolor:#f0f0ed;\"><div class=\"fusion-progressbar-bar progress-bar\"><div class=\"progress progress-bar-content\" style=\"width:0%;\" role=\"progressbar\" aria-labelledby=\"awb-progressbar-label-2\" aria-valuemin=\"0\" aria-valuemax=\"100\" aria-valuenow=\"10\"><\/div><\/div> <span class=\"progress-title\"><span class=\"fusion-progressbar-text\" id=\"awb-progressbar-label-2\">FRUTADO VERDE<\/span> <\/span><\/div><div class=\"fusion-progressbar fusion-progressbar-text-on-bar oli-progressbar\" style=\"--awb-textcolor:#6b6a4b;--awb-height:20px;--awb-filledcolor:#baac28;--awb-unfilledcolor:#f0f0ed;\"><div class=\"fusion-progressbar-bar progress-bar\"><div class=\"progress progress-bar-content\" style=\"width:0%;\" role=\"progressbar\" aria-labelledby=\"awb-progressbar-label-3\" aria-valuemin=\"0\" aria-valuemax=\"100\" aria-valuenow=\"70\"><\/div><\/div> <span class=\"progress-title\" style=\"right: calc(15px + 30%);\"><span class=\"fusion-progressbar-text\" id=\"awb-progressbar-label-3\">FRUTADO MADURO<\/span> <\/span><\/div><div class=\"fusion-progressbar fusion-progressbar-text-on-bar oli-progressbar\" style=\"--awb-textcolor:#6b6a4b;--awb-height:20px;--awb-filledcolor:#baac28;--awb-unfilledcolor:#f0f0ed;\"><div class=\"fusion-progressbar-bar progress-bar\"><div class=\"progress progress-bar-content\" style=\"width:0%;\" role=\"progressbar\" aria-labelledby=\"awb-progressbar-label-4\" aria-valuemin=\"0\" aria-valuemax=\"100\" aria-valuenow=\"70\"><\/div><\/div> <span class=\"progress-title\" style=\"right: calc(15px + 30%);\"><span class=\"fusion-progressbar-text\" id=\"awb-progressbar-label-4\">PICANTE<\/span> <\/span><\/div><div class=\"fusion-progressbar fusion-progressbar-text-on-bar oli-progressbar\" style=\"--awb-textcolor:#6b6a4b;--awb-height:20px;--awb-filledcolor:#baac28;--awb-unfilledcolor:#f0f0ed;\"><div class=\"fusion-progressbar-bar progress-bar\"><div class=\"progress progress-bar-content\" style=\"width:0%;\" role=\"progressbar\" aria-labelledby=\"awb-progressbar-label-5\" aria-valuemin=\"0\" aria-valuemax=\"100\" aria-valuenow=\"75\"><\/div><\/div> <span class=\"progress-title\" style=\"right: calc(15px + 25%);\"><span class=\"fusion-progressbar-text\" id=\"awb-progressbar-label-5\">PERSIST\u00caNCIA<\/span> <\/span><\/div><div class=\"fusion-clearfix\"><\/div><\/div><\/div><\/div><\/div>\n","protected":false},"excerpt":{"rendered":"<p>Produ\u00e7\u00e3o regional: \u00d3bidos DOC<\/p>\n<p>Vinho Branco, Os vinhos da Quinta do Porto Nogueira, a oeste de Lisboa, s\u00e3o cultivados com respeito pelo solo, de acordo com pr\u00e1ticas sustent\u00e1veis.<\/p>\n<p>C\u00e9pages Rouges : 80%Touriga Nacional, 10% Pinot Noir, 10% Syrah<\/p>\n<p>Fermenta\u00e7\u00e3o Parcial (30%) em barricas de carvalho frances, 6meses &#8211; Eleg\u00e2ncia e structura, encorpado e final persistente &#8211; 13,5% Alc\/Vol<\/p>\n<p><a href=\"https:\/\/www.olistori.com\/wp-content\/uploads\/2018\/04\/oli-picto-description-courte.png\"><img decoding=\"async\" class=\"size-full wp-image-302 alignleft\" src=\"https:\/\/www.olistori.com\/wp-content\/uploads\/2018\/04\/oli-picto-description-courte.png\" alt=\"\" width=\"29\" height=\"29\" \/>Dicas<\/a> : Ca\u00e7a, feijoada, carne.<\/p>\n<p>Dispon\u00edvel no formato 750ml \/ Caixa de presente de 2 garrafas<\/p>\n","protected":false},"featured_media":7857,"comment_status":"closed","ping_status":"closed","template":"","meta":{"_exactmetrics_skip_tracking":false,"_exactmetrics_sitenote_active":false,"_exactmetrics_sitenote_note":"","_exactmetrics_sitenote_category":0},"product_cat":[170,163],"product_tag":[88],"yoast_head":"<!-- This site is optimized with the Yoast SEO plugin v23.0 - https:\/\/yoast.com\/wordpress\/plugins\/seo\/ -->\n<title>VILLA NOGUEIRA Harvest - Olistori<\/title>\n<meta name=\"robots\" content=\"index, follow, max-snippet:-1, max-image-preview:large, max-video-preview:-1\" \/>\n<link rel=\"canonical\" href=\"https:\/\/www.olistori.com\/pt-pt\/boutique\/villa-nogueira-harvest\/\" \/>\n<meta property=\"og:locale\" content=\"pt_PT\" \/>\n<meta property=\"og:type\" content=\"article\" \/>\n<meta property=\"og:title\" content=\"VILLA NOGUEIRA Harvest - Olistori\" \/>\n<meta property=\"og:description\" content=\"Produ\u00e7\u00e3o regional: \u00d3bidos DOC  Vinho Branco, Os vinhos da Quinta do Porto Nogueira, a oeste de Lisboa, s\u00e3o cultivados com respeito pelo solo, de acordo com pr\u00e1ticas sustent\u00e1veis.  C\u00e9pages Rouges : 80%Touriga Nacional, 10% Pinot Noir, 10% Syrah  Fermenta\u00e7\u00e3o Parcial (30%) em barricas de carvalho frances, 6meses - Eleg\u00e2ncia e structura, encorpado e final persistente - 13,5% Alc\/Vol  Dicas : Ca\u00e7a, feijoada, carne.  Dispon\u00edvel no formato 750ml \/ Caixa de presente de 2 garrafas\" \/>\n<meta property=\"og:url\" content=\"https:\/\/www.olistori.com\/pt-pt\/boutique\/villa-nogueira-harvest\/\" \/>\n<meta property=\"og:site_name\" content=\"Olistori\" \/>\n<meta property=\"article:modified_time\" content=\"2021-01-18T14:00:40+00:00\" \/>\n<meta property=\"og:image\" content=\"https:\/\/www.olistori.com\/wp-content\/uploads\/2020\/11\/villa-nogueira-tinto-1.jpg\" \/>\n\t<meta property=\"og:image:width\" content=\"880\" \/>\n\t<meta property=\"og:image:height\" content=\"1200\" \/>\n\t<meta property=\"og:image:type\" content=\"image\/jpeg\" \/>\n<meta name=\"twitter:card\" content=\"summary_large_image\" \/>\n<meta name=\"twitter:label1\" content=\"Tempo estimado de leitura\" \/>\n\t<meta name=\"twitter:data1\" content=\"2 minutos\" \/>\n<script type=\"application\/ld+json\" class=\"yoast-schema-graph\">{\"@context\":\"https:\/\/schema.org\",\"@graph\":[{\"@type\":\"WebPage\",\"@id\":\"https:\/\/www.olistori.com\/pt-pt\/boutique\/villa-nogueira-harvest\/\",\"url\":\"https:\/\/www.olistori.com\/pt-pt\/boutique\/villa-nogueira-harvest\/\",\"name\":\"VILLA NOGUEIRA Harvest - Olistori\",\"isPartOf\":{\"@id\":\"https:\/\/www.olistori.com\/pt-pt\/#website\"},\"primaryImageOfPage\":{\"@id\":\"https:\/\/www.olistori.com\/pt-pt\/boutique\/villa-nogueira-harvest\/#primaryimage\"},\"image\":{\"@id\":\"https:\/\/www.olistori.com\/pt-pt\/boutique\/villa-nogueira-harvest\/#primaryimage\"},\"thumbnailUrl\":\"https:\/\/www.olistori.com\/wp-content\/uploads\/2020\/11\/villa-nogueira-tinto-1.jpg\",\"datePublished\":\"2020-11-07T15:09:37+00:00\",\"dateModified\":\"2021-01-18T14:00:40+00:00\",\"breadcrumb\":{\"@id\":\"https:\/\/www.olistori.com\/pt-pt\/boutique\/villa-nogueira-harvest\/#breadcrumb\"},\"inLanguage\":\"pt-PT\",\"potentialAction\":[{\"@type\":\"ReadAction\",\"target\":[\"https:\/\/www.olistori.com\/pt-pt\/boutique\/villa-nogueira-harvest\/\"]}]},{\"@type\":\"ImageObject\",\"inLanguage\":\"pt-PT\",\"@id\":\"https:\/\/www.olistori.com\/pt-pt\/boutique\/villa-nogueira-harvest\/#primaryimage\",\"url\":\"https:\/\/www.olistori.com\/wp-content\/uploads\/2020\/11\/villa-nogueira-tinto-1.jpg\",\"contentUrl\":\"https:\/\/www.olistori.com\/wp-content\/uploads\/2020\/11\/villa-nogueira-tinto-1.jpg\",\"width\":880,\"height\":1200},{\"@type\":\"BreadcrumbList\",\"@id\":\"https:\/\/www.olistori.com\/pt-pt\/boutique\/villa-nogueira-harvest\/#breadcrumb\",\"itemListElement\":[{\"@type\":\"ListItem\",\"position\":1,\"name\":\"Accueil\",\"item\":\"https:\/\/www.olistori.com\/pt-pt\/\"},{\"@type\":\"ListItem\",\"position\":2,\"name\":\"Loja\",\"item\":\"https:\/\/www.olistori.com\/pt-pt\/loja\/\"},{\"@type\":\"ListItem\",\"position\":3,\"name\":\"VILLA NOGUEIRA Harvest\"}]},{\"@type\":\"WebSite\",\"@id\":\"https:\/\/www.olistori.com\/pt-pt\/#website\",\"url\":\"https:\/\/www.olistori.com\/pt-pt\/\",\"name\":\"Olistori\",\"description\":\"HUILES D\u2019OLIVE PORTUGAISES S\u00c9LECTIONN\u00c9ES\",\"potentialAction\":[{\"@type\":\"SearchAction\",\"target\":{\"@type\":\"EntryPoint\",\"urlTemplate\":\"https:\/\/www.olistori.com\/pt-pt\/?s={search_term_string}\"},\"query-input\":\"required name=search_term_string\"}],\"inLanguage\":\"pt-PT\"}]}<\/script>\n<!-- \/ Yoast SEO plugin. -->","yoast_head_json":{"title":"VILLA NOGUEIRA Harvest - Olistori","robots":{"index":"index","follow":"follow","max-snippet":"max-snippet:-1","max-image-preview":"max-image-preview:large","max-video-preview":"max-video-preview:-1"},"canonical":"https:\/\/www.olistori.com\/pt-pt\/boutique\/villa-nogueira-harvest\/","og_locale":"pt_PT","og_type":"article","og_title":"VILLA NOGUEIRA Harvest - Olistori","og_description":"Produ\u00e7\u00e3o regional: \u00d3bidos DOC  Vinho Branco, Os vinhos da Quinta do Porto Nogueira, a oeste de Lisboa, s\u00e3o cultivados com respeito pelo solo, de acordo com pr\u00e1ticas sustent\u00e1veis.  C\u00e9pages Rouges : 80%Touriga Nacional, 10% Pinot Noir, 10% Syrah  Fermenta\u00e7\u00e3o Parcial (30%) em barricas de carvalho frances, 6meses - Eleg\u00e2ncia e structura, encorpado e final persistente - 13,5% Alc\/Vol  Dicas : Ca\u00e7a, feijoada, carne.  Dispon\u00edvel no formato 750ml \/ Caixa de presente de 2 garrafas","og_url":"https:\/\/www.olistori.com\/pt-pt\/boutique\/villa-nogueira-harvest\/","og_site_name":"Olistori","article_modified_time":"2021-01-18T14:00:40+00:00","og_image":[{"width":880,"height":1200,"url":"https:\/\/www.olistori.com\/wp-content\/uploads\/2020\/11\/villa-nogueira-tinto-1.jpg","type":"image\/jpeg"}],"twitter_card":"summary_large_image","twitter_misc":{"Tempo estimado de leitura":"2 minutos"},"schema":{"@context":"https:\/\/schema.org","@graph":[{"@type":"WebPage","@id":"https:\/\/www.olistori.com\/pt-pt\/boutique\/villa-nogueira-harvest\/","url":"https:\/\/www.olistori.com\/pt-pt\/boutique\/villa-nogueira-harvest\/","name":"VILLA NOGUEIRA Harvest - Olistori","isPartOf":{"@id":"https:\/\/www.olistori.com\/pt-pt\/#website"},"primaryImageOfPage":{"@id":"https:\/\/www.olistori.com\/pt-pt\/boutique\/villa-nogueira-harvest\/#primaryimage"},"image":{"@id":"https:\/\/www.olistori.com\/pt-pt\/boutique\/villa-nogueira-harvest\/#primaryimage"},"thumbnailUrl":"https:\/\/www.olistori.com\/wp-content\/uploads\/2020\/11\/villa-nogueira-tinto-1.jpg","datePublished":"2020-11-07T15:09:37+00:00","dateModified":"2021-01-18T14:00:40+00:00","breadcrumb":{"@id":"https:\/\/www.olistori.com\/pt-pt\/boutique\/villa-nogueira-harvest\/#breadcrumb"},"inLanguage":"pt-PT","potentialAction":[{"@type":"ReadAction","target":["https:\/\/www.olistori.com\/pt-pt\/boutique\/villa-nogueira-harvest\/"]}]},{"@type":"ImageObject","inLanguage":"pt-PT","@id":"https:\/\/www.olistori.com\/pt-pt\/boutique\/villa-nogueira-harvest\/#primaryimage","url":"https:\/\/www.olistori.com\/wp-content\/uploads\/2020\/11\/villa-nogueira-tinto-1.jpg","contentUrl":"https:\/\/www.olistori.com\/wp-content\/uploads\/2020\/11\/villa-nogueira-tinto-1.jpg","width":880,"height":1200},{"@type":"BreadcrumbList","@id":"https:\/\/www.olistori.com\/pt-pt\/boutique\/villa-nogueira-harvest\/#breadcrumb","itemListElement":[{"@type":"ListItem","position":1,"name":"Accueil","item":"https:\/\/www.olistori.com\/pt-pt\/"},{"@type":"ListItem","position":2,"name":"Loja","item":"https:\/\/www.olistori.com\/pt-pt\/loja\/"},{"@type":"ListItem","position":3,"name":"VILLA NOGUEIRA Harvest"}]},{"@type":"WebSite","@id":"https:\/\/www.olistori.com\/pt-pt\/#website","url":"https:\/\/www.olistori.com\/pt-pt\/","name":"Olistori","description":"HUILES D\u2019OLIVE PORTUGAISES S\u00c9LECTIONN\u00c9ES","potentialAction":[{"@type":"SearchAction","target":{"@type":"EntryPoint","urlTemplate":"https:\/\/www.olistori.com\/pt-pt\/?s={search_term_string}"},"query-input":"required name=search_term_string"}],"inLanguage":"pt-PT"}]}},"_links":{"self":[{"href":"https:\/\/www.olistori.com\/pt-pt\/wp-json\/wp\/v2\/product\/7853"}],"collection":[{"href":"https:\/\/www.olistori.com\/pt-pt\/wp-json\/wp\/v2\/product"}],"about":[{"href":"https:\/\/www.olistori.com\/pt-pt\/wp-json\/wp\/v2\/types\/product"}],"replies":[{"embeddable":true,"href":"https:\/\/www.olistori.com\/pt-pt\/wp-json\/wp\/v2\/comments?post=7853"}],"wp:featuredmedia":[{"embeddable":true,"href":"https:\/\/www.olistori.com\/pt-pt\/wp-json\/wp\/v2\/media\/7857"}],"wp:attachment":[{"href":"https:\/\/www.olistori.com\/pt-pt\/wp-json\/wp\/v2\/media?parent=7853"}],"wp:term":[{"taxonomy":"product_cat","embeddable":true,"href":"https:\/\/www.olistori.com\/pt-pt\/wp-json\/wp\/v2\/product_cat?post=7853"},{"taxonomy":"product_tag","embeddable":true,"href":"https:\/\/www.olistori.com\/pt-pt\/wp-json\/wp\/v2\/product_tag?post=7853"}],"curies":[{"name":"wp","href":"https:\/\/api.w.org\/{rel}","templated":true}]}}