{"id":3123,"date":"2019-05-20T15:44:46","date_gmt":"2019-05-20T13:44:46","guid":{"rendered":"https:\/\/olistori.menestys-consulting.fr\/boutique\/petingas-sardinhas-em-tomate\/"},"modified":"2020-05-12T11:16:33","modified_gmt":"2020-05-12T09:16:33","slug":"petingas-sardinhas-em-tomate","status":"publish","type":"product","link":"https:\/\/www.olistori.com\/pt-pt\/boutique\/petingas-sardinhas-em-tomate\/","title":{"rendered":"petingas SARDINHAS EM TOMATE"},"content":{"rendered":"","protected":false},"excerpt":{"rendered":"<p>Produ\u00e7\u00e3o regional\u00a0: Algarve<\/p>\n<p>Petingas sardinhas em tomate<\/p>\n<p>Produ\u00e7\u00e3o artesanal com produtos frescos e naturais<\/p>\n<p>Dispon\u00edvel em formato 120g.<\/p>\n","protected":false},"featured_media":3018,"comment_status":"closed","ping_status":"closed","template":"","meta":{"_exactmetrics_skip_tracking":false,"_exactmetrics_sitenote_active":false,"_exactmetrics_sitenote_note":"","_exactmetrics_sitenote_category":0},"product_cat":[90,86],"product_tag":[88],"yoast_head":"<!-- This site is optimized with the Yoast SEO plugin v23.0 - https:\/\/yoast.com\/wordpress\/plugins\/seo\/ -->\n<title>petingas SARDINHAS EM TOMATE - Olistori<\/title>\n<meta name=\"robots\" content=\"index, follow, max-snippet:-1, max-image-preview:large, max-video-preview:-1\" \/>\n<link rel=\"canonical\" href=\"https:\/\/www.olistori.com\/pt-pt\/boutique\/petingas-sardinhas-em-tomate\/\" \/>\n<meta property=\"og:locale\" content=\"pt_PT\" \/>\n<meta property=\"og:type\" content=\"article\" \/>\n<meta property=\"og:title\" content=\"petingas SARDINHAS EM TOMATE - Olistori\" \/>\n<meta property=\"og:description\" content=\"Produ\u00e7\u00e3o regional\u00a0: Algarve  Petingas sardinhas em tomate  Produ\u00e7\u00e3o artesanal com produtos frescos e naturais  Dispon\u00edvel em formato 120g.\" \/>\n<meta property=\"og:url\" content=\"https:\/\/www.olistori.com\/pt-pt\/boutique\/petingas-sardinhas-em-tomate\/\" \/>\n<meta property=\"og:site_name\" content=\"Olistori\" \/>\n<meta property=\"article:modified_time\" content=\"2020-05-12T09:16:33+00:00\" \/>\n<meta property=\"og:image\" content=\"https:\/\/www.olistori.com\/wp-content\/uploads\/2019\/05\/PETINGAS-SARDINHAS-EN-TOMATE-1.jpg\" \/>\n\t<meta property=\"og:image:width\" content=\"1512\" \/>\n\t<meta property=\"og:image:height\" content=\"2016\" \/>\n\t<meta property=\"og:image:type\" content=\"image\/jpeg\" \/>\n<meta name=\"twitter:card\" content=\"summary_large_image\" \/>\n<script type=\"application\/ld+json\" class=\"yoast-schema-graph\">{\"@context\":\"https:\/\/schema.org\",\"@graph\":[{\"@type\":\"WebPage\",\"@id\":\"https:\/\/www.olistori.com\/pt-pt\/boutique\/petingas-sardinhas-em-tomate\/\",\"url\":\"https:\/\/www.olistori.com\/pt-pt\/boutique\/petingas-sardinhas-em-tomate\/\",\"name\":\"petingas SARDINHAS EM TOMATE - Olistori\",\"isPartOf\":{\"@id\":\"https:\/\/www.olistori.com\/pt-pt\/#website\"},\"primaryImageOfPage\":{\"@id\":\"https:\/\/www.olistori.com\/pt-pt\/boutique\/petingas-sardinhas-em-tomate\/#primaryimage\"},\"image\":{\"@id\":\"https:\/\/www.olistori.com\/pt-pt\/boutique\/petingas-sardinhas-em-tomate\/#primaryimage\"},\"thumbnailUrl\":\"https:\/\/www.olistori.com\/wp-content\/uploads\/2019\/05\/PETINGAS-SARDINHAS-EN-TOMATE-1.jpg\",\"datePublished\":\"2019-05-20T13:44:46+00:00\",\"dateModified\":\"2020-05-12T09:16:33+00:00\",\"breadcrumb\":{\"@id\":\"https:\/\/www.olistori.com\/pt-pt\/boutique\/petingas-sardinhas-em-tomate\/#breadcrumb\"},\"inLanguage\":\"pt-PT\",\"potentialAction\":[{\"@type\":\"ReadAction\",\"target\":[\"https:\/\/www.olistori.com\/pt-pt\/boutique\/petingas-sardinhas-em-tomate\/\"]}]},{\"@type\":\"ImageObject\",\"inLanguage\":\"pt-PT\",\"@id\":\"https:\/\/www.olistori.com\/pt-pt\/boutique\/petingas-sardinhas-em-tomate\/#primaryimage\",\"url\":\"https:\/\/www.olistori.com\/wp-content\/uploads\/2019\/05\/PETINGAS-SARDINHAS-EN-TOMATE-1.jpg\",\"contentUrl\":\"https:\/\/www.olistori.com\/wp-content\/uploads\/2019\/05\/PETINGAS-SARDINHAS-EN-TOMATE-1.jpg\",\"width\":1512,\"height\":2016},{\"@type\":\"BreadcrumbList\",\"@id\":\"https:\/\/www.olistori.com\/pt-pt\/boutique\/petingas-sardinhas-em-tomate\/#breadcrumb\",\"itemListElement\":[{\"@type\":\"ListItem\",\"position\":1,\"name\":\"Accueil\",\"item\":\"https:\/\/www.olistori.com\/pt-pt\/\"},{\"@type\":\"ListItem\",\"position\":2,\"name\":\"Loja\",\"item\":\"https:\/\/www.olistori.com\/pt-pt\/loja\/\"},{\"@type\":\"ListItem\",\"position\":3,\"name\":\"petingas SARDINHAS EM TOMATE\"}]},{\"@type\":\"WebSite\",\"@id\":\"https:\/\/www.olistori.com\/pt-pt\/#website\",\"url\":\"https:\/\/www.olistori.com\/pt-pt\/\",\"name\":\"Olistori\",\"description\":\"HUILES D\u2019OLIVE PORTUGAISES S\u00c9LECTIONN\u00c9ES\",\"potentialAction\":[{\"@type\":\"SearchAction\",\"target\":{\"@type\":\"EntryPoint\",\"urlTemplate\":\"https:\/\/www.olistori.com\/pt-pt\/?s={search_term_string}\"},\"query-input\":\"required name=search_term_string\"}],\"inLanguage\":\"pt-PT\"}]}<\/script>\n<!-- \/ Yoast SEO plugin. -->","yoast_head_json":{"title":"petingas SARDINHAS EM TOMATE - Olistori","robots":{"index":"index","follow":"follow","max-snippet":"max-snippet:-1","max-image-preview":"max-image-preview:large","max-video-preview":"max-video-preview:-1"},"canonical":"https:\/\/www.olistori.com\/pt-pt\/boutique\/petingas-sardinhas-em-tomate\/","og_locale":"pt_PT","og_type":"article","og_title":"petingas SARDINHAS EM TOMATE - Olistori","og_description":"Produ\u00e7\u00e3o regional\u00a0: Algarve  Petingas sardinhas em tomate  Produ\u00e7\u00e3o artesanal com produtos frescos e naturais  Dispon\u00edvel em formato 120g.","og_url":"https:\/\/www.olistori.com\/pt-pt\/boutique\/petingas-sardinhas-em-tomate\/","og_site_name":"Olistori","article_modified_time":"2020-05-12T09:16:33+00:00","og_image":[{"width":1512,"height":2016,"url":"https:\/\/www.olistori.com\/wp-content\/uploads\/2019\/05\/PETINGAS-SARDINHAS-EN-TOMATE-1.jpg","type":"image\/jpeg"}],"twitter_card":"summary_large_image","schema":{"@context":"https:\/\/schema.org","@graph":[{"@type":"WebPage","@id":"https:\/\/www.olistori.com\/pt-pt\/boutique\/petingas-sardinhas-em-tomate\/","url":"https:\/\/www.olistori.com\/pt-pt\/boutique\/petingas-sardinhas-em-tomate\/","name":"petingas SARDINHAS EM TOMATE - Olistori","isPartOf":{"@id":"https:\/\/www.olistori.com\/pt-pt\/#website"},"primaryImageOfPage":{"@id":"https:\/\/www.olistori.com\/pt-pt\/boutique\/petingas-sardinhas-em-tomate\/#primaryimage"},"image":{"@id":"https:\/\/www.olistori.com\/pt-pt\/boutique\/petingas-sardinhas-em-tomate\/#primaryimage"},"thumbnailUrl":"https:\/\/www.olistori.com\/wp-content\/uploads\/2019\/05\/PETINGAS-SARDINHAS-EN-TOMATE-1.jpg","datePublished":"2019-05-20T13:44:46+00:00","dateModified":"2020-05-12T09:16:33+00:00","breadcrumb":{"@id":"https:\/\/www.olistori.com\/pt-pt\/boutique\/petingas-sardinhas-em-tomate\/#breadcrumb"},"inLanguage":"pt-PT","potentialAction":[{"@type":"ReadAction","target":["https:\/\/www.olistori.com\/pt-pt\/boutique\/petingas-sardinhas-em-tomate\/"]}]},{"@type":"ImageObject","inLanguage":"pt-PT","@id":"https:\/\/www.olistori.com\/pt-pt\/boutique\/petingas-sardinhas-em-tomate\/#primaryimage","url":"https:\/\/www.olistori.com\/wp-content\/uploads\/2019\/05\/PETINGAS-SARDINHAS-EN-TOMATE-1.jpg","contentUrl":"https:\/\/www.olistori.com\/wp-content\/uploads\/2019\/05\/PETINGAS-SARDINHAS-EN-TOMATE-1.jpg","width":1512,"height":2016},{"@type":"BreadcrumbList","@id":"https:\/\/www.olistori.com\/pt-pt\/boutique\/petingas-sardinhas-em-tomate\/#breadcrumb","itemListElement":[{"@type":"ListItem","position":1,"name":"Accueil","item":"https:\/\/www.olistori.com\/pt-pt\/"},{"@type":"ListItem","position":2,"name":"Loja","item":"https:\/\/www.olistori.com\/pt-pt\/loja\/"},{"@type":"ListItem","position":3,"name":"petingas SARDINHAS EM TOMATE"}]},{"@type":"WebSite","@id":"https:\/\/www.olistori.com\/pt-pt\/#website","url":"https:\/\/www.olistori.com\/pt-pt\/","name":"Olistori","description":"HUILES D\u2019OLIVE PORTUGAISES S\u00c9LECTIONN\u00c9ES","potentialAction":[{"@type":"SearchAction","target":{"@type":"EntryPoint","urlTemplate":"https:\/\/www.olistori.com\/pt-pt\/?s={search_term_string}"},"query-input":"required name=search_term_string"}],"inLanguage":"pt-PT"}]}},"_links":{"self":[{"href":"https:\/\/www.olistori.com\/pt-pt\/wp-json\/wp\/v2\/product\/3123"}],"collection":[{"href":"https:\/\/www.olistori.com\/pt-pt\/wp-json\/wp\/v2\/product"}],"about":[{"href":"https:\/\/www.olistori.com\/pt-pt\/wp-json\/wp\/v2\/types\/product"}],"replies":[{"embeddable":true,"href":"https:\/\/www.olistori.com\/pt-pt\/wp-json\/wp\/v2\/comments?post=3123"}],"wp:featuredmedia":[{"embeddable":true,"href":"https:\/\/www.olistori.com\/pt-pt\/wp-json\/wp\/v2\/media\/3018"}],"wp:attachment":[{"href":"https:\/\/www.olistori.com\/pt-pt\/wp-json\/wp\/v2\/media?parent=3123"}],"wp:term":[{"taxonomy":"product_cat","embeddable":true,"href":"https:\/\/www.olistori.com\/pt-pt\/wp-json\/wp\/v2\/product_cat?post=3123"},{"taxonomy":"product_tag","embeddable":true,"href":"https:\/\/www.olistori.com\/pt-pt\/wp-json\/wp\/v2\/product_tag?post=3123"}],"curies":[{"name":"wp","href":"https:\/\/api.w.org\/{rel}","templated":true}]}}