{"id":3119,"date":"2019-06-28T16:56:05","date_gmt":"2019-06-28T14:56:05","guid":{"rendered":"https:\/\/olistori.menestys-consulting.fr\/boutique\/filetes-de-cavala-em-azeite\/"},"modified":"2020-05-12T11:15:40","modified_gmt":"2020-05-12T09:15:40","slug":"filetes-de-cavala-em-azeite","status":"publish","type":"product","link":"https:\/\/www.olistori.com\/pt-pt\/boutique\/filetes-de-cavala-em-azeite\/","title":{"rendered":"FILETES  DE CAVALA EM AZEITE"},"content":{"rendered":"<div class=\"fusion-fullwidth fullwidth-box fusion-builder-row-1 nonhundred-percent-fullwidth non-hundred-percent-height-scrolling\" style=\"--awb-border-radius-top-left:0px;--awb-border-radius-top-right:0px;--awb-border-radius-bottom-right:0px;--awb-border-radius-bottom-left:0px;--awb-flex-wrap:wrap;\" ><div class=\"fusion-builder-row fusion-row\"><\/div><\/div>\n","protected":false},"excerpt":{"rendered":"<p>Production r\u00e9gionale : Algarve<\/p>\n<p>Filetes de cavala em azeite<\/p>\n<p>Produ\u00e7\u00e3o artesanal com produtos frescos e naturais<\/p>\n<p>Production artisanale avec des produits frais et naturels<\/p>\n<p>Dispon\u00edvel em formato 120g.<\/p>\n","protected":false},"featured_media":3064,"comment_status":"closed","ping_status":"closed","template":"","meta":{"_exactmetrics_skip_tracking":false,"_exactmetrics_sitenote_active":false,"_exactmetrics_sitenote_note":"","_exactmetrics_sitenote_category":0},"product_cat":[90,86],"product_tag":[88],"yoast_head":"<!-- This site is optimized with the Yoast SEO plugin v23.0 - https:\/\/yoast.com\/wordpress\/plugins\/seo\/ -->\n<title>FILETES DE CAVALA EM AZEITE - Olistori<\/title>\n<meta name=\"robots\" content=\"index, follow, max-snippet:-1, max-image-preview:large, max-video-preview:-1\" \/>\n<link rel=\"canonical\" href=\"https:\/\/www.olistori.com\/pt-pt\/boutique\/filetes-de-cavala-em-azeite\/\" \/>\n<meta property=\"og:locale\" content=\"pt_PT\" \/>\n<meta property=\"og:type\" content=\"article\" \/>\n<meta property=\"og:title\" content=\"FILETES DE CAVALA EM AZEITE - Olistori\" \/>\n<meta property=\"og:description\" content=\"Production r\u00e9gionale : Algarve  Filetes de cavala em azeite  Produ\u00e7\u00e3o artesanal com produtos frescos e naturais  Production artisanale avec des produits frais et naturels  Dispon\u00edvel em formato 120g.\" \/>\n<meta property=\"og:url\" content=\"https:\/\/www.olistori.com\/pt-pt\/boutique\/filetes-de-cavala-em-azeite\/\" \/>\n<meta property=\"og:site_name\" content=\"Olistori\" \/>\n<meta property=\"article:modified_time\" content=\"2020-05-12T09:15:40+00:00\" \/>\n<meta property=\"og:image\" content=\"https:\/\/www.olistori.com\/wp-content\/uploads\/2019\/06\/CAVALA-EM-AZEITE-1-1.jpg\" \/>\n\t<meta property=\"og:image:width\" content=\"1512\" \/>\n\t<meta property=\"og:image:height\" content=\"2016\" \/>\n\t<meta property=\"og:image:type\" content=\"image\/jpeg\" \/>\n<meta name=\"twitter:card\" content=\"summary_large_image\" \/>\n<script type=\"application\/ld+json\" class=\"yoast-schema-graph\">{\"@context\":\"https:\/\/schema.org\",\"@graph\":[{\"@type\":\"WebPage\",\"@id\":\"https:\/\/www.olistori.com\/pt-pt\/boutique\/filetes-de-cavala-em-azeite\/\",\"url\":\"https:\/\/www.olistori.com\/pt-pt\/boutique\/filetes-de-cavala-em-azeite\/\",\"name\":\"FILETES DE CAVALA EM AZEITE - Olistori\",\"isPartOf\":{\"@id\":\"https:\/\/www.olistori.com\/pt-pt\/#website\"},\"primaryImageOfPage\":{\"@id\":\"https:\/\/www.olistori.com\/pt-pt\/boutique\/filetes-de-cavala-em-azeite\/#primaryimage\"},\"image\":{\"@id\":\"https:\/\/www.olistori.com\/pt-pt\/boutique\/filetes-de-cavala-em-azeite\/#primaryimage\"},\"thumbnailUrl\":\"https:\/\/www.olistori.com\/wp-content\/uploads\/2019\/06\/CAVALA-EM-AZEITE-1-1.jpg\",\"datePublished\":\"2019-06-28T14:56:05+00:00\",\"dateModified\":\"2020-05-12T09:15:40+00:00\",\"breadcrumb\":{\"@id\":\"https:\/\/www.olistori.com\/pt-pt\/boutique\/filetes-de-cavala-em-azeite\/#breadcrumb\"},\"inLanguage\":\"pt-PT\",\"potentialAction\":[{\"@type\":\"ReadAction\",\"target\":[\"https:\/\/www.olistori.com\/pt-pt\/boutique\/filetes-de-cavala-em-azeite\/\"]}]},{\"@type\":\"ImageObject\",\"inLanguage\":\"pt-PT\",\"@id\":\"https:\/\/www.olistori.com\/pt-pt\/boutique\/filetes-de-cavala-em-azeite\/#primaryimage\",\"url\":\"https:\/\/www.olistori.com\/wp-content\/uploads\/2019\/06\/CAVALA-EM-AZEITE-1-1.jpg\",\"contentUrl\":\"https:\/\/www.olistori.com\/wp-content\/uploads\/2019\/06\/CAVALA-EM-AZEITE-1-1.jpg\",\"width\":1512,\"height\":2016},{\"@type\":\"BreadcrumbList\",\"@id\":\"https:\/\/www.olistori.com\/pt-pt\/boutique\/filetes-de-cavala-em-azeite\/#breadcrumb\",\"itemListElement\":[{\"@type\":\"ListItem\",\"position\":1,\"name\":\"Accueil\",\"item\":\"https:\/\/www.olistori.com\/pt-pt\/\"},{\"@type\":\"ListItem\",\"position\":2,\"name\":\"Loja\",\"item\":\"https:\/\/www.olistori.com\/pt-pt\/loja\/\"},{\"@type\":\"ListItem\",\"position\":3,\"name\":\"FILETES DE CAVALA EM AZEITE\"}]},{\"@type\":\"WebSite\",\"@id\":\"https:\/\/www.olistori.com\/pt-pt\/#website\",\"url\":\"https:\/\/www.olistori.com\/pt-pt\/\",\"name\":\"Olistori\",\"description\":\"HUILES D\u2019OLIVE PORTUGAISES S\u00c9LECTIONN\u00c9ES\",\"potentialAction\":[{\"@type\":\"SearchAction\",\"target\":{\"@type\":\"EntryPoint\",\"urlTemplate\":\"https:\/\/www.olistori.com\/pt-pt\/?s={search_term_string}\"},\"query-input\":\"required name=search_term_string\"}],\"inLanguage\":\"pt-PT\"}]}<\/script>\n<!-- \/ Yoast SEO plugin. -->","yoast_head_json":{"title":"FILETES DE CAVALA EM AZEITE - Olistori","robots":{"index":"index","follow":"follow","max-snippet":"max-snippet:-1","max-image-preview":"max-image-preview:large","max-video-preview":"max-video-preview:-1"},"canonical":"https:\/\/www.olistori.com\/pt-pt\/boutique\/filetes-de-cavala-em-azeite\/","og_locale":"pt_PT","og_type":"article","og_title":"FILETES DE CAVALA EM AZEITE - Olistori","og_description":"Production r\u00e9gionale : Algarve  Filetes de cavala em azeite  Produ\u00e7\u00e3o artesanal com produtos frescos e naturais  Production artisanale avec des produits frais et naturels  Dispon\u00edvel em formato 120g.","og_url":"https:\/\/www.olistori.com\/pt-pt\/boutique\/filetes-de-cavala-em-azeite\/","og_site_name":"Olistori","article_modified_time":"2020-05-12T09:15:40+00:00","og_image":[{"width":1512,"height":2016,"url":"https:\/\/www.olistori.com\/wp-content\/uploads\/2019\/06\/CAVALA-EM-AZEITE-1-1.jpg","type":"image\/jpeg"}],"twitter_card":"summary_large_image","schema":{"@context":"https:\/\/schema.org","@graph":[{"@type":"WebPage","@id":"https:\/\/www.olistori.com\/pt-pt\/boutique\/filetes-de-cavala-em-azeite\/","url":"https:\/\/www.olistori.com\/pt-pt\/boutique\/filetes-de-cavala-em-azeite\/","name":"FILETES DE CAVALA EM AZEITE - Olistori","isPartOf":{"@id":"https:\/\/www.olistori.com\/pt-pt\/#website"},"primaryImageOfPage":{"@id":"https:\/\/www.olistori.com\/pt-pt\/boutique\/filetes-de-cavala-em-azeite\/#primaryimage"},"image":{"@id":"https:\/\/www.olistori.com\/pt-pt\/boutique\/filetes-de-cavala-em-azeite\/#primaryimage"},"thumbnailUrl":"https:\/\/www.olistori.com\/wp-content\/uploads\/2019\/06\/CAVALA-EM-AZEITE-1-1.jpg","datePublished":"2019-06-28T14:56:05+00:00","dateModified":"2020-05-12T09:15:40+00:00","breadcrumb":{"@id":"https:\/\/www.olistori.com\/pt-pt\/boutique\/filetes-de-cavala-em-azeite\/#breadcrumb"},"inLanguage":"pt-PT","potentialAction":[{"@type":"ReadAction","target":["https:\/\/www.olistori.com\/pt-pt\/boutique\/filetes-de-cavala-em-azeite\/"]}]},{"@type":"ImageObject","inLanguage":"pt-PT","@id":"https:\/\/www.olistori.com\/pt-pt\/boutique\/filetes-de-cavala-em-azeite\/#primaryimage","url":"https:\/\/www.olistori.com\/wp-content\/uploads\/2019\/06\/CAVALA-EM-AZEITE-1-1.jpg","contentUrl":"https:\/\/www.olistori.com\/wp-content\/uploads\/2019\/06\/CAVALA-EM-AZEITE-1-1.jpg","width":1512,"height":2016},{"@type":"BreadcrumbList","@id":"https:\/\/www.olistori.com\/pt-pt\/boutique\/filetes-de-cavala-em-azeite\/#breadcrumb","itemListElement":[{"@type":"ListItem","position":1,"name":"Accueil","item":"https:\/\/www.olistori.com\/pt-pt\/"},{"@type":"ListItem","position":2,"name":"Loja","item":"https:\/\/www.olistori.com\/pt-pt\/loja\/"},{"@type":"ListItem","position":3,"name":"FILETES DE CAVALA EM AZEITE"}]},{"@type":"WebSite","@id":"https:\/\/www.olistori.com\/pt-pt\/#website","url":"https:\/\/www.olistori.com\/pt-pt\/","name":"Olistori","description":"HUILES D\u2019OLIVE PORTUGAISES S\u00c9LECTIONN\u00c9ES","potentialAction":[{"@type":"SearchAction","target":{"@type":"EntryPoint","urlTemplate":"https:\/\/www.olistori.com\/pt-pt\/?s={search_term_string}"},"query-input":"required name=search_term_string"}],"inLanguage":"pt-PT"}]}},"_links":{"self":[{"href":"https:\/\/www.olistori.com\/pt-pt\/wp-json\/wp\/v2\/product\/3119"}],"collection":[{"href":"https:\/\/www.olistori.com\/pt-pt\/wp-json\/wp\/v2\/product"}],"about":[{"href":"https:\/\/www.olistori.com\/pt-pt\/wp-json\/wp\/v2\/types\/product"}],"replies":[{"embeddable":true,"href":"https:\/\/www.olistori.com\/pt-pt\/wp-json\/wp\/v2\/comments?post=3119"}],"wp:featuredmedia":[{"embeddable":true,"href":"https:\/\/www.olistori.com\/pt-pt\/wp-json\/wp\/v2\/media\/3064"}],"wp:attachment":[{"href":"https:\/\/www.olistori.com\/pt-pt\/wp-json\/wp\/v2\/media?parent=3119"}],"wp:term":[{"taxonomy":"product_cat","embeddable":true,"href":"https:\/\/www.olistori.com\/pt-pt\/wp-json\/wp\/v2\/product_cat?post=3119"},{"taxonomy":"product_tag","embeddable":true,"href":"https:\/\/www.olistori.com\/pt-pt\/wp-json\/wp\/v2\/product_tag?post=3119"}],"curies":[{"name":"wp","href":"https:\/\/api.w.org\/{rel}","templated":true}]}}