{"id":1772,"date":"2018-06-12T15:45:16","date_gmt":"2018-06-12T13:45:16","guid":{"rendered":"https:\/\/olistori.menestys-consulting.fr\/boutique\/creme-de-balsamique-au-gingembre\/"},"modified":"2021-12-16T19:29:41","modified_gmt":"2021-12-16T18:29:41","slug":"creme-de-balsamique-au-gingembre","status":"publish","type":"product","link":"https:\/\/www.olistori.com\/pt-pt\/boutique\/creme-de-balsamique-au-gingembre\/","title":{"rendered":"Cr\u00e8me de Balsamique au Gingembre"},"content":{"rendered":"","protected":false},"excerpt":{"rendered":"<p>Produ\u00e7\u00e3o regional:Lisboa<\/p>\n<p>Condimento bals\u00e2mico de Modena com gengibre fresco -com final picante na boca &#8211; Sem corantes artificiais ou sabores.<\/p>\n<p><a href=\"https:\/\/www.olistori.com\/wp-content\/uploads\/2018\/04\/oli-picto-description-courte.png\"><img decoding=\"async\" class=\"size-full wp-image-302 alignleft\" src=\"https:\/\/www.olistori.com\/wp-content\/uploads\/2018\/04\/oli-picto-description-courte.png\" alt=\"\" width=\"29\" height=\"29\" \/><\/a>Dicas: Para sublimar os seus pratos e sobremesas com delicadeza, por exemplo 1- marinadas de carne 2-queijo fresco de cabra o ovelha 3-salada de fruta<\/p>\n<p>Dispon\u00edvel no formato 150ml.<\/p>\n","protected":false},"featured_media":12411,"comment_status":"closed","ping_status":"closed","template":"","meta":{"_exactmetrics_skip_tracking":false,"_exactmetrics_sitenote_active":false,"_exactmetrics_sitenote_note":"","_exactmetrics_sitenote_category":0},"product_cat":[154,86],"product_tag":[],"yoast_head":"<!-- This site is optimized with the Yoast SEO plugin v23.0 - https:\/\/yoast.com\/wordpress\/plugins\/seo\/ -->\n<title>Cr\u00e8me de Balsamique au Gingembre - Olistori<\/title>\n<meta name=\"robots\" content=\"index, follow, max-snippet:-1, max-image-preview:large, max-video-preview:-1\" \/>\n<link rel=\"canonical\" href=\"https:\/\/www.olistori.com\/pt-pt\/boutique\/creme-de-balsamique-au-gingembre\/\" \/>\n<meta property=\"og:locale\" content=\"pt_PT\" \/>\n<meta property=\"og:type\" content=\"article\" \/>\n<meta property=\"og:title\" content=\"Cr\u00e8me de Balsamique au Gingembre - Olistori\" \/>\n<meta property=\"og:description\" content=\"Produ\u00e7\u00e3o regional:Lisboa  Condimento bals\u00e2mico de Modena com gengibre fresco -com final picante na boca - Sem corantes artificiais ou sabores.  Dicas: Para sublimar os seus pratos e sobremesas com delicadeza, por exemplo 1- marinadas de carne 2-queijo fresco de cabra o ovelha 3-salada de fruta  Dispon\u00edvel no formato 150ml.\" \/>\n<meta property=\"og:url\" content=\"https:\/\/www.olistori.com\/pt-pt\/boutique\/creme-de-balsamique-au-gingembre\/\" \/>\n<meta property=\"og:site_name\" content=\"Olistori\" \/>\n<meta property=\"article:modified_time\" content=\"2021-12-16T18:29:41+00:00\" \/>\n<meta property=\"og:image\" content=\"https:\/\/www.olistori.com\/wp-content\/uploads\/2018\/06\/CB-gingembre.png\" \/>\n\t<meta property=\"og:image:width\" content=\"590\" \/>\n\t<meta property=\"og:image:height\" content=\"761\" \/>\n\t<meta property=\"og:image:type\" content=\"image\/png\" \/>\n<meta name=\"twitter:card\" content=\"summary_large_image\" \/>\n<script type=\"application\/ld+json\" class=\"yoast-schema-graph\">{\"@context\":\"https:\/\/schema.org\",\"@graph\":[{\"@type\":\"WebPage\",\"@id\":\"https:\/\/www.olistori.com\/pt-pt\/boutique\/creme-de-balsamique-au-gingembre\/\",\"url\":\"https:\/\/www.olistori.com\/pt-pt\/boutique\/creme-de-balsamique-au-gingembre\/\",\"name\":\"Cr\u00e8me de Balsamique au Gingembre - Olistori\",\"isPartOf\":{\"@id\":\"https:\/\/www.olistori.com\/pt-pt\/#website\"},\"primaryImageOfPage\":{\"@id\":\"https:\/\/www.olistori.com\/pt-pt\/boutique\/creme-de-balsamique-au-gingembre\/#primaryimage\"},\"image\":{\"@id\":\"https:\/\/www.olistori.com\/pt-pt\/boutique\/creme-de-balsamique-au-gingembre\/#primaryimage\"},\"thumbnailUrl\":\"https:\/\/www.olistori.com\/wp-content\/uploads\/2018\/06\/CB-gingembre.png\",\"datePublished\":\"2018-06-12T13:45:16+00:00\",\"dateModified\":\"2021-12-16T18:29:41+00:00\",\"breadcrumb\":{\"@id\":\"https:\/\/www.olistori.com\/pt-pt\/boutique\/creme-de-balsamique-au-gingembre\/#breadcrumb\"},\"inLanguage\":\"pt-PT\",\"potentialAction\":[{\"@type\":\"ReadAction\",\"target\":[\"https:\/\/www.olistori.com\/pt-pt\/boutique\/creme-de-balsamique-au-gingembre\/\"]}]},{\"@type\":\"ImageObject\",\"inLanguage\":\"pt-PT\",\"@id\":\"https:\/\/www.olistori.com\/pt-pt\/boutique\/creme-de-balsamique-au-gingembre\/#primaryimage\",\"url\":\"https:\/\/www.olistori.com\/wp-content\/uploads\/2018\/06\/CB-gingembre.png\",\"contentUrl\":\"https:\/\/www.olistori.com\/wp-content\/uploads\/2018\/06\/CB-gingembre.png\",\"width\":590,\"height\":761},{\"@type\":\"BreadcrumbList\",\"@id\":\"https:\/\/www.olistori.com\/pt-pt\/boutique\/creme-de-balsamique-au-gingembre\/#breadcrumb\",\"itemListElement\":[{\"@type\":\"ListItem\",\"position\":1,\"name\":\"Accueil\",\"item\":\"https:\/\/www.olistori.com\/pt-pt\/\"},{\"@type\":\"ListItem\",\"position\":2,\"name\":\"Loja\",\"item\":\"https:\/\/www.olistori.com\/pt-pt\/loja\/\"},{\"@type\":\"ListItem\",\"position\":3,\"name\":\"Cr\u00e8me de Balsamique au Gingembre\"}]},{\"@type\":\"WebSite\",\"@id\":\"https:\/\/www.olistori.com\/pt-pt\/#website\",\"url\":\"https:\/\/www.olistori.com\/pt-pt\/\",\"name\":\"Olistori\",\"description\":\"HUILES D\u2019OLIVE PORTUGAISES S\u00c9LECTIONN\u00c9ES\",\"potentialAction\":[{\"@type\":\"SearchAction\",\"target\":{\"@type\":\"EntryPoint\",\"urlTemplate\":\"https:\/\/www.olistori.com\/pt-pt\/?s={search_term_string}\"},\"query-input\":\"required name=search_term_string\"}],\"inLanguage\":\"pt-PT\"}]}<\/script>\n<!-- \/ Yoast SEO plugin. -->","yoast_head_json":{"title":"Cr\u00e8me de Balsamique au Gingembre - Olistori","robots":{"index":"index","follow":"follow","max-snippet":"max-snippet:-1","max-image-preview":"max-image-preview:large","max-video-preview":"max-video-preview:-1"},"canonical":"https:\/\/www.olistori.com\/pt-pt\/boutique\/creme-de-balsamique-au-gingembre\/","og_locale":"pt_PT","og_type":"article","og_title":"Cr\u00e8me de Balsamique au Gingembre - Olistori","og_description":"Produ\u00e7\u00e3o regional:Lisboa  Condimento bals\u00e2mico de Modena com gengibre fresco -com final picante na boca - Sem corantes artificiais ou sabores.  Dicas: Para sublimar os seus pratos e sobremesas com delicadeza, por exemplo 1- marinadas de carne 2-queijo fresco de cabra o ovelha 3-salada de fruta  Dispon\u00edvel no formato 150ml.","og_url":"https:\/\/www.olistori.com\/pt-pt\/boutique\/creme-de-balsamique-au-gingembre\/","og_site_name":"Olistori","article_modified_time":"2021-12-16T18:29:41+00:00","og_image":[{"width":590,"height":761,"url":"https:\/\/www.olistori.com\/wp-content\/uploads\/2018\/06\/CB-gingembre.png","type":"image\/png"}],"twitter_card":"summary_large_image","schema":{"@context":"https:\/\/schema.org","@graph":[{"@type":"WebPage","@id":"https:\/\/www.olistori.com\/pt-pt\/boutique\/creme-de-balsamique-au-gingembre\/","url":"https:\/\/www.olistori.com\/pt-pt\/boutique\/creme-de-balsamique-au-gingembre\/","name":"Cr\u00e8me de Balsamique au Gingembre - Olistori","isPartOf":{"@id":"https:\/\/www.olistori.com\/pt-pt\/#website"},"primaryImageOfPage":{"@id":"https:\/\/www.olistori.com\/pt-pt\/boutique\/creme-de-balsamique-au-gingembre\/#primaryimage"},"image":{"@id":"https:\/\/www.olistori.com\/pt-pt\/boutique\/creme-de-balsamique-au-gingembre\/#primaryimage"},"thumbnailUrl":"https:\/\/www.olistori.com\/wp-content\/uploads\/2018\/06\/CB-gingembre.png","datePublished":"2018-06-12T13:45:16+00:00","dateModified":"2021-12-16T18:29:41+00:00","breadcrumb":{"@id":"https:\/\/www.olistori.com\/pt-pt\/boutique\/creme-de-balsamique-au-gingembre\/#breadcrumb"},"inLanguage":"pt-PT","potentialAction":[{"@type":"ReadAction","target":["https:\/\/www.olistori.com\/pt-pt\/boutique\/creme-de-balsamique-au-gingembre\/"]}]},{"@type":"ImageObject","inLanguage":"pt-PT","@id":"https:\/\/www.olistori.com\/pt-pt\/boutique\/creme-de-balsamique-au-gingembre\/#primaryimage","url":"https:\/\/www.olistori.com\/wp-content\/uploads\/2018\/06\/CB-gingembre.png","contentUrl":"https:\/\/www.olistori.com\/wp-content\/uploads\/2018\/06\/CB-gingembre.png","width":590,"height":761},{"@type":"BreadcrumbList","@id":"https:\/\/www.olistori.com\/pt-pt\/boutique\/creme-de-balsamique-au-gingembre\/#breadcrumb","itemListElement":[{"@type":"ListItem","position":1,"name":"Accueil","item":"https:\/\/www.olistori.com\/pt-pt\/"},{"@type":"ListItem","position":2,"name":"Loja","item":"https:\/\/www.olistori.com\/pt-pt\/loja\/"},{"@type":"ListItem","position":3,"name":"Cr\u00e8me de Balsamique au Gingembre"}]},{"@type":"WebSite","@id":"https:\/\/www.olistori.com\/pt-pt\/#website","url":"https:\/\/www.olistori.com\/pt-pt\/","name":"Olistori","description":"HUILES D\u2019OLIVE PORTUGAISES S\u00c9LECTIONN\u00c9ES","potentialAction":[{"@type":"SearchAction","target":{"@type":"EntryPoint","urlTemplate":"https:\/\/www.olistori.com\/pt-pt\/?s={search_term_string}"},"query-input":"required name=search_term_string"}],"inLanguage":"pt-PT"}]}},"_links":{"self":[{"href":"https:\/\/www.olistori.com\/pt-pt\/wp-json\/wp\/v2\/product\/1772"}],"collection":[{"href":"https:\/\/www.olistori.com\/pt-pt\/wp-json\/wp\/v2\/product"}],"about":[{"href":"https:\/\/www.olistori.com\/pt-pt\/wp-json\/wp\/v2\/types\/product"}],"replies":[{"embeddable":true,"href":"https:\/\/www.olistori.com\/pt-pt\/wp-json\/wp\/v2\/comments?post=1772"}],"wp:featuredmedia":[{"embeddable":true,"href":"https:\/\/www.olistori.com\/pt-pt\/wp-json\/wp\/v2\/media\/12411"}],"wp:attachment":[{"href":"https:\/\/www.olistori.com\/pt-pt\/wp-json\/wp\/v2\/media?parent=1772"}],"wp:term":[{"taxonomy":"product_cat","embeddable":true,"href":"https:\/\/www.olistori.com\/pt-pt\/wp-json\/wp\/v2\/product_cat?post=1772"},{"taxonomy":"product_tag","embeddable":true,"href":"https:\/\/www.olistori.com\/pt-pt\/wp-json\/wp\/v2\/product_tag?post=1772"}],"curies":[{"name":"wp","href":"https:\/\/api.w.org\/{rel}","templated":true}]}}