{"id":1761,"date":"2018-06-27T23:16:58","date_gmt":"2018-06-27T21:16:58","guid":{"rendered":"https:\/\/olistori.menestys-consulting.fr\/boutique\/olmais\/"},"modified":"2021-02-07T08:34:36","modified_gmt":"2021-02-07T07:34:36","slug":"pagina","status":"publish","type":"product","link":"https:\/\/www.olistori.com\/pt-pt\/boutique\/pagina\/","title":{"rendered":"P\u00c1GINA Encruzado 2018"},"content":{"rendered":"<div class=\"fusion-fullwidth fullwidth-box fusion-builder-row-1 nonhundred-percent-fullwidth non-hundred-percent-height-scrolling\" style=\"--awb-border-radius-top-left:0px;--awb-border-radius-top-right:0px;--awb-border-radius-bottom-right:0px;--awb-border-radius-bottom-left:0px;--awb-flex-wrap:wrap;\" ><div class=\"fusion-builder-row fusion-row\"><div class=\"fusion-layout-column fusion_builder_column fusion-builder-column-0 fusion_builder_column_1_1 1_1 fusion-one-full fusion-column-first fusion-column-last\" style=\"--awb-bg-size:cover;--awb-margin-bottom:0px;\"><div class=\"fusion-column-wrapper fusion-flex-column-wrapper-legacy\"><div class=\"fusion-text fusion-text-1 oli-text-description\"><p>Cor Citrina. Aromas de frutos de polpa amarela, com notas de mel e ligeiramente tostada.<\/p>\n<\/div><div class=\"fusion-text fusion-text-2 oli-text-description\"><p>Excelente equil\u00edbrio e boa acidez, onctuoso na boca com um final muito harmonioso.<\/p>\n<\/div><div class=\"fusion-sep-clear\"><\/div><div class=\"fusion-separator fusion-full-width-sep\" style=\"margin-left: auto;margin-right: auto;margin-top:10px;margin-bottom:10px;width:100%;\"><\/div><div class=\"fusion-sep-clear\"><\/div><div class=\"fusion-progressbar fusion-progressbar-text-on-bar oli-progressbar\" style=\"--awb-textcolor:#6b6a4b;--awb-height:20px;--awb-filledcolor:#baac28;--awb-unfilledcolor:#f0f0ed;\"><div class=\"fusion-progressbar-bar progress-bar\"><div class=\"progress progress-bar-content\" style=\"width:0%;\" role=\"progressbar\" aria-labelledby=\"awb-progressbar-label-1\" aria-valuemin=\"0\" aria-valuemax=\"100\" aria-valuenow=\"20\"><\/div><\/div> <span class=\"progress-title\"><span class=\"fusion-progressbar-text\" id=\"awb-progressbar-label-1\">INTENSIDADE<\/span> <\/span><\/div><div class=\"fusion-progressbar fusion-progressbar-text-on-bar oli-progressbar\" style=\"--awb-textcolor:#6b6a4b;--awb-height:20px;--awb-filledcolor:#baac28;--awb-unfilledcolor:#f0f0ed;\"><div class=\"fusion-progressbar-bar progress-bar\"><div class=\"progress progress-bar-content\" style=\"width:0%;\" role=\"progressbar\" aria-labelledby=\"awb-progressbar-label-2\" aria-valuemin=\"0\" aria-valuemax=\"100\" aria-valuenow=\"60\"><\/div><\/div> <span class=\"progress-title\" style=\"right: calc(15px + 40%);\"><span class=\"fusion-progressbar-text\" id=\"awb-progressbar-label-2\">FRUTADO VERDE<\/span> <\/span><\/div><div class=\"fusion-progressbar fusion-progressbar-text-on-bar oli-progressbar\" style=\"--awb-textcolor:#6b6a4b;--awb-height:20px;--awb-filledcolor:#baac28;--awb-unfilledcolor:#f0f0ed;\"><div class=\"fusion-progressbar-bar progress-bar\"><div class=\"progress progress-bar-content\" style=\"width:0%;\" role=\"progressbar\" aria-labelledby=\"awb-progressbar-label-3\" aria-valuemin=\"0\" aria-valuemax=\"100\" aria-valuenow=\"50\"><\/div><\/div> <span class=\"progress-title\" style=\"right: calc(15px + 50%);\"><span class=\"fusion-progressbar-text\" id=\"awb-progressbar-label-3\">FRUTADO MADURO<\/span> <\/span><\/div><div class=\"fusion-progressbar fusion-progressbar-text-on-bar oli-progressbar\" style=\"--awb-textcolor:#6b6a4b;--awb-height:20px;--awb-filledcolor:#baac28;--awb-unfilledcolor:#f0f0ed;\"><div class=\"fusion-progressbar-bar progress-bar\"><div class=\"progress progress-bar-content\" style=\"width:0%;\" role=\"progressbar\" aria-labelledby=\"awb-progressbar-label-4\" aria-valuemin=\"0\" aria-valuemax=\"100\" aria-valuenow=\"60\"><\/div><\/div> <span class=\"progress-title\" style=\"right: calc(15px + 40%);\"><span class=\"fusion-progressbar-text\" id=\"awb-progressbar-label-4\">PICANTE<\/span> <\/span><\/div><div class=\"fusion-progressbar fusion-progressbar-text-on-bar oli-progressbar\" style=\"--awb-textcolor:#6b6a4b;--awb-height:20px;--awb-filledcolor:#baac28;--awb-unfilledcolor:#f0f0ed;\"><div class=\"fusion-progressbar-bar progress-bar\"><div class=\"progress progress-bar-content\" style=\"width:0%;\" role=\"progressbar\" aria-labelledby=\"awb-progressbar-label-5\" aria-valuemin=\"0\" aria-valuemax=\"100\" aria-valuenow=\"65\"><\/div><\/div> <span class=\"progress-title\" style=\"right: calc(15px + 35%);\"><span class=\"fusion-progressbar-text\" id=\"awb-progressbar-label-5\">PERSIST\u00caNCIA<\/span> <\/span><\/div><div class=\"fusion-clearfix\"><\/div><\/div><\/div><\/div><\/div>\n","protected":false},"excerpt":{"rendered":"<p>Produ\u00e7\u00e3o regional: \u00d3bidos DOC<\/p>\n<p>Vinho Branco, Os vinhos da Quinta do Porto Nogueira, a oeste de Lisboa, s\u00e3o cultivados com respeito pelo solo, de acordo com pr\u00e1ticas sustent\u00e1veis.<\/p>\n<p><strong>Encruzado<\/strong> &#8211;\u00a0 Fermenta\u00e7\u00e3o Parcial em barricas de carvalho frances &#8211; Equilibro e eleg\u00e2ncia na boca.<\/p>\n<p><a href=\"https:\/\/www.olistori.com\/wp-content\/uploads\/2018\/04\/oli-picto-description-courte.png\"><img decoding=\"async\" class=\"size-full wp-image-302 alignleft\" src=\"https:\/\/www.olistori.com\/wp-content\/uploads\/2018\/04\/oli-picto-description-courte.png\" alt=\"\" width=\"29\" height=\"29\" \/>Dicas<\/a> : Peixe, Marisco e Aves.<\/p>\n<p>Dispon\u00edvel no formato 750ml \/ Caixa de presente para 2 garrafas<\/p>\n","protected":false},"featured_media":7841,"comment_status":"closed","ping_status":"closed","template":"","meta":{"_exactmetrics_skip_tracking":false,"_exactmetrics_sitenote_active":false,"_exactmetrics_sitenote_note":"","_exactmetrics_sitenote_category":0},"product_cat":[170,163],"product_tag":[88],"yoast_head":"<!-- This site is optimized with the Yoast SEO plugin v23.0 - https:\/\/yoast.com\/wordpress\/plugins\/seo\/ -->\n<title>P\u00c1GINA Encruzado 2018 - Olistori<\/title>\n<meta name=\"robots\" content=\"index, follow, max-snippet:-1, max-image-preview:large, max-video-preview:-1\" \/>\n<link rel=\"canonical\" href=\"https:\/\/www.olistori.com\/pt-pt\/boutique\/pagina\/\" \/>\n<meta property=\"og:locale\" content=\"pt_PT\" \/>\n<meta property=\"og:type\" content=\"article\" \/>\n<meta property=\"og:title\" content=\"P\u00c1GINA Encruzado 2018 - Olistori\" \/>\n<meta property=\"og:description\" content=\"Produ\u00e7\u00e3o regional: \u00d3bidos DOC  Vinho Branco, Os vinhos da Quinta do Porto Nogueira, a oeste de Lisboa, s\u00e3o cultivados com respeito pelo solo, de acordo com pr\u00e1ticas sustent\u00e1veis.  Encruzado -\u00a0 Fermenta\u00e7\u00e3o Parcial em barricas de carvalho frances - Equilibro e eleg\u00e2ncia na boca.  Dicas : Peixe, Marisco e Aves.  Dispon\u00edvel no formato 750ml \/ Caixa de presente para 2 garrafas\" \/>\n<meta property=\"og:url\" content=\"https:\/\/www.olistori.com\/pt-pt\/boutique\/pagina\/\" \/>\n<meta property=\"og:site_name\" content=\"Olistori\" \/>\n<meta property=\"article:modified_time\" content=\"2021-02-07T07:34:36+00:00\" \/>\n<meta property=\"og:image\" content=\"https:\/\/www.olistori.com\/wp-content\/uploads\/2018\/06\/PAGINA-ENCRUZADO.png\" \/>\n\t<meta property=\"og:image:width\" content=\"570\" \/>\n\t<meta property=\"og:image:height\" content=\"765\" \/>\n\t<meta property=\"og:image:type\" content=\"image\/png\" \/>\n<meta name=\"twitter:card\" content=\"summary_large_image\" \/>\n<meta name=\"twitter:label1\" content=\"Tempo estimado de leitura\" \/>\n\t<meta name=\"twitter:data1\" content=\"2 minutos\" \/>\n<script type=\"application\/ld+json\" class=\"yoast-schema-graph\">{\"@context\":\"https:\/\/schema.org\",\"@graph\":[{\"@type\":\"WebPage\",\"@id\":\"https:\/\/www.olistori.com\/pt-pt\/boutique\/pagina\/\",\"url\":\"https:\/\/www.olistori.com\/pt-pt\/boutique\/pagina\/\",\"name\":\"P\u00c1GINA Encruzado 2018 - Olistori\",\"isPartOf\":{\"@id\":\"https:\/\/www.olistori.com\/pt-pt\/#website\"},\"primaryImageOfPage\":{\"@id\":\"https:\/\/www.olistori.com\/pt-pt\/boutique\/pagina\/#primaryimage\"},\"image\":{\"@id\":\"https:\/\/www.olistori.com\/pt-pt\/boutique\/pagina\/#primaryimage\"},\"thumbnailUrl\":\"https:\/\/www.olistori.com\/wp-content\/uploads\/2018\/06\/PAGINA-ENCRUZADO.png\",\"datePublished\":\"2018-06-27T21:16:58+00:00\",\"dateModified\":\"2021-02-07T07:34:36+00:00\",\"breadcrumb\":{\"@id\":\"https:\/\/www.olistori.com\/pt-pt\/boutique\/pagina\/#breadcrumb\"},\"inLanguage\":\"pt-PT\",\"potentialAction\":[{\"@type\":\"ReadAction\",\"target\":[\"https:\/\/www.olistori.com\/pt-pt\/boutique\/pagina\/\"]}]},{\"@type\":\"ImageObject\",\"inLanguage\":\"pt-PT\",\"@id\":\"https:\/\/www.olistori.com\/pt-pt\/boutique\/pagina\/#primaryimage\",\"url\":\"https:\/\/www.olistori.com\/wp-content\/uploads\/2018\/06\/PAGINA-ENCRUZADO.png\",\"contentUrl\":\"https:\/\/www.olistori.com\/wp-content\/uploads\/2018\/06\/PAGINA-ENCRUZADO.png\",\"width\":570,\"height\":765},{\"@type\":\"BreadcrumbList\",\"@id\":\"https:\/\/www.olistori.com\/pt-pt\/boutique\/pagina\/#breadcrumb\",\"itemListElement\":[{\"@type\":\"ListItem\",\"position\":1,\"name\":\"Accueil\",\"item\":\"https:\/\/www.olistori.com\/pt-pt\/\"},{\"@type\":\"ListItem\",\"position\":2,\"name\":\"Loja\",\"item\":\"https:\/\/www.olistori.com\/pt-pt\/loja\/\"},{\"@type\":\"ListItem\",\"position\":3,\"name\":\"P\u00c1GINA Encruzado 2018\"}]},{\"@type\":\"WebSite\",\"@id\":\"https:\/\/www.olistori.com\/pt-pt\/#website\",\"url\":\"https:\/\/www.olistori.com\/pt-pt\/\",\"name\":\"Olistori\",\"description\":\"HUILES D\u2019OLIVE PORTUGAISES S\u00c9LECTIONN\u00c9ES\",\"potentialAction\":[{\"@type\":\"SearchAction\",\"target\":{\"@type\":\"EntryPoint\",\"urlTemplate\":\"https:\/\/www.olistori.com\/pt-pt\/?s={search_term_string}\"},\"query-input\":\"required name=search_term_string\"}],\"inLanguage\":\"pt-PT\"}]}<\/script>\n<!-- \/ Yoast SEO plugin. -->","yoast_head_json":{"title":"P\u00c1GINA Encruzado 2018 - Olistori","robots":{"index":"index","follow":"follow","max-snippet":"max-snippet:-1","max-image-preview":"max-image-preview:large","max-video-preview":"max-video-preview:-1"},"canonical":"https:\/\/www.olistori.com\/pt-pt\/boutique\/pagina\/","og_locale":"pt_PT","og_type":"article","og_title":"P\u00c1GINA Encruzado 2018 - Olistori","og_description":"Produ\u00e7\u00e3o regional: \u00d3bidos DOC  Vinho Branco, Os vinhos da Quinta do Porto Nogueira, a oeste de Lisboa, s\u00e3o cultivados com respeito pelo solo, de acordo com pr\u00e1ticas sustent\u00e1veis.  Encruzado -\u00a0 Fermenta\u00e7\u00e3o Parcial em barricas de carvalho frances - Equilibro e eleg\u00e2ncia na boca.  Dicas : Peixe, Marisco e Aves.  Dispon\u00edvel no formato 750ml \/ Caixa de presente para 2 garrafas","og_url":"https:\/\/www.olistori.com\/pt-pt\/boutique\/pagina\/","og_site_name":"Olistori","article_modified_time":"2021-02-07T07:34:36+00:00","og_image":[{"width":570,"height":765,"url":"https:\/\/www.olistori.com\/wp-content\/uploads\/2018\/06\/PAGINA-ENCRUZADO.png","type":"image\/png"}],"twitter_card":"summary_large_image","twitter_misc":{"Tempo estimado de leitura":"2 minutos"},"schema":{"@context":"https:\/\/schema.org","@graph":[{"@type":"WebPage","@id":"https:\/\/www.olistori.com\/pt-pt\/boutique\/pagina\/","url":"https:\/\/www.olistori.com\/pt-pt\/boutique\/pagina\/","name":"P\u00c1GINA Encruzado 2018 - Olistori","isPartOf":{"@id":"https:\/\/www.olistori.com\/pt-pt\/#website"},"primaryImageOfPage":{"@id":"https:\/\/www.olistori.com\/pt-pt\/boutique\/pagina\/#primaryimage"},"image":{"@id":"https:\/\/www.olistori.com\/pt-pt\/boutique\/pagina\/#primaryimage"},"thumbnailUrl":"https:\/\/www.olistori.com\/wp-content\/uploads\/2018\/06\/PAGINA-ENCRUZADO.png","datePublished":"2018-06-27T21:16:58+00:00","dateModified":"2021-02-07T07:34:36+00:00","breadcrumb":{"@id":"https:\/\/www.olistori.com\/pt-pt\/boutique\/pagina\/#breadcrumb"},"inLanguage":"pt-PT","potentialAction":[{"@type":"ReadAction","target":["https:\/\/www.olistori.com\/pt-pt\/boutique\/pagina\/"]}]},{"@type":"ImageObject","inLanguage":"pt-PT","@id":"https:\/\/www.olistori.com\/pt-pt\/boutique\/pagina\/#primaryimage","url":"https:\/\/www.olistori.com\/wp-content\/uploads\/2018\/06\/PAGINA-ENCRUZADO.png","contentUrl":"https:\/\/www.olistori.com\/wp-content\/uploads\/2018\/06\/PAGINA-ENCRUZADO.png","width":570,"height":765},{"@type":"BreadcrumbList","@id":"https:\/\/www.olistori.com\/pt-pt\/boutique\/pagina\/#breadcrumb","itemListElement":[{"@type":"ListItem","position":1,"name":"Accueil","item":"https:\/\/www.olistori.com\/pt-pt\/"},{"@type":"ListItem","position":2,"name":"Loja","item":"https:\/\/www.olistori.com\/pt-pt\/loja\/"},{"@type":"ListItem","position":3,"name":"P\u00c1GINA Encruzado 2018"}]},{"@type":"WebSite","@id":"https:\/\/www.olistori.com\/pt-pt\/#website","url":"https:\/\/www.olistori.com\/pt-pt\/","name":"Olistori","description":"HUILES D\u2019OLIVE PORTUGAISES S\u00c9LECTIONN\u00c9ES","potentialAction":[{"@type":"SearchAction","target":{"@type":"EntryPoint","urlTemplate":"https:\/\/www.olistori.com\/pt-pt\/?s={search_term_string}"},"query-input":"required name=search_term_string"}],"inLanguage":"pt-PT"}]}},"_links":{"self":[{"href":"https:\/\/www.olistori.com\/pt-pt\/wp-json\/wp\/v2\/product\/1761"}],"collection":[{"href":"https:\/\/www.olistori.com\/pt-pt\/wp-json\/wp\/v2\/product"}],"about":[{"href":"https:\/\/www.olistori.com\/pt-pt\/wp-json\/wp\/v2\/types\/product"}],"replies":[{"embeddable":true,"href":"https:\/\/www.olistori.com\/pt-pt\/wp-json\/wp\/v2\/comments?post=1761"}],"wp:featuredmedia":[{"embeddable":true,"href":"https:\/\/www.olistori.com\/pt-pt\/wp-json\/wp\/v2\/media\/7841"}],"wp:attachment":[{"href":"https:\/\/www.olistori.com\/pt-pt\/wp-json\/wp\/v2\/media?parent=1761"}],"wp:term":[{"taxonomy":"product_cat","embeddable":true,"href":"https:\/\/www.olistori.com\/pt-pt\/wp-json\/wp\/v2\/product_cat?post=1761"},{"taxonomy":"product_tag","embeddable":true,"href":"https:\/\/www.olistori.com\/pt-pt\/wp-json\/wp\/v2\/product_tag?post=1761"}],"curies":[{"name":"wp","href":"https:\/\/api.w.org\/{rel}","templated":true}]}}