{"id":1758,"date":"2018-06-12T16:20:39","date_gmt":"2018-06-12T14:20:39","guid":{"rendered":"https:\/\/olistori.menestys-consulting.fr\/boutique\/sabao-alfazema\/"},"modified":"2021-02-10T11:50:47","modified_gmt":"2021-02-10T10:50:47","slug":"sabao-alfazema","status":"publish","type":"product","link":"https:\/\/www.olistori.com\/pt-pt\/boutique\/sabao-alfazema\/","title":{"rendered":"SABAO ALFAZEMA"},"content":{"rendered":"","protected":false},"excerpt":{"rendered":"<p>Produ\u00e7\u00e3o regional:<\/p>\n<p>A mistura de azeite virgem extra, \u00f3leos essenciais biol\u00f3gicos e ervas da regi\u00e3o confere aos sabonetes um car\u00e1ter traditional aliado ao maravilhoso aroma, limpeza, suavidade e durabilidade. A alfazema j\u00e1 era utilizada pelos romanos para lavar roup, tomar banho, aromatizar ambientes e coma produto curativo.<\/p>\n<p>Dispon\u00edvel no formato 90g<\/p>\n","protected":false},"featured_media":1182,"comment_status":"closed","ping_status":"closed","template":"","meta":{"_exactmetrics_skip_tracking":false,"_exactmetrics_sitenote_active":false,"_exactmetrics_sitenote_note":"","_exactmetrics_sitenote_category":0},"product_cat":[176,85],"product_tag":[],"yoast_head":"<!-- This site is optimized with the Yoast SEO plugin v23.0 - https:\/\/yoast.com\/wordpress\/plugins\/seo\/ -->\n<title>SABAO ALFAZEMA - Olistori<\/title>\n<meta name=\"robots\" content=\"index, follow, max-snippet:-1, max-image-preview:large, max-video-preview:-1\" \/>\n<link rel=\"canonical\" href=\"https:\/\/www.olistori.com\/pt-pt\/boutique\/sabao-alfazema\/\" \/>\n<meta property=\"og:locale\" content=\"pt_PT\" \/>\n<meta property=\"og:type\" content=\"article\" \/>\n<meta property=\"og:title\" content=\"SABAO ALFAZEMA - Olistori\" \/>\n<meta property=\"og:description\" content=\"Produ\u00e7\u00e3o regional: A mistura de azeite virgem extra, \u00f3leos essenciais biol\u00f3gicos e ervas da regi\u00e3o confere aos sabonetes um car\u00e1ter traditional aliado ao maravilhoso aroma, limpeza, suavidade e durabilidade. A alfazema j\u00e1 era utilizada pelos romanos para lavar roup, tomar banho, aromatizar ambientes e coma produto curativo. Dispon\u00edvel no formato 90g\" \/>\n<meta property=\"og:url\" content=\"https:\/\/www.olistori.com\/pt-pt\/boutique\/sabao-alfazema\/\" \/>\n<meta property=\"og:site_name\" content=\"Olistori\" \/>\n<meta property=\"article:modified_time\" content=\"2021-02-10T10:50:47+00:00\" \/>\n<meta property=\"og:image\" content=\"https:\/\/www.olistori.com\/wp-content\/uploads\/2018\/06\/SABAO-DE-ALFAZEMA.png\" \/>\n\t<meta property=\"og:image:width\" content=\"590\" \/>\n\t<meta property=\"og:image:height\" content=\"760\" \/>\n\t<meta property=\"og:image:type\" content=\"image\/png\" \/>\n<meta name=\"twitter:card\" content=\"summary_large_image\" \/>\n<script type=\"application\/ld+json\" class=\"yoast-schema-graph\">{\"@context\":\"https:\/\/schema.org\",\"@graph\":[{\"@type\":\"WebPage\",\"@id\":\"https:\/\/www.olistori.com\/pt-pt\/boutique\/sabao-alfazema\/\",\"url\":\"https:\/\/www.olistori.com\/pt-pt\/boutique\/sabao-alfazema\/\",\"name\":\"SABAO ALFAZEMA - Olistori\",\"isPartOf\":{\"@id\":\"https:\/\/www.olistori.com\/pt-pt\/#website\"},\"primaryImageOfPage\":{\"@id\":\"https:\/\/www.olistori.com\/pt-pt\/boutique\/sabao-alfazema\/#primaryimage\"},\"image\":{\"@id\":\"https:\/\/www.olistori.com\/pt-pt\/boutique\/sabao-alfazema\/#primaryimage\"},\"thumbnailUrl\":\"https:\/\/www.olistori.com\/wp-content\/uploads\/2018\/06\/SABAO-DE-ALFAZEMA.png\",\"datePublished\":\"2018-06-12T14:20:39+00:00\",\"dateModified\":\"2021-02-10T10:50:47+00:00\",\"breadcrumb\":{\"@id\":\"https:\/\/www.olistori.com\/pt-pt\/boutique\/sabao-alfazema\/#breadcrumb\"},\"inLanguage\":\"pt-PT\",\"potentialAction\":[{\"@type\":\"ReadAction\",\"target\":[\"https:\/\/www.olistori.com\/pt-pt\/boutique\/sabao-alfazema\/\"]}]},{\"@type\":\"ImageObject\",\"inLanguage\":\"pt-PT\",\"@id\":\"https:\/\/www.olistori.com\/pt-pt\/boutique\/sabao-alfazema\/#primaryimage\",\"url\":\"https:\/\/www.olistori.com\/wp-content\/uploads\/2018\/06\/SABAO-DE-ALFAZEMA.png\",\"contentUrl\":\"https:\/\/www.olistori.com\/wp-content\/uploads\/2018\/06\/SABAO-DE-ALFAZEMA.png\",\"width\":590,\"height\":760},{\"@type\":\"BreadcrumbList\",\"@id\":\"https:\/\/www.olistori.com\/pt-pt\/boutique\/sabao-alfazema\/#breadcrumb\",\"itemListElement\":[{\"@type\":\"ListItem\",\"position\":1,\"name\":\"Accueil\",\"item\":\"https:\/\/www.olistori.com\/pt-pt\/\"},{\"@type\":\"ListItem\",\"position\":2,\"name\":\"Loja\",\"item\":\"https:\/\/www.olistori.com\/pt-pt\/loja\/\"},{\"@type\":\"ListItem\",\"position\":3,\"name\":\"SABAO ALFAZEMA\"}]},{\"@type\":\"WebSite\",\"@id\":\"https:\/\/www.olistori.com\/pt-pt\/#website\",\"url\":\"https:\/\/www.olistori.com\/pt-pt\/\",\"name\":\"Olistori\",\"description\":\"HUILES D\u2019OLIVE PORTUGAISES S\u00c9LECTIONN\u00c9ES\",\"potentialAction\":[{\"@type\":\"SearchAction\",\"target\":{\"@type\":\"EntryPoint\",\"urlTemplate\":\"https:\/\/www.olistori.com\/pt-pt\/?s={search_term_string}\"},\"query-input\":\"required name=search_term_string\"}],\"inLanguage\":\"pt-PT\"}]}<\/script>\n<!-- \/ Yoast SEO plugin. -->","yoast_head_json":{"title":"SABAO ALFAZEMA - Olistori","robots":{"index":"index","follow":"follow","max-snippet":"max-snippet:-1","max-image-preview":"max-image-preview:large","max-video-preview":"max-video-preview:-1"},"canonical":"https:\/\/www.olistori.com\/pt-pt\/boutique\/sabao-alfazema\/","og_locale":"pt_PT","og_type":"article","og_title":"SABAO ALFAZEMA - Olistori","og_description":"Produ\u00e7\u00e3o regional: A mistura de azeite virgem extra, \u00f3leos essenciais biol\u00f3gicos e ervas da regi\u00e3o confere aos sabonetes um car\u00e1ter traditional aliado ao maravilhoso aroma, limpeza, suavidade e durabilidade. A alfazema j\u00e1 era utilizada pelos romanos para lavar roup, tomar banho, aromatizar ambientes e coma produto curativo. Dispon\u00edvel no formato 90g","og_url":"https:\/\/www.olistori.com\/pt-pt\/boutique\/sabao-alfazema\/","og_site_name":"Olistori","article_modified_time":"2021-02-10T10:50:47+00:00","og_image":[{"width":590,"height":760,"url":"https:\/\/www.olistori.com\/wp-content\/uploads\/2018\/06\/SABAO-DE-ALFAZEMA.png","type":"image\/png"}],"twitter_card":"summary_large_image","schema":{"@context":"https:\/\/schema.org","@graph":[{"@type":"WebPage","@id":"https:\/\/www.olistori.com\/pt-pt\/boutique\/sabao-alfazema\/","url":"https:\/\/www.olistori.com\/pt-pt\/boutique\/sabao-alfazema\/","name":"SABAO ALFAZEMA - Olistori","isPartOf":{"@id":"https:\/\/www.olistori.com\/pt-pt\/#website"},"primaryImageOfPage":{"@id":"https:\/\/www.olistori.com\/pt-pt\/boutique\/sabao-alfazema\/#primaryimage"},"image":{"@id":"https:\/\/www.olistori.com\/pt-pt\/boutique\/sabao-alfazema\/#primaryimage"},"thumbnailUrl":"https:\/\/www.olistori.com\/wp-content\/uploads\/2018\/06\/SABAO-DE-ALFAZEMA.png","datePublished":"2018-06-12T14:20:39+00:00","dateModified":"2021-02-10T10:50:47+00:00","breadcrumb":{"@id":"https:\/\/www.olistori.com\/pt-pt\/boutique\/sabao-alfazema\/#breadcrumb"},"inLanguage":"pt-PT","potentialAction":[{"@type":"ReadAction","target":["https:\/\/www.olistori.com\/pt-pt\/boutique\/sabao-alfazema\/"]}]},{"@type":"ImageObject","inLanguage":"pt-PT","@id":"https:\/\/www.olistori.com\/pt-pt\/boutique\/sabao-alfazema\/#primaryimage","url":"https:\/\/www.olistori.com\/wp-content\/uploads\/2018\/06\/SABAO-DE-ALFAZEMA.png","contentUrl":"https:\/\/www.olistori.com\/wp-content\/uploads\/2018\/06\/SABAO-DE-ALFAZEMA.png","width":590,"height":760},{"@type":"BreadcrumbList","@id":"https:\/\/www.olistori.com\/pt-pt\/boutique\/sabao-alfazema\/#breadcrumb","itemListElement":[{"@type":"ListItem","position":1,"name":"Accueil","item":"https:\/\/www.olistori.com\/pt-pt\/"},{"@type":"ListItem","position":2,"name":"Loja","item":"https:\/\/www.olistori.com\/pt-pt\/loja\/"},{"@type":"ListItem","position":3,"name":"SABAO ALFAZEMA"}]},{"@type":"WebSite","@id":"https:\/\/www.olistori.com\/pt-pt\/#website","url":"https:\/\/www.olistori.com\/pt-pt\/","name":"Olistori","description":"HUILES D\u2019OLIVE PORTUGAISES S\u00c9LECTIONN\u00c9ES","potentialAction":[{"@type":"SearchAction","target":{"@type":"EntryPoint","urlTemplate":"https:\/\/www.olistori.com\/pt-pt\/?s={search_term_string}"},"query-input":"required name=search_term_string"}],"inLanguage":"pt-PT"}]}},"_links":{"self":[{"href":"https:\/\/www.olistori.com\/pt-pt\/wp-json\/wp\/v2\/product\/1758"}],"collection":[{"href":"https:\/\/www.olistori.com\/pt-pt\/wp-json\/wp\/v2\/product"}],"about":[{"href":"https:\/\/www.olistori.com\/pt-pt\/wp-json\/wp\/v2\/types\/product"}],"replies":[{"embeddable":true,"href":"https:\/\/www.olistori.com\/pt-pt\/wp-json\/wp\/v2\/comments?post=1758"}],"wp:featuredmedia":[{"embeddable":true,"href":"https:\/\/www.olistori.com\/pt-pt\/wp-json\/wp\/v2\/media\/1182"}],"wp:attachment":[{"href":"https:\/\/www.olistori.com\/pt-pt\/wp-json\/wp\/v2\/media?parent=1758"}],"wp:term":[{"taxonomy":"product_cat","embeddable":true,"href":"https:\/\/www.olistori.com\/pt-pt\/wp-json\/wp\/v2\/product_cat?post=1758"},{"taxonomy":"product_tag","embeddable":true,"href":"https:\/\/www.olistori.com\/pt-pt\/wp-json\/wp\/v2\/product_tag?post=1758"}],"curies":[{"name":"wp","href":"https:\/\/api.w.org\/{rel}","templated":true}]}}