{"id":23591,"date":"2023-08-04T17:13:17","date_gmt":"2023-08-04T15:13:18","guid":{"rendered":"https:\/\/www.olistori.com\/?post_type=product&#038;p=23591"},"modified":"2024-03-11T10:31:36","modified_gmt":"2024-03-11T09:31:36","slug":"mainova-early-harvest-copie-copie-copie-2","status":"publish","type":"product","link":"https:\/\/www.olistori.com\/en\/boutique\/mainova-early-harvest-copie-copie-copie-2\/","title":{"rendered":"MAINOVA Early Harvest (Copie) (Copie) (Copie)"},"content":{"rendered":"<div class=\"fusion-fullwidth fullwidth-box fusion-builder-row-1 nonhundred-percent-fullwidth non-hundred-percent-height-scrolling\" style=\"--awb-border-radius-top-left:0px;--awb-border-radius-top-right:0px;--awb-border-radius-bottom-right:0px;--awb-border-radius-bottom-left:0px;--awb-flex-wrap:wrap;\" ><div class=\"fusion-builder-row fusion-row\"><div class=\"fusion-layout-column fusion_builder_column fusion-builder-column-0 fusion_builder_column_1_1 1_1 fusion-one-full fusion-column-first fusion-column-last\" style=\"--awb-bg-size:cover;--awb-margin-bottom:0px;\"><div class=\"fusion-column-wrapper fusion-flex-column-wrapper-legacy\"><div class=\"fusion-text fusion-text-1 oli-text-description\"><p><img decoding=\"async\" class=\"size-full wp-image-300 alignleft\" src=\"https:\/\/www.olistori.com\/wp-content\/uploads\/2018\/04\/oli-picto-nez.png\" alt=\"\" width=\"40\" height=\"40\" \/><\/p>\n<p class=\"p1\">parfum subtil d&#8217;ail<\/p>\n<\/div><div class=\"fusion-text fusion-text-2 oli-text-description\"><p><a href=\"https:\/\/www.olistori.com\/wp-content\/uploads\/2018\/04\/oli-picto-oeil.png\"><img decoding=\"async\" class=\"size-full wp-image-299 alignleft\" src=\"https:\/\/www.olistori.com\/wp-content\/uploads\/2018\/04\/oli-picto-oeil.png\" alt=\"\" width=\"39\" height=\"19\" \/><\/a><\/p>\n<p class=\"p1\">Gout d&#8217;ail confit prononc\u00e9<\/p>\n<\/div><div class=\"fusion-sep-clear\"><\/div><div class=\"fusion-separator fusion-full-width-sep\" style=\"margin-left: auto;margin-right: auto;margin-top:10px;margin-bottom:10px;width:100%;\"><\/div><div class=\"fusion-sep-clear\"><\/div><div class=\"fusion-progressbar fusion-progressbar-text-on-bar oli-progressbar\" style=\"--awb-textcolor:#6b6a4b;--awb-height:20px;--awb-filledcolor:#baac28;--awb-unfilledcolor:#f0f0ed;\"><div class=\"fusion-progressbar-bar progress-bar\"><div class=\"progress progress-bar-content\" style=\"width:0%;\" role=\"progressbar\" aria-labelledby=\"awb-progressbar-label-1\" aria-valuemin=\"0\" aria-valuemax=\"100\" aria-valuenow=\"80\"><\/div><\/div> <span class=\"progress-title\" style=\"right: calc(15px + 20%);\"><span class=\"fusion-progressbar-text\" id=\"awb-progressbar-label-1\">intensity<\/span> <\/span><\/div><div class=\"fusion-progressbar fusion-progressbar-text-on-bar oli-progressbar\" style=\"--awb-textcolor:#6b6a4b;--awb-height:20px;--awb-filledcolor:#baac28;--awb-unfilledcolor:#f0f0ed;\"><div class=\"fusion-progressbar-bar progress-bar\"><div class=\"progress progress-bar-content\" style=\"width:0%;\" role=\"progressbar\" aria-labelledby=\"awb-progressbar-label-2\" aria-valuemin=\"0\" aria-valuemax=\"100\" aria-valuenow=\"60\"><\/div><\/div> <span class=\"progress-title\" style=\"right: calc(15px + 40%);\"><span class=\"fusion-progressbar-text\" id=\"awb-progressbar-label-2\">GREEN FRUITY<\/span> <\/span><\/div><div class=\"fusion-progressbar fusion-progressbar-text-on-bar oli-progressbar\" style=\"--awb-textcolor:#6b6a4b;--awb-height:20px;--awb-filledcolor:#baac28;--awb-unfilledcolor:#f0f0ed;\"><div class=\"fusion-progressbar-bar progress-bar\"><div class=\"progress progress-bar-content\" style=\"width:0%;\" role=\"progressbar\" aria-labelledby=\"awb-progressbar-label-3\" aria-valuemin=\"0\" aria-valuemax=\"100\" aria-valuenow=\"50\"><\/div><\/div> <span class=\"progress-title\" style=\"right: calc(15px + 50%);\"><span class=\"fusion-progressbar-text\" id=\"awb-progressbar-label-3\">FRUITINESS<\/span> <\/span><\/div><div class=\"fusion-progressbar fusion-progressbar-text-on-bar oli-progressbar\" style=\"--awb-textcolor:#6b6a4b;--awb-height:20px;--awb-filledcolor:#baac28;--awb-unfilledcolor:#f0f0ed;\"><div class=\"fusion-progressbar-bar progress-bar\"><div class=\"progress progress-bar-content\" style=\"width:0%;\" role=\"progressbar\" aria-labelledby=\"awb-progressbar-label-4\" aria-valuemin=\"0\" aria-valuemax=\"100\" aria-valuenow=\"50\"><\/div><\/div> <span class=\"progress-title\" style=\"right: calc(15px + 50%);\"><span class=\"fusion-progressbar-text\" id=\"awb-progressbar-label-4\">PUNGENT<\/span> <\/span><\/div><div class=\"fusion-progressbar fusion-progressbar-text-on-bar oli-progressbar\" style=\"--awb-textcolor:#6b6a4b;--awb-height:20px;--awb-filledcolor:#baac28;--awb-unfilledcolor:#f0f0ed;\"><div class=\"fusion-progressbar-bar progress-bar\"><div class=\"progress progress-bar-content\" style=\"width:0%;\" role=\"progressbar\" aria-labelledby=\"awb-progressbar-label-5\" aria-valuemin=\"0\" aria-valuemax=\"100\" aria-valuenow=\"85\"><\/div><\/div> <span class=\"progress-title\" style=\"right: calc(15px + 15%);\"><span class=\"fusion-progressbar-text\" id=\"awb-progressbar-label-5\">LENGTH of TASTING<\/span> <\/span><\/div><div class=\"fusion-sep-clear\"><\/div><div class=\"fusion-separator fusion-full-width-sep\" style=\"margin-left: auto;margin-right: auto;width:100%;\"><\/div><div class=\"fusion-sep-clear\"><\/div><div class=\"fusion-clearfix\"><\/div><\/div><\/div><\/div><\/div>\n","protected":false},"excerpt":{"rendered":"<p>Regional production : Alentejo North<\/p>\n<p>Extra virgin olive oil of superior grade obtained directly from olives by mechanical methods, and by cold extraction to keep all the original aromas of the fruits.<\/p>\n<p><strong>From reasoned agriculture. The early harvest of olives, promotes its aromatic qualities: fruity green and intense.<\/strong><\/p>\n<p><strong>Early Harvest extra virgin olive oil is, in fact, even richer in healthy polyphenols, with a higher concentration of anti-inflammatory drugs and antioxidants.<\/strong><\/p>\n<p><a href=\"https:\/\/www.olistori.com\/wp-content\/uploads\/2018\/04\/oli-picto-description-courte.png\" data-mce-href=\"https:\/\/www.olistori.com\/wp-content\/uploads\/2018\/04\/oli-picto-description-courte.png\"><img decoding=\"async\" class=\"size-full wp-image-302 alignleft\" src=\"https:\/\/www.olistori.com\/wp-content\/uploads\/2018\/04\/oli-picto-description-courte.png\" alt=\"\" width=\"29\" height=\"29\" data-mce-src=\"https:\/\/www.olistori.com\/wp-content\/uploads\/2018\/04\/oli-picto-description-courte.png\"><\/a>Food pairings : Enjoy just with bread! and also perfect for seasoning your salads or fish.<\/p>\n<p>Available in 500ml format. <strong>Beautiful ceramic bottle, with 1 tasting cup and a pouring cap<\/strong> &#8211; Packaging Box &#8211; IDEAL GIFT!<\/p>\n","protected":false},"featured_media":24316,"comment_status":"closed","ping_status":"closed","template":"","meta":{"_exactmetrics_skip_tracking":false,"_exactmetrics_sitenote_active":false,"_exactmetrics_sitenote_note":"","_exactmetrics_sitenote_category":0},"product_cat":[155,149,63,59,177,180],"product_tag":[60],"yoast_head":"<!-- This site is optimized with the Yoast SEO plugin v23.0 - https:\/\/yoast.com\/wordpress\/plugins\/seo\/ -->\n<title>Premier Amour - Ail<\/title>\n<meta name=\"description\" content=\"D\u00e9couvrez notre tr\u00e9sor culinaire : Premier Amour - Ail. Une huile aromatis\u00e9e avec de l&#039;ail frais et entier, sans aucun ar\u00f4me !\" \/>\n<meta name=\"robots\" content=\"index, follow, max-snippet:-1, max-image-preview:large, max-video-preview:-1\" \/>\n<link rel=\"canonical\" href=\"https:\/\/www.olistori.com\/en\/boutique\/mainova-early-harvest-copie-copie-copie-2\/\" \/>\n<meta property=\"og:locale\" content=\"en_US\" \/>\n<meta property=\"og:type\" content=\"article\" \/>\n<meta property=\"og:title\" content=\"Premier Amour - Ail\" \/>\n<meta property=\"og:description\" content=\"D\u00e9couvrez notre tr\u00e9sor culinaire : Premier Amour - Ail. Une huile aromatis\u00e9e avec de l&#039;ail frais et entier, sans aucun ar\u00f4me !\" \/>\n<meta property=\"og:url\" content=\"https:\/\/www.olistori.com\/en\/boutique\/mainova-early-harvest-copie-copie-copie-2\/\" \/>\n<meta property=\"og:site_name\" content=\"Olistori\" \/>\n<meta property=\"article:modified_time\" content=\"2024-03-11T09:31:36+00:00\" \/>\n<meta property=\"og:image\" content=\"https:\/\/www.olistori.com\/wp-content\/uploads\/2023\/08\/ail.png\" \/>\n\t<meta property=\"og:image:width\" content=\"1080\" \/>\n\t<meta property=\"og:image:height\" content=\"1080\" \/>\n\t<meta property=\"og:image:type\" content=\"image\/png\" \/>\n<meta name=\"twitter:card\" content=\"summary_large_image\" \/>\n<meta name=\"twitter:label1\" content=\"Est. reading time\" \/>\n\t<meta name=\"twitter:data1\" content=\"4 minutes\" \/>\n<script type=\"application\/ld+json\" class=\"yoast-schema-graph\">{\"@context\":\"https:\/\/schema.org\",\"@graph\":[{\"@type\":\"WebPage\",\"@id\":\"https:\/\/www.olistori.com\/en\/boutique\/mainova-early-harvest-copie-copie-copie-2\/\",\"url\":\"https:\/\/www.olistori.com\/en\/boutique\/mainova-early-harvest-copie-copie-copie-2\/\",\"name\":\"Premier Amour - Ail\",\"isPartOf\":{\"@id\":\"https:\/\/www.olistori.com\/en\/#website\"},\"primaryImageOfPage\":{\"@id\":\"https:\/\/www.olistori.com\/en\/boutique\/mainova-early-harvest-copie-copie-copie-2\/#primaryimage\"},\"image\":{\"@id\":\"https:\/\/www.olistori.com\/en\/boutique\/mainova-early-harvest-copie-copie-copie-2\/#primaryimage\"},\"thumbnailUrl\":\"https:\/\/www.olistori.com\/wp-content\/uploads\/2023\/08\/ail.png\",\"datePublished\":\"2023-08-04T15:13:18+00:00\",\"dateModified\":\"2024-03-11T09:31:36+00:00\",\"description\":\"D\u00e9couvrez notre tr\u00e9sor culinaire : Premier Amour - Ail. Une huile aromatis\u00e9e avec de l'ail frais et entier, sans aucun ar\u00f4me !\",\"breadcrumb\":{\"@id\":\"https:\/\/www.olistori.com\/en\/boutique\/mainova-early-harvest-copie-copie-copie-2\/#breadcrumb\"},\"inLanguage\":\"en-US\",\"potentialAction\":[{\"@type\":\"ReadAction\",\"target\":[\"https:\/\/www.olistori.com\/en\/boutique\/mainova-early-harvest-copie-copie-copie-2\/\"]}]},{\"@type\":\"ImageObject\",\"inLanguage\":\"en-US\",\"@id\":\"https:\/\/www.olistori.com\/en\/boutique\/mainova-early-harvest-copie-copie-copie-2\/#primaryimage\",\"url\":\"https:\/\/www.olistori.com\/wp-content\/uploads\/2023\/08\/ail.png\",\"contentUrl\":\"https:\/\/www.olistori.com\/wp-content\/uploads\/2023\/08\/ail.png\",\"width\":1080,\"height\":1080},{\"@type\":\"BreadcrumbList\",\"@id\":\"https:\/\/www.olistori.com\/en\/boutique\/mainova-early-harvest-copie-copie-copie-2\/#breadcrumb\",\"itemListElement\":[{\"@type\":\"ListItem\",\"position\":1,\"name\":\"Accueil\",\"item\":\"https:\/\/www.olistori.com\/en\/\"},{\"@type\":\"ListItem\",\"position\":2,\"name\":\"Shop\",\"item\":\"https:\/\/www.olistori.com\/en\/shop\/\"},{\"@type\":\"ListItem\",\"position\":3,\"name\":\"MAINOVA Early Harvest (Copie) (Copie) (Copie)\"}]},{\"@type\":\"WebSite\",\"@id\":\"https:\/\/www.olistori.com\/en\/#website\",\"url\":\"https:\/\/www.olistori.com\/en\/\",\"name\":\"Olistori\",\"description\":\"HUILES D\u2019OLIVE PORTUGAISES S\u00c9LECTIONN\u00c9ES\",\"potentialAction\":[{\"@type\":\"SearchAction\",\"target\":{\"@type\":\"EntryPoint\",\"urlTemplate\":\"https:\/\/www.olistori.com\/en\/?s={search_term_string}\"},\"query-input\":\"required name=search_term_string\"}],\"inLanguage\":\"en-US\"}]}<\/script>\n<!-- \/ Yoast SEO plugin. -->","yoast_head_json":{"title":"Premier Amour - Ail","description":"D\u00e9couvrez notre tr\u00e9sor culinaire : Premier Amour - Ail. Une huile aromatis\u00e9e avec de l'ail frais et entier, sans aucun ar\u00f4me !","robots":{"index":"index","follow":"follow","max-snippet":"max-snippet:-1","max-image-preview":"max-image-preview:large","max-video-preview":"max-video-preview:-1"},"canonical":"https:\/\/www.olistori.com\/en\/boutique\/mainova-early-harvest-copie-copie-copie-2\/","og_locale":"en_US","og_type":"article","og_title":"Premier Amour - Ail","og_description":"D\u00e9couvrez notre tr\u00e9sor culinaire : Premier Amour - Ail. Une huile aromatis\u00e9e avec de l'ail frais et entier, sans aucun ar\u00f4me !","og_url":"https:\/\/www.olistori.com\/en\/boutique\/mainova-early-harvest-copie-copie-copie-2\/","og_site_name":"Olistori","article_modified_time":"2024-03-11T09:31:36+00:00","og_image":[{"width":1080,"height":1080,"url":"https:\/\/www.olistori.com\/wp-content\/uploads\/2023\/08\/ail.png","type":"image\/png"}],"twitter_card":"summary_large_image","twitter_misc":{"Est. reading time":"4 minutes"},"schema":{"@context":"https:\/\/schema.org","@graph":[{"@type":"WebPage","@id":"https:\/\/www.olistori.com\/en\/boutique\/mainova-early-harvest-copie-copie-copie-2\/","url":"https:\/\/www.olistori.com\/en\/boutique\/mainova-early-harvest-copie-copie-copie-2\/","name":"Premier Amour - Ail","isPartOf":{"@id":"https:\/\/www.olistori.com\/en\/#website"},"primaryImageOfPage":{"@id":"https:\/\/www.olistori.com\/en\/boutique\/mainova-early-harvest-copie-copie-copie-2\/#primaryimage"},"image":{"@id":"https:\/\/www.olistori.com\/en\/boutique\/mainova-early-harvest-copie-copie-copie-2\/#primaryimage"},"thumbnailUrl":"https:\/\/www.olistori.com\/wp-content\/uploads\/2023\/08\/ail.png","datePublished":"2023-08-04T15:13:18+00:00","dateModified":"2024-03-11T09:31:36+00:00","description":"D\u00e9couvrez notre tr\u00e9sor culinaire : Premier Amour - Ail. Une huile aromatis\u00e9e avec de l'ail frais et entier, sans aucun ar\u00f4me !","breadcrumb":{"@id":"https:\/\/www.olistori.com\/en\/boutique\/mainova-early-harvest-copie-copie-copie-2\/#breadcrumb"},"inLanguage":"en-US","potentialAction":[{"@type":"ReadAction","target":["https:\/\/www.olistori.com\/en\/boutique\/mainova-early-harvest-copie-copie-copie-2\/"]}]},{"@type":"ImageObject","inLanguage":"en-US","@id":"https:\/\/www.olistori.com\/en\/boutique\/mainova-early-harvest-copie-copie-copie-2\/#primaryimage","url":"https:\/\/www.olistori.com\/wp-content\/uploads\/2023\/08\/ail.png","contentUrl":"https:\/\/www.olistori.com\/wp-content\/uploads\/2023\/08\/ail.png","width":1080,"height":1080},{"@type":"BreadcrumbList","@id":"https:\/\/www.olistori.com\/en\/boutique\/mainova-early-harvest-copie-copie-copie-2\/#breadcrumb","itemListElement":[{"@type":"ListItem","position":1,"name":"Accueil","item":"https:\/\/www.olistori.com\/en\/"},{"@type":"ListItem","position":2,"name":"Shop","item":"https:\/\/www.olistori.com\/en\/shop\/"},{"@type":"ListItem","position":3,"name":"MAINOVA Early Harvest (Copie) (Copie) (Copie)"}]},{"@type":"WebSite","@id":"https:\/\/www.olistori.com\/en\/#website","url":"https:\/\/www.olistori.com\/en\/","name":"Olistori","description":"HUILES D\u2019OLIVE PORTUGAISES S\u00c9LECTIONN\u00c9ES","potentialAction":[{"@type":"SearchAction","target":{"@type":"EntryPoint","urlTemplate":"https:\/\/www.olistori.com\/en\/?s={search_term_string}"},"query-input":"required name=search_term_string"}],"inLanguage":"en-US"}]}},"_links":{"self":[{"href":"https:\/\/www.olistori.com\/en\/wp-json\/wp\/v2\/product\/23591"}],"collection":[{"href":"https:\/\/www.olistori.com\/en\/wp-json\/wp\/v2\/product"}],"about":[{"href":"https:\/\/www.olistori.com\/en\/wp-json\/wp\/v2\/types\/product"}],"replies":[{"embeddable":true,"href":"https:\/\/www.olistori.com\/en\/wp-json\/wp\/v2\/comments?post=23591"}],"wp:featuredmedia":[{"embeddable":true,"href":"https:\/\/www.olistori.com\/en\/wp-json\/wp\/v2\/media\/24316"}],"wp:attachment":[{"href":"https:\/\/www.olistori.com\/en\/wp-json\/wp\/v2\/media?parent=23591"}],"wp:term":[{"taxonomy":"product_cat","embeddable":true,"href":"https:\/\/www.olistori.com\/en\/wp-json\/wp\/v2\/product_cat?post=23591"},{"taxonomy":"product_tag","embeddable":true,"href":"https:\/\/www.olistori.com\/en\/wp-json\/wp\/v2\/product_tag?post=23591"}],"curies":[{"name":"wp","href":"https:\/\/api.w.org\/{rel}","templated":true}]}}