{"id":8046,"date":"2020-11-12T18:40:39","date_gmt":"2020-11-12T17:40:40","guid":{"rendered":"https:\/\/olistori.menestys-consulting.fr\/?post_type=product&#038;p=8046"},"modified":"2023-06-10T16:43:15","modified_gmt":"2023-06-10T14:43:15","slug":"baby-choc-by-bless","status":"publish","type":"product","link":"https:\/\/www.olistori.com\/de\/boutique\/baby-choc-by-bless\/","title":{"rendered":"Baby Choc by Bless"},"content":{"rendered":"<p><br data-mce-bogus=\"1\"><\/p>\n","protected":false},"excerpt":{"rendered":"<p>Regionale Erzeugung: Nazar\u00e9<\/p>\n<p>Herstellung Von Brigitte Bless. Fusion von Schweizer Schokoladen-Know-how und typisch portugiesischen Geschmacksrichtungen: Gew\u00fcrze, Portwein, sanft gereifte Bohnen unter der Sonne von S\u00e3o Tome in Principe.<\/p>\n<p>Sortimente von 36 Baby Chocolate: Tonkabohne, Porto, Oliven\u00f6l, Balsamico-Vinaigre, Caramel Beurre Sall\u00e9, Earl Grey Tee, Mango, Noisette&#8230;<\/p>\n<p>Packung mit 160g<\/p>\n","protected":false},"featured_media":10521,"comment_status":"closed","ping_status":"closed","template":"","meta":{"_exactmetrics_skip_tracking":false,"_exactmetrics_sitenote_active":false,"_exactmetrics_sitenote_note":"","_exactmetrics_sitenote_category":0},"product_cat":[159,72],"product_tag":[],"yoast_head":"<!-- This site is optimized with the Yoast SEO plugin v23.0 - https:\/\/yoast.com\/wordpress\/plugins\/seo\/ -->\n<title>Baby Choc by Bless - Olistori<\/title>\n<meta name=\"robots\" content=\"index, follow, max-snippet:-1, max-image-preview:large, max-video-preview:-1\" \/>\n<link rel=\"canonical\" href=\"https:\/\/www.olistori.com\/de\/boutique\/baby-choc-by-bless\/\" \/>\n<meta property=\"og:locale\" content=\"de_DE\" \/>\n<meta property=\"og:type\" content=\"article\" \/>\n<meta property=\"og:title\" content=\"Baby Choc by Bless - Olistori\" \/>\n<meta property=\"og:description\" content=\"Regionale Erzeugung: Nazar\u00e9  Herstellung Von Brigitte Bless. Fusion von Schweizer Schokoladen-Know-how und typisch portugiesischen Geschmacksrichtungen: Gew\u00fcrze, Portwein, sanft gereifte Bohnen unter der Sonne von S\u00e3o Tome in Principe.  Sortimente von 36 Baby Chocolate: Tonkabohne, Porto, Oliven\u00f6l, Balsamico-Vinaigre, Caramel Beurre Sall\u00e9, Earl Grey Tee, Mango, Noisette...  Packung mit 160g\" \/>\n<meta property=\"og:url\" content=\"https:\/\/www.olistori.com\/de\/boutique\/baby-choc-by-bless\/\" \/>\n<meta property=\"og:site_name\" content=\"Olistori\" \/>\n<meta property=\"article:modified_time\" content=\"2023-06-10T14:43:15+00:00\" \/>\n<meta property=\"og:image\" content=\"https:\/\/www.olistori.com\/wp-content\/uploads\/2020\/11\/BABY-CHOC-OUVERTE.jpg\" \/>\n\t<meta property=\"og:image:width\" content=\"1200\" \/>\n\t<meta property=\"og:image:height\" content=\"1600\" \/>\n\t<meta property=\"og:image:type\" content=\"image\/jpeg\" \/>\n<meta name=\"twitter:card\" content=\"summary_large_image\" \/>\n<script type=\"application\/ld+json\" class=\"yoast-schema-graph\">{\"@context\":\"https:\/\/schema.org\",\"@graph\":[{\"@type\":\"WebPage\",\"@id\":\"https:\/\/www.olistori.com\/de\/boutique\/baby-choc-by-bless\/\",\"url\":\"https:\/\/www.olistori.com\/de\/boutique\/baby-choc-by-bless\/\",\"name\":\"Baby Choc by Bless - Olistori\",\"isPartOf\":{\"@id\":\"https:\/\/www.olistori.com\/de\/#website\"},\"primaryImageOfPage\":{\"@id\":\"https:\/\/www.olistori.com\/de\/boutique\/baby-choc-by-bless\/#primaryimage\"},\"image\":{\"@id\":\"https:\/\/www.olistori.com\/de\/boutique\/baby-choc-by-bless\/#primaryimage\"},\"thumbnailUrl\":\"https:\/\/www.olistori.com\/wp-content\/uploads\/2020\/11\/BABY-CHOC-OUVERTE.jpg\",\"datePublished\":\"2020-11-12T17:40:40+00:00\",\"dateModified\":\"2023-06-10T14:43:15+00:00\",\"breadcrumb\":{\"@id\":\"https:\/\/www.olistori.com\/de\/boutique\/baby-choc-by-bless\/#breadcrumb\"},\"inLanguage\":\"de\",\"potentialAction\":[{\"@type\":\"ReadAction\",\"target\":[\"https:\/\/www.olistori.com\/de\/boutique\/baby-choc-by-bless\/\"]}]},{\"@type\":\"ImageObject\",\"inLanguage\":\"de\",\"@id\":\"https:\/\/www.olistori.com\/de\/boutique\/baby-choc-by-bless\/#primaryimage\",\"url\":\"https:\/\/www.olistori.com\/wp-content\/uploads\/2020\/11\/BABY-CHOC-OUVERTE.jpg\",\"contentUrl\":\"https:\/\/www.olistori.com\/wp-content\/uploads\/2020\/11\/BABY-CHOC-OUVERTE.jpg\",\"width\":1200,\"height\":1600},{\"@type\":\"BreadcrumbList\",\"@id\":\"https:\/\/www.olistori.com\/de\/boutique\/baby-choc-by-bless\/#breadcrumb\",\"itemListElement\":[{\"@type\":\"ListItem\",\"position\":1,\"name\":\"Accueil\",\"item\":\"https:\/\/www.olistori.com\/de\/\"},{\"@type\":\"ListItem\",\"position\":2,\"name\":\"Shop\",\"item\":\"https:\/\/www.olistori.com\/de\/shop\/\"},{\"@type\":\"ListItem\",\"position\":3,\"name\":\"Baby Choc by Bless\"}]},{\"@type\":\"WebSite\",\"@id\":\"https:\/\/www.olistori.com\/de\/#website\",\"url\":\"https:\/\/www.olistori.com\/de\/\",\"name\":\"Olistori\",\"description\":\"HUILES D\u2019OLIVE PORTUGAISES S\u00c9LECTIONN\u00c9ES\",\"potentialAction\":[{\"@type\":\"SearchAction\",\"target\":{\"@type\":\"EntryPoint\",\"urlTemplate\":\"https:\/\/www.olistori.com\/de\/?s={search_term_string}\"},\"query-input\":\"required name=search_term_string\"}],\"inLanguage\":\"de\"}]}<\/script>\n<!-- \/ Yoast SEO plugin. -->","yoast_head_json":{"title":"Baby Choc by Bless - Olistori","robots":{"index":"index","follow":"follow","max-snippet":"max-snippet:-1","max-image-preview":"max-image-preview:large","max-video-preview":"max-video-preview:-1"},"canonical":"https:\/\/www.olistori.com\/de\/boutique\/baby-choc-by-bless\/","og_locale":"de_DE","og_type":"article","og_title":"Baby Choc by Bless - Olistori","og_description":"Regionale Erzeugung: Nazar\u00e9  Herstellung Von Brigitte Bless. Fusion von Schweizer Schokoladen-Know-how und typisch portugiesischen Geschmacksrichtungen: Gew\u00fcrze, Portwein, sanft gereifte Bohnen unter der Sonne von S\u00e3o Tome in Principe.  Sortimente von 36 Baby Chocolate: Tonkabohne, Porto, Oliven\u00f6l, Balsamico-Vinaigre, Caramel Beurre Sall\u00e9, Earl Grey Tee, Mango, Noisette...  Packung mit 160g","og_url":"https:\/\/www.olistori.com\/de\/boutique\/baby-choc-by-bless\/","og_site_name":"Olistori","article_modified_time":"2023-06-10T14:43:15+00:00","og_image":[{"width":1200,"height":1600,"url":"https:\/\/www.olistori.com\/wp-content\/uploads\/2020\/11\/BABY-CHOC-OUVERTE.jpg","type":"image\/jpeg"}],"twitter_card":"summary_large_image","schema":{"@context":"https:\/\/schema.org","@graph":[{"@type":"WebPage","@id":"https:\/\/www.olistori.com\/de\/boutique\/baby-choc-by-bless\/","url":"https:\/\/www.olistori.com\/de\/boutique\/baby-choc-by-bless\/","name":"Baby Choc by Bless - Olistori","isPartOf":{"@id":"https:\/\/www.olistori.com\/de\/#website"},"primaryImageOfPage":{"@id":"https:\/\/www.olistori.com\/de\/boutique\/baby-choc-by-bless\/#primaryimage"},"image":{"@id":"https:\/\/www.olistori.com\/de\/boutique\/baby-choc-by-bless\/#primaryimage"},"thumbnailUrl":"https:\/\/www.olistori.com\/wp-content\/uploads\/2020\/11\/BABY-CHOC-OUVERTE.jpg","datePublished":"2020-11-12T17:40:40+00:00","dateModified":"2023-06-10T14:43:15+00:00","breadcrumb":{"@id":"https:\/\/www.olistori.com\/de\/boutique\/baby-choc-by-bless\/#breadcrumb"},"inLanguage":"de","potentialAction":[{"@type":"ReadAction","target":["https:\/\/www.olistori.com\/de\/boutique\/baby-choc-by-bless\/"]}]},{"@type":"ImageObject","inLanguage":"de","@id":"https:\/\/www.olistori.com\/de\/boutique\/baby-choc-by-bless\/#primaryimage","url":"https:\/\/www.olistori.com\/wp-content\/uploads\/2020\/11\/BABY-CHOC-OUVERTE.jpg","contentUrl":"https:\/\/www.olistori.com\/wp-content\/uploads\/2020\/11\/BABY-CHOC-OUVERTE.jpg","width":1200,"height":1600},{"@type":"BreadcrumbList","@id":"https:\/\/www.olistori.com\/de\/boutique\/baby-choc-by-bless\/#breadcrumb","itemListElement":[{"@type":"ListItem","position":1,"name":"Accueil","item":"https:\/\/www.olistori.com\/de\/"},{"@type":"ListItem","position":2,"name":"Shop","item":"https:\/\/www.olistori.com\/de\/shop\/"},{"@type":"ListItem","position":3,"name":"Baby Choc by Bless"}]},{"@type":"WebSite","@id":"https:\/\/www.olistori.com\/de\/#website","url":"https:\/\/www.olistori.com\/de\/","name":"Olistori","description":"HUILES D\u2019OLIVE PORTUGAISES S\u00c9LECTIONN\u00c9ES","potentialAction":[{"@type":"SearchAction","target":{"@type":"EntryPoint","urlTemplate":"https:\/\/www.olistori.com\/de\/?s={search_term_string}"},"query-input":"required name=search_term_string"}],"inLanguage":"de"}]}},"_links":{"self":[{"href":"https:\/\/www.olistori.com\/de\/wp-json\/wp\/v2\/product\/8046"}],"collection":[{"href":"https:\/\/www.olistori.com\/de\/wp-json\/wp\/v2\/product"}],"about":[{"href":"https:\/\/www.olistori.com\/de\/wp-json\/wp\/v2\/types\/product"}],"replies":[{"embeddable":true,"href":"https:\/\/www.olistori.com\/de\/wp-json\/wp\/v2\/comments?post=8046"}],"wp:featuredmedia":[{"embeddable":true,"href":"https:\/\/www.olistori.com\/de\/wp-json\/wp\/v2\/media\/10521"}],"wp:attachment":[{"href":"https:\/\/www.olistori.com\/de\/wp-json\/wp\/v2\/media?parent=8046"}],"wp:term":[{"taxonomy":"product_cat","embeddable":true,"href":"https:\/\/www.olistori.com\/de\/wp-json\/wp\/v2\/product_cat?post=8046"},{"taxonomy":"product_tag","embeddable":true,"href":"https:\/\/www.olistori.com\/de\/wp-json\/wp\/v2\/product_tag?post=8046"}],"curies":[{"name":"wp","href":"https:\/\/api.w.org\/{rel}","templated":true}]}}