{"id":3654,"date":"2019-11-22T01:54:25","date_gmt":"2019-11-22T00:54:25","guid":{"rendered":"https:\/\/olistori.menestys-consulting.fr\/?post_type=product&#038;p=3654"},"modified":"2021-01-06T18:00:57","modified_gmt":"2021-01-06T17:00:57","slug":"kastchen-entdeckt","status":"publish","type":"product","link":"https:\/\/www.olistori.com\/de\/boutique\/kastchen-entdeckt\/","title":{"rendered":"K\u00e4stchen entdeckt"},"content":{"rendered":"","protected":false},"excerpt":{"rendered":"<p>K\u00e4stchen entdeckt:<br \/>\n-ANGELICA Oliven\u00f6l Extra-Virgin und Kaltextraktion<br \/>\n-Essig im Portwein<br \/>\n-P\u00c1GINA Encruzado 2017, Wei\u00dfwein DOC \u00d3bidos<\/p>\n","protected":false},"featured_media":7848,"comment_status":"closed","ping_status":"closed","template":"","meta":{"_exactmetrics_skip_tracking":false,"_exactmetrics_sitenote_active":false,"_exactmetrics_sitenote_note":"","_exactmetrics_sitenote_category":0},"product_cat":[72],"product_tag":[],"yoast_head":"<!-- This site is optimized with the Yoast SEO plugin v23.0 - https:\/\/yoast.com\/wordpress\/plugins\/seo\/ -->\n<title>K\u00e4stchen entdeckt - Olistori<\/title>\n<meta name=\"robots\" content=\"index, follow, max-snippet:-1, max-image-preview:large, max-video-preview:-1\" \/>\n<link rel=\"canonical\" href=\"https:\/\/www.olistori.com\/de\/boutique\/kastchen-entdeckt\/\" \/>\n<meta property=\"og:locale\" content=\"de_DE\" \/>\n<meta property=\"og:type\" content=\"article\" \/>\n<meta property=\"og:title\" content=\"K\u00e4stchen entdeckt - Olistori\" \/>\n<meta property=\"og:description\" content=\"K\u00e4stchen entdeckt: -ANGELICA Oliven\u00f6l Extra-Virgin und Kaltextraktion -Essig im Portwein -P\u00c1GINA Encruzado 2017, Wei\u00dfwein DOC \u00d3bidos\" \/>\n<meta property=\"og:url\" content=\"https:\/\/www.olistori.com\/de\/boutique\/kastchen-entdeckt\/\" \/>\n<meta property=\"og:site_name\" content=\"Olistori\" \/>\n<meta property=\"article:modified_time\" content=\"2021-01-06T17:00:57+00:00\" \/>\n<meta property=\"og:image\" content=\"https:\/\/www.olistori.com\/wp-content\/uploads\/2019\/11\/TRIO-ANGELICA-PAGINA-Vinagre-de-PORTO.jpg\" \/>\n\t<meta property=\"og:image:width\" content=\"1024\" \/>\n\t<meta property=\"og:image:height\" content=\"768\" \/>\n\t<meta property=\"og:image:type\" content=\"image\/jpeg\" \/>\n<meta name=\"twitter:card\" content=\"summary_large_image\" \/>\n<script type=\"application\/ld+json\" class=\"yoast-schema-graph\">{\"@context\":\"https:\/\/schema.org\",\"@graph\":[{\"@type\":\"WebPage\",\"@id\":\"https:\/\/www.olistori.com\/de\/boutique\/kastchen-entdeckt\/\",\"url\":\"https:\/\/www.olistori.com\/de\/boutique\/kastchen-entdeckt\/\",\"name\":\"K\u00e4stchen entdeckt - Olistori\",\"isPartOf\":{\"@id\":\"https:\/\/www.olistori.com\/de\/#website\"},\"primaryImageOfPage\":{\"@id\":\"https:\/\/www.olistori.com\/de\/boutique\/kastchen-entdeckt\/#primaryimage\"},\"image\":{\"@id\":\"https:\/\/www.olistori.com\/de\/boutique\/kastchen-entdeckt\/#primaryimage\"},\"thumbnailUrl\":\"https:\/\/www.olistori.com\/wp-content\/uploads\/2019\/11\/TRIO-ANGELICA-PAGINA-Vinagre-de-PORTO.jpg\",\"datePublished\":\"2019-11-22T00:54:25+00:00\",\"dateModified\":\"2021-01-06T17:00:57+00:00\",\"breadcrumb\":{\"@id\":\"https:\/\/www.olistori.com\/de\/boutique\/kastchen-entdeckt\/#breadcrumb\"},\"inLanguage\":\"de\",\"potentialAction\":[{\"@type\":\"ReadAction\",\"target\":[\"https:\/\/www.olistori.com\/de\/boutique\/kastchen-entdeckt\/\"]}]},{\"@type\":\"ImageObject\",\"inLanguage\":\"de\",\"@id\":\"https:\/\/www.olistori.com\/de\/boutique\/kastchen-entdeckt\/#primaryimage\",\"url\":\"https:\/\/www.olistori.com\/wp-content\/uploads\/2019\/11\/TRIO-ANGELICA-PAGINA-Vinagre-de-PORTO.jpg\",\"contentUrl\":\"https:\/\/www.olistori.com\/wp-content\/uploads\/2019\/11\/TRIO-ANGELICA-PAGINA-Vinagre-de-PORTO.jpg\",\"width\":1024,\"height\":768},{\"@type\":\"BreadcrumbList\",\"@id\":\"https:\/\/www.olistori.com\/de\/boutique\/kastchen-entdeckt\/#breadcrumb\",\"itemListElement\":[{\"@type\":\"ListItem\",\"position\":1,\"name\":\"Accueil\",\"item\":\"https:\/\/www.olistori.com\/de\/\"},{\"@type\":\"ListItem\",\"position\":2,\"name\":\"Shop\",\"item\":\"https:\/\/www.olistori.com\/de\/shop\/\"},{\"@type\":\"ListItem\",\"position\":3,\"name\":\"K\u00e4stchen entdeckt\"}]},{\"@type\":\"WebSite\",\"@id\":\"https:\/\/www.olistori.com\/de\/#website\",\"url\":\"https:\/\/www.olistori.com\/de\/\",\"name\":\"Olistori\",\"description\":\"HUILES D\u2019OLIVE PORTUGAISES S\u00c9LECTIONN\u00c9ES\",\"potentialAction\":[{\"@type\":\"SearchAction\",\"target\":{\"@type\":\"EntryPoint\",\"urlTemplate\":\"https:\/\/www.olistori.com\/de\/?s={search_term_string}\"},\"query-input\":\"required name=search_term_string\"}],\"inLanguage\":\"de\"}]}<\/script>\n<!-- \/ Yoast SEO plugin. -->","yoast_head_json":{"title":"K\u00e4stchen entdeckt - Olistori","robots":{"index":"index","follow":"follow","max-snippet":"max-snippet:-1","max-image-preview":"max-image-preview:large","max-video-preview":"max-video-preview:-1"},"canonical":"https:\/\/www.olistori.com\/de\/boutique\/kastchen-entdeckt\/","og_locale":"de_DE","og_type":"article","og_title":"K\u00e4stchen entdeckt - Olistori","og_description":"K\u00e4stchen entdeckt: -ANGELICA Oliven\u00f6l Extra-Virgin und Kaltextraktion -Essig im Portwein -P\u00c1GINA Encruzado 2017, Wei\u00dfwein DOC \u00d3bidos","og_url":"https:\/\/www.olistori.com\/de\/boutique\/kastchen-entdeckt\/","og_site_name":"Olistori","article_modified_time":"2021-01-06T17:00:57+00:00","og_image":[{"width":1024,"height":768,"url":"https:\/\/www.olistori.com\/wp-content\/uploads\/2019\/11\/TRIO-ANGELICA-PAGINA-Vinagre-de-PORTO.jpg","type":"image\/jpeg"}],"twitter_card":"summary_large_image","schema":{"@context":"https:\/\/schema.org","@graph":[{"@type":"WebPage","@id":"https:\/\/www.olistori.com\/de\/boutique\/kastchen-entdeckt\/","url":"https:\/\/www.olistori.com\/de\/boutique\/kastchen-entdeckt\/","name":"K\u00e4stchen entdeckt - Olistori","isPartOf":{"@id":"https:\/\/www.olistori.com\/de\/#website"},"primaryImageOfPage":{"@id":"https:\/\/www.olistori.com\/de\/boutique\/kastchen-entdeckt\/#primaryimage"},"image":{"@id":"https:\/\/www.olistori.com\/de\/boutique\/kastchen-entdeckt\/#primaryimage"},"thumbnailUrl":"https:\/\/www.olistori.com\/wp-content\/uploads\/2019\/11\/TRIO-ANGELICA-PAGINA-Vinagre-de-PORTO.jpg","datePublished":"2019-11-22T00:54:25+00:00","dateModified":"2021-01-06T17:00:57+00:00","breadcrumb":{"@id":"https:\/\/www.olistori.com\/de\/boutique\/kastchen-entdeckt\/#breadcrumb"},"inLanguage":"de","potentialAction":[{"@type":"ReadAction","target":["https:\/\/www.olistori.com\/de\/boutique\/kastchen-entdeckt\/"]}]},{"@type":"ImageObject","inLanguage":"de","@id":"https:\/\/www.olistori.com\/de\/boutique\/kastchen-entdeckt\/#primaryimage","url":"https:\/\/www.olistori.com\/wp-content\/uploads\/2019\/11\/TRIO-ANGELICA-PAGINA-Vinagre-de-PORTO.jpg","contentUrl":"https:\/\/www.olistori.com\/wp-content\/uploads\/2019\/11\/TRIO-ANGELICA-PAGINA-Vinagre-de-PORTO.jpg","width":1024,"height":768},{"@type":"BreadcrumbList","@id":"https:\/\/www.olistori.com\/de\/boutique\/kastchen-entdeckt\/#breadcrumb","itemListElement":[{"@type":"ListItem","position":1,"name":"Accueil","item":"https:\/\/www.olistori.com\/de\/"},{"@type":"ListItem","position":2,"name":"Shop","item":"https:\/\/www.olistori.com\/de\/shop\/"},{"@type":"ListItem","position":3,"name":"K\u00e4stchen entdeckt"}]},{"@type":"WebSite","@id":"https:\/\/www.olistori.com\/de\/#website","url":"https:\/\/www.olistori.com\/de\/","name":"Olistori","description":"HUILES D\u2019OLIVE PORTUGAISES S\u00c9LECTIONN\u00c9ES","potentialAction":[{"@type":"SearchAction","target":{"@type":"EntryPoint","urlTemplate":"https:\/\/www.olistori.com\/de\/?s={search_term_string}"},"query-input":"required name=search_term_string"}],"inLanguage":"de"}]}},"_links":{"self":[{"href":"https:\/\/www.olistori.com\/de\/wp-json\/wp\/v2\/product\/3654"}],"collection":[{"href":"https:\/\/www.olistori.com\/de\/wp-json\/wp\/v2\/product"}],"about":[{"href":"https:\/\/www.olistori.com\/de\/wp-json\/wp\/v2\/types\/product"}],"replies":[{"embeddable":true,"href":"https:\/\/www.olistori.com\/de\/wp-json\/wp\/v2\/comments?post=3654"}],"wp:featuredmedia":[{"embeddable":true,"href":"https:\/\/www.olistori.com\/de\/wp-json\/wp\/v2\/media\/7848"}],"wp:attachment":[{"href":"https:\/\/www.olistori.com\/de\/wp-json\/wp\/v2\/media?parent=3654"}],"wp:term":[{"taxonomy":"product_cat","embeddable":true,"href":"https:\/\/www.olistori.com\/de\/wp-json\/wp\/v2\/product_cat?post=3654"},{"taxonomy":"product_tag","embeddable":true,"href":"https:\/\/www.olistori.com\/de\/wp-json\/wp\/v2\/product_tag?post=3654"}],"curies":[{"name":"wp","href":"https:\/\/api.w.org\/{rel}","templated":true}]}}