{"id":3081,"date":"2019-06-28T17:16:41","date_gmt":"2019-06-28T15:16:41","guid":{"rendered":"https:\/\/olistori.menestys-consulting.fr\/?post_type=product&#038;p=3081"},"modified":"2020-05-12T11:14:26","modified_gmt":"2020-05-12T09:14:26","slug":"pack-saudade","status":"publish","type":"product","link":"https:\/\/www.olistori.com\/de\/boutique\/pack-saudade\/","title":{"rendered":"PACK SAUDADE"},"content":{"rendered":"<div class=\"fusion-fullwidth fullwidth-box fusion-builder-row-1 nonhundred-percent-fullwidth non-hundred-percent-height-scrolling\" style=\"--awb-border-radius-top-left:0px;--awb-border-radius-top-right:0px;--awb-border-radius-bottom-right:0px;--awb-border-radius-bottom-left:0px;--awb-flex-wrap:wrap;\" ><div class=\"fusion-builder-row fusion-row\"><\/div><\/div>\n","protected":false},"excerpt":{"rendered":"<p>Regionale Produktion: Algarve<\/p>\n<p>Geschenkset &#8220;Das Wesentliche der portugiesischen Tradition&#8221;: Sardinen in Oliven\u00f6l, Makrelenfilet, Kabeljauflocken &#8211; Ideal zum Anbieten!<\/p>\n<p>Handwerkliche Herstellung mit frischen und nat\u00fcrlichen Produkten<\/p>\n<p>Erh\u00e4ltlich im 360g Format.<\/p>\n","protected":false},"featured_media":3070,"comment_status":"closed","ping_status":"closed","template":"","meta":{"_exactmetrics_skip_tracking":false,"_exactmetrics_sitenote_active":false,"_exactmetrics_sitenote_note":"","_exactmetrics_sitenote_category":0},"product_cat":[75,72],"product_tag":[74],"yoast_head":"<!-- This site is optimized with the Yoast SEO plugin v23.0 - https:\/\/yoast.com\/wordpress\/plugins\/seo\/ -->\n<title>PACK SAUDADE - Olistori<\/title>\n<meta name=\"robots\" content=\"index, follow, max-snippet:-1, max-image-preview:large, max-video-preview:-1\" \/>\n<link rel=\"canonical\" href=\"https:\/\/www.olistori.com\/de\/boutique\/pack-saudade\/\" \/>\n<meta property=\"og:locale\" content=\"de_DE\" \/>\n<meta property=\"og:type\" content=\"article\" \/>\n<meta property=\"og:title\" content=\"PACK SAUDADE - Olistori\" \/>\n<meta property=\"og:description\" content=\"Regionale Produktion: Algarve  Geschenkset &quot;Das Wesentliche der portugiesischen Tradition&quot;: Sardinen in Oliven\u00f6l, Makrelenfilet, Kabeljauflocken - Ideal zum Anbieten!  Handwerkliche Herstellung mit frischen und nat\u00fcrlichen Produkten  Erh\u00e4ltlich im 360g Format.\" \/>\n<meta property=\"og:url\" content=\"https:\/\/www.olistori.com\/de\/boutique\/pack-saudade\/\" \/>\n<meta property=\"og:site_name\" content=\"Olistori\" \/>\n<meta property=\"article:modified_time\" content=\"2020-05-12T09:14:26+00:00\" \/>\n<meta property=\"og:image\" content=\"https:\/\/www.olistori.com\/wp-content\/uploads\/2019\/06\/GORETTI-SARDINES-BOX-1.jpg\" \/>\n\t<meta property=\"og:image:width\" content=\"1512\" \/>\n\t<meta property=\"og:image:height\" content=\"2016\" \/>\n\t<meta property=\"og:image:type\" content=\"image\/jpeg\" \/>\n<meta name=\"twitter:card\" content=\"summary_large_image\" \/>\n<script type=\"application\/ld+json\" class=\"yoast-schema-graph\">{\"@context\":\"https:\/\/schema.org\",\"@graph\":[{\"@type\":\"WebPage\",\"@id\":\"https:\/\/www.olistori.com\/de\/boutique\/pack-saudade\/\",\"url\":\"https:\/\/www.olistori.com\/de\/boutique\/pack-saudade\/\",\"name\":\"PACK SAUDADE - Olistori\",\"isPartOf\":{\"@id\":\"https:\/\/www.olistori.com\/de\/#website\"},\"primaryImageOfPage\":{\"@id\":\"https:\/\/www.olistori.com\/de\/boutique\/pack-saudade\/#primaryimage\"},\"image\":{\"@id\":\"https:\/\/www.olistori.com\/de\/boutique\/pack-saudade\/#primaryimage\"},\"thumbnailUrl\":\"https:\/\/www.olistori.com\/wp-content\/uploads\/2019\/06\/GORETTI-SARDINES-BOX-1.jpg\",\"datePublished\":\"2019-06-28T15:16:41+00:00\",\"dateModified\":\"2020-05-12T09:14:26+00:00\",\"breadcrumb\":{\"@id\":\"https:\/\/www.olistori.com\/de\/boutique\/pack-saudade\/#breadcrumb\"},\"inLanguage\":\"de\",\"potentialAction\":[{\"@type\":\"ReadAction\",\"target\":[\"https:\/\/www.olistori.com\/de\/boutique\/pack-saudade\/\"]}]},{\"@type\":\"ImageObject\",\"inLanguage\":\"de\",\"@id\":\"https:\/\/www.olistori.com\/de\/boutique\/pack-saudade\/#primaryimage\",\"url\":\"https:\/\/www.olistori.com\/wp-content\/uploads\/2019\/06\/GORETTI-SARDINES-BOX-1.jpg\",\"contentUrl\":\"https:\/\/www.olistori.com\/wp-content\/uploads\/2019\/06\/GORETTI-SARDINES-BOX-1.jpg\",\"width\":1512,\"height\":2016},{\"@type\":\"BreadcrumbList\",\"@id\":\"https:\/\/www.olistori.com\/de\/boutique\/pack-saudade\/#breadcrumb\",\"itemListElement\":[{\"@type\":\"ListItem\",\"position\":1,\"name\":\"Accueil\",\"item\":\"https:\/\/www.olistori.com\/de\/\"},{\"@type\":\"ListItem\",\"position\":2,\"name\":\"Shop\",\"item\":\"https:\/\/www.olistori.com\/de\/shop\/\"},{\"@type\":\"ListItem\",\"position\":3,\"name\":\"PACK SAUDADE\"}]},{\"@type\":\"WebSite\",\"@id\":\"https:\/\/www.olistori.com\/de\/#website\",\"url\":\"https:\/\/www.olistori.com\/de\/\",\"name\":\"Olistori\",\"description\":\"HUILES D\u2019OLIVE PORTUGAISES S\u00c9LECTIONN\u00c9ES\",\"potentialAction\":[{\"@type\":\"SearchAction\",\"target\":{\"@type\":\"EntryPoint\",\"urlTemplate\":\"https:\/\/www.olistori.com\/de\/?s={search_term_string}\"},\"query-input\":\"required name=search_term_string\"}],\"inLanguage\":\"de\"}]}<\/script>\n<!-- \/ Yoast SEO plugin. -->","yoast_head_json":{"title":"PACK SAUDADE - Olistori","robots":{"index":"index","follow":"follow","max-snippet":"max-snippet:-1","max-image-preview":"max-image-preview:large","max-video-preview":"max-video-preview:-1"},"canonical":"https:\/\/www.olistori.com\/de\/boutique\/pack-saudade\/","og_locale":"de_DE","og_type":"article","og_title":"PACK SAUDADE - Olistori","og_description":"Regionale Produktion: Algarve  Geschenkset \"Das Wesentliche der portugiesischen Tradition\": Sardinen in Oliven\u00f6l, Makrelenfilet, Kabeljauflocken - Ideal zum Anbieten!  Handwerkliche Herstellung mit frischen und nat\u00fcrlichen Produkten  Erh\u00e4ltlich im 360g Format.","og_url":"https:\/\/www.olistori.com\/de\/boutique\/pack-saudade\/","og_site_name":"Olistori","article_modified_time":"2020-05-12T09:14:26+00:00","og_image":[{"width":1512,"height":2016,"url":"https:\/\/www.olistori.com\/wp-content\/uploads\/2019\/06\/GORETTI-SARDINES-BOX-1.jpg","type":"image\/jpeg"}],"twitter_card":"summary_large_image","schema":{"@context":"https:\/\/schema.org","@graph":[{"@type":"WebPage","@id":"https:\/\/www.olistori.com\/de\/boutique\/pack-saudade\/","url":"https:\/\/www.olistori.com\/de\/boutique\/pack-saudade\/","name":"PACK SAUDADE - Olistori","isPartOf":{"@id":"https:\/\/www.olistori.com\/de\/#website"},"primaryImageOfPage":{"@id":"https:\/\/www.olistori.com\/de\/boutique\/pack-saudade\/#primaryimage"},"image":{"@id":"https:\/\/www.olistori.com\/de\/boutique\/pack-saudade\/#primaryimage"},"thumbnailUrl":"https:\/\/www.olistori.com\/wp-content\/uploads\/2019\/06\/GORETTI-SARDINES-BOX-1.jpg","datePublished":"2019-06-28T15:16:41+00:00","dateModified":"2020-05-12T09:14:26+00:00","breadcrumb":{"@id":"https:\/\/www.olistori.com\/de\/boutique\/pack-saudade\/#breadcrumb"},"inLanguage":"de","potentialAction":[{"@type":"ReadAction","target":["https:\/\/www.olistori.com\/de\/boutique\/pack-saudade\/"]}]},{"@type":"ImageObject","inLanguage":"de","@id":"https:\/\/www.olistori.com\/de\/boutique\/pack-saudade\/#primaryimage","url":"https:\/\/www.olistori.com\/wp-content\/uploads\/2019\/06\/GORETTI-SARDINES-BOX-1.jpg","contentUrl":"https:\/\/www.olistori.com\/wp-content\/uploads\/2019\/06\/GORETTI-SARDINES-BOX-1.jpg","width":1512,"height":2016},{"@type":"BreadcrumbList","@id":"https:\/\/www.olistori.com\/de\/boutique\/pack-saudade\/#breadcrumb","itemListElement":[{"@type":"ListItem","position":1,"name":"Accueil","item":"https:\/\/www.olistori.com\/de\/"},{"@type":"ListItem","position":2,"name":"Shop","item":"https:\/\/www.olistori.com\/de\/shop\/"},{"@type":"ListItem","position":3,"name":"PACK SAUDADE"}]},{"@type":"WebSite","@id":"https:\/\/www.olistori.com\/de\/#website","url":"https:\/\/www.olistori.com\/de\/","name":"Olistori","description":"HUILES D\u2019OLIVE PORTUGAISES S\u00c9LECTIONN\u00c9ES","potentialAction":[{"@type":"SearchAction","target":{"@type":"EntryPoint","urlTemplate":"https:\/\/www.olistori.com\/de\/?s={search_term_string}"},"query-input":"required name=search_term_string"}],"inLanguage":"de"}]}},"_links":{"self":[{"href":"https:\/\/www.olistori.com\/de\/wp-json\/wp\/v2\/product\/3081"}],"collection":[{"href":"https:\/\/www.olistori.com\/de\/wp-json\/wp\/v2\/product"}],"about":[{"href":"https:\/\/www.olistori.com\/de\/wp-json\/wp\/v2\/types\/product"}],"replies":[{"embeddable":true,"href":"https:\/\/www.olistori.com\/de\/wp-json\/wp\/v2\/comments?post=3081"}],"wp:featuredmedia":[{"embeddable":true,"href":"https:\/\/www.olistori.com\/de\/wp-json\/wp\/v2\/media\/3070"}],"wp:attachment":[{"href":"https:\/\/www.olistori.com\/de\/wp-json\/wp\/v2\/media?parent=3081"}],"wp:term":[{"taxonomy":"product_cat","embeddable":true,"href":"https:\/\/www.olistori.com\/de\/wp-json\/wp\/v2\/product_cat?post=3081"},{"taxonomy":"product_tag","embeddable":true,"href":"https:\/\/www.olistori.com\/de\/wp-json\/wp\/v2\/product_tag?post=3081"}],"curies":[{"name":"wp","href":"https:\/\/api.w.org\/{rel}","templated":true}]}}