{"id":3066,"date":"2019-06-28T17:03:22","date_gmt":"2019-06-28T15:03:22","guid":{"rendered":"https:\/\/olistori.menestys-consulting.fr\/?post_type=product&#038;p=3066"},"modified":"2020-05-12T11:14:59","modified_gmt":"2020-05-12T09:14:59","slug":"pack-sardines","status":"publish","type":"product","link":"https:\/\/www.olistori.com\/de\/boutique\/pack-sardines\/","title":{"rendered":"PACK SARDINES"},"content":{"rendered":"<div class=\"fusion-fullwidth fullwidth-box fusion-builder-row-1 nonhundred-percent-fullwidth non-hundred-percent-height-scrolling\" style=\"--awb-border-radius-top-left:0px;--awb-border-radius-top-right:0px;--awb-border-radius-bottom-right:0px;--awb-border-radius-bottom-left:0px;--awb-flex-wrap:wrap;\" ><div class=\"fusion-builder-row fusion-row\"><\/div><\/div>\n","protected":false},"excerpt":{"rendered":"<p>Regionale Produktion: Algarve<\/p>\n<p>Box mit drei Dosen Sardinen (Tomaten, scharfe Tomaten, Oliven\u00f6l) Geschenk ideal f\u00fcr die handgemachte<\/p>\n<p>Produktion mit frischen und nat\u00fcrlichen Produkten.<\/p>\n<p>Erh\u00e4ltlich im 360g Format.<\/p>\n","protected":false},"featured_media":3085,"comment_status":"closed","ping_status":"closed","template":"","meta":{"_exactmetrics_skip_tracking":false,"_exactmetrics_sitenote_active":false,"_exactmetrics_sitenote_note":"","_exactmetrics_sitenote_category":0},"product_cat":[75,72],"product_tag":[74],"yoast_head":"<!-- This site is optimized with the Yoast SEO plugin v23.0 - https:\/\/yoast.com\/wordpress\/plugins\/seo\/ -->\n<title>PACK SARDINES - Olistori<\/title>\n<meta name=\"robots\" content=\"index, follow, max-snippet:-1, max-image-preview:large, max-video-preview:-1\" \/>\n<link rel=\"canonical\" href=\"https:\/\/www.olistori.com\/de\/boutique\/pack-sardines\/\" \/>\n<meta property=\"og:locale\" content=\"de_DE\" \/>\n<meta property=\"og:type\" content=\"article\" \/>\n<meta property=\"og:title\" content=\"PACK SARDINES - Olistori\" \/>\n<meta property=\"og:description\" content=\"Regionale Produktion: Algarve  Box mit drei Dosen Sardinen (Tomaten, scharfe Tomaten, Oliven\u00f6l) Geschenk ideal f\u00fcr die handgemachte  Produktion mit frischen und nat\u00fcrlichen Produkten.  Erh\u00e4ltlich im 360g Format.\" \/>\n<meta property=\"og:url\" content=\"https:\/\/www.olistori.com\/de\/boutique\/pack-sardines\/\" \/>\n<meta property=\"og:site_name\" content=\"Olistori\" \/>\n<meta property=\"article:modified_time\" content=\"2020-05-12T09:14:59+00:00\" \/>\n<meta property=\"og:image\" content=\"https:\/\/www.olistori.com\/wp-content\/uploads\/2019\/06\/PACK-SAUDADE-1-e1561998033131.jpg\" \/>\n\t<meta property=\"og:image:width\" content=\"3024\" \/>\n\t<meta property=\"og:image:height\" content=\"4032\" \/>\n\t<meta property=\"og:image:type\" content=\"image\/jpeg\" \/>\n<meta name=\"twitter:card\" content=\"summary_large_image\" \/>\n<script type=\"application\/ld+json\" class=\"yoast-schema-graph\">{\"@context\":\"https:\/\/schema.org\",\"@graph\":[{\"@type\":\"WebPage\",\"@id\":\"https:\/\/www.olistori.com\/de\/boutique\/pack-sardines\/\",\"url\":\"https:\/\/www.olistori.com\/de\/boutique\/pack-sardines\/\",\"name\":\"PACK SARDINES - Olistori\",\"isPartOf\":{\"@id\":\"https:\/\/www.olistori.com\/de\/#website\"},\"primaryImageOfPage\":{\"@id\":\"https:\/\/www.olistori.com\/de\/boutique\/pack-sardines\/#primaryimage\"},\"image\":{\"@id\":\"https:\/\/www.olistori.com\/de\/boutique\/pack-sardines\/#primaryimage\"},\"thumbnailUrl\":\"https:\/\/www.olistori.com\/wp-content\/uploads\/2019\/06\/PACK-SAUDADE-1-e1561998033131.jpg\",\"datePublished\":\"2019-06-28T15:03:22+00:00\",\"dateModified\":\"2020-05-12T09:14:59+00:00\",\"breadcrumb\":{\"@id\":\"https:\/\/www.olistori.com\/de\/boutique\/pack-sardines\/#breadcrumb\"},\"inLanguage\":\"de\",\"potentialAction\":[{\"@type\":\"ReadAction\",\"target\":[\"https:\/\/www.olistori.com\/de\/boutique\/pack-sardines\/\"]}]},{\"@type\":\"ImageObject\",\"inLanguage\":\"de\",\"@id\":\"https:\/\/www.olistori.com\/de\/boutique\/pack-sardines\/#primaryimage\",\"url\":\"https:\/\/www.olistori.com\/wp-content\/uploads\/2019\/06\/PACK-SAUDADE-1-e1561998033131.jpg\",\"contentUrl\":\"https:\/\/www.olistori.com\/wp-content\/uploads\/2019\/06\/PACK-SAUDADE-1-e1561998033131.jpg\",\"width\":3024,\"height\":4032},{\"@type\":\"BreadcrumbList\",\"@id\":\"https:\/\/www.olistori.com\/de\/boutique\/pack-sardines\/#breadcrumb\",\"itemListElement\":[{\"@type\":\"ListItem\",\"position\":1,\"name\":\"Accueil\",\"item\":\"https:\/\/www.olistori.com\/de\/\"},{\"@type\":\"ListItem\",\"position\":2,\"name\":\"Shop\",\"item\":\"https:\/\/www.olistori.com\/de\/shop\/\"},{\"@type\":\"ListItem\",\"position\":3,\"name\":\"PACK SARDINES\"}]},{\"@type\":\"WebSite\",\"@id\":\"https:\/\/www.olistori.com\/de\/#website\",\"url\":\"https:\/\/www.olistori.com\/de\/\",\"name\":\"Olistori\",\"description\":\"HUILES D\u2019OLIVE PORTUGAISES S\u00c9LECTIONN\u00c9ES\",\"potentialAction\":[{\"@type\":\"SearchAction\",\"target\":{\"@type\":\"EntryPoint\",\"urlTemplate\":\"https:\/\/www.olistori.com\/de\/?s={search_term_string}\"},\"query-input\":\"required name=search_term_string\"}],\"inLanguage\":\"de\"}]}<\/script>\n<!-- \/ Yoast SEO plugin. -->","yoast_head_json":{"title":"PACK SARDINES - Olistori","robots":{"index":"index","follow":"follow","max-snippet":"max-snippet:-1","max-image-preview":"max-image-preview:large","max-video-preview":"max-video-preview:-1"},"canonical":"https:\/\/www.olistori.com\/de\/boutique\/pack-sardines\/","og_locale":"de_DE","og_type":"article","og_title":"PACK SARDINES - Olistori","og_description":"Regionale Produktion: Algarve  Box mit drei Dosen Sardinen (Tomaten, scharfe Tomaten, Oliven\u00f6l) Geschenk ideal f\u00fcr die handgemachte  Produktion mit frischen und nat\u00fcrlichen Produkten.  Erh\u00e4ltlich im 360g Format.","og_url":"https:\/\/www.olistori.com\/de\/boutique\/pack-sardines\/","og_site_name":"Olistori","article_modified_time":"2020-05-12T09:14:59+00:00","og_image":[{"width":3024,"height":4032,"url":"https:\/\/www.olistori.com\/wp-content\/uploads\/2019\/06\/PACK-SAUDADE-1-e1561998033131.jpg","type":"image\/jpeg"}],"twitter_card":"summary_large_image","schema":{"@context":"https:\/\/schema.org","@graph":[{"@type":"WebPage","@id":"https:\/\/www.olistori.com\/de\/boutique\/pack-sardines\/","url":"https:\/\/www.olistori.com\/de\/boutique\/pack-sardines\/","name":"PACK SARDINES - Olistori","isPartOf":{"@id":"https:\/\/www.olistori.com\/de\/#website"},"primaryImageOfPage":{"@id":"https:\/\/www.olistori.com\/de\/boutique\/pack-sardines\/#primaryimage"},"image":{"@id":"https:\/\/www.olistori.com\/de\/boutique\/pack-sardines\/#primaryimage"},"thumbnailUrl":"https:\/\/www.olistori.com\/wp-content\/uploads\/2019\/06\/PACK-SAUDADE-1-e1561998033131.jpg","datePublished":"2019-06-28T15:03:22+00:00","dateModified":"2020-05-12T09:14:59+00:00","breadcrumb":{"@id":"https:\/\/www.olistori.com\/de\/boutique\/pack-sardines\/#breadcrumb"},"inLanguage":"de","potentialAction":[{"@type":"ReadAction","target":["https:\/\/www.olistori.com\/de\/boutique\/pack-sardines\/"]}]},{"@type":"ImageObject","inLanguage":"de","@id":"https:\/\/www.olistori.com\/de\/boutique\/pack-sardines\/#primaryimage","url":"https:\/\/www.olistori.com\/wp-content\/uploads\/2019\/06\/PACK-SAUDADE-1-e1561998033131.jpg","contentUrl":"https:\/\/www.olistori.com\/wp-content\/uploads\/2019\/06\/PACK-SAUDADE-1-e1561998033131.jpg","width":3024,"height":4032},{"@type":"BreadcrumbList","@id":"https:\/\/www.olistori.com\/de\/boutique\/pack-sardines\/#breadcrumb","itemListElement":[{"@type":"ListItem","position":1,"name":"Accueil","item":"https:\/\/www.olistori.com\/de\/"},{"@type":"ListItem","position":2,"name":"Shop","item":"https:\/\/www.olistori.com\/de\/shop\/"},{"@type":"ListItem","position":3,"name":"PACK SARDINES"}]},{"@type":"WebSite","@id":"https:\/\/www.olistori.com\/de\/#website","url":"https:\/\/www.olistori.com\/de\/","name":"Olistori","description":"HUILES D\u2019OLIVE PORTUGAISES S\u00c9LECTIONN\u00c9ES","potentialAction":[{"@type":"SearchAction","target":{"@type":"EntryPoint","urlTemplate":"https:\/\/www.olistori.com\/de\/?s={search_term_string}"},"query-input":"required name=search_term_string"}],"inLanguage":"de"}]}},"_links":{"self":[{"href":"https:\/\/www.olistori.com\/de\/wp-json\/wp\/v2\/product\/3066"}],"collection":[{"href":"https:\/\/www.olistori.com\/de\/wp-json\/wp\/v2\/product"}],"about":[{"href":"https:\/\/www.olistori.com\/de\/wp-json\/wp\/v2\/types\/product"}],"replies":[{"embeddable":true,"href":"https:\/\/www.olistori.com\/de\/wp-json\/wp\/v2\/comments?post=3066"}],"wp:featuredmedia":[{"embeddable":true,"href":"https:\/\/www.olistori.com\/de\/wp-json\/wp\/v2\/media\/3085"}],"wp:attachment":[{"href":"https:\/\/www.olistori.com\/de\/wp-json\/wp\/v2\/media?parent=3066"}],"wp:term":[{"taxonomy":"product_cat","embeddable":true,"href":"https:\/\/www.olistori.com\/de\/wp-json\/wp\/v2\/product_cat?post=3066"},{"taxonomy":"product_tag","embeddable":true,"href":"https:\/\/www.olistori.com\/de\/wp-json\/wp\/v2\/product_tag?post=3066"}],"curies":[{"name":"wp","href":"https:\/\/api.w.org\/{rel}","templated":true}]}}