{"id":1718,"date":"2018-06-25T22:04:48","date_gmt":"2018-06-25T20:04:48","guid":{"rendered":"https:\/\/olistori.menestys-consulting.fr\/boutique\/angelica-copie\/"},"modified":"2024-10-05T14:06:14","modified_gmt":"2024-10-05T12:06:14","slug":"arvolea","status":"publish","type":"product","link":"https:\/\/www.olistori.com\/de\/boutique\/arvolea\/","title":{"rendered":"ARVOLEA"},"content":{"rendered":"<div class=\"fusion-fullwidth fullwidth-box fusion-builder-row-1 nonhundred-percent-fullwidth non-hundred-percent-height-scrolling\" style=\"--awb-border-radius-top-left:0px;--awb-border-radius-top-right:0px;--awb-border-radius-bottom-right:0px;--awb-border-radius-bottom-left:0px;--awb-flex-wrap:wrap;\" ><div class=\"fusion-builder-row fusion-row\"><div class=\"fusion-layout-column fusion_builder_column fusion-builder-column-0 fusion_builder_column_1_1 1_1 fusion-one-full fusion-column-first fusion-column-last\" style=\"--awb-bg-size:cover;--awb-margin-bottom:0px;\"><div class=\"fusion-column-wrapper fusion-flex-column-wrapper-legacy\"><div class=\"fusion-text fusion-text-1 oli-text-description\"><p><img decoding=\"async\" class=\"size-full wp-image-300 alignleft\" src=\"https:\/\/www.olistori.com\/wp-content\/uploads\/2018\/04\/oli-picto-nez.png\" alt=\"\" width=\"40\" height=\"40\" \/>Notes de choux, d&#8217;herbes, de pomme verte et de tomate verte.<\/p>\n<\/div><div class=\"fusion-text fusion-text-2 oli-text-description\"><p><a href=\"https:\/\/www.olistori.com\/wp-content\/uploads\/2018\/04\/oli-picto-oeil.png\"><img decoding=\"async\" class=\"size-full wp-image-299 alignleft\" src=\"https:\/\/www.olistori.com\/wp-content\/uploads\/2018\/04\/oli-picto-oeil.png\" alt=\"\" width=\"39\" height=\"19\" \/><\/a>\u00a0En bouche on d\u00e9c\u00e8le des notes d&#8217;herbe coup\u00e9e, d\u2019artichaut, d&#8217;amande am\u00e8res, de feuille de tomates suivi d&#8217;une l\u00e9g\u00e8re amertume qui passe \u00e0 un piquant prononc\u00e9 et persistant<\/p>\n<\/div><div class=\"fusion-sep-clear\"><\/div><div class=\"fusion-separator fusion-full-width-sep\" style=\"margin-left: auto;margin-right: auto;margin-top:10px;margin-bottom:10px;width:100%;\"><\/div><div class=\"fusion-sep-clear\"><\/div><div class=\"fusion-progressbar fusion-progressbar-text-on-bar oli-progressbar\" style=\"--awb-textcolor:#6b6a4b;--awb-height:20px;--awb-filledcolor:#baac28;--awb-unfilledcolor:#f0f0ed;\"><div class=\"fusion-progressbar-bar progress-bar\"><div class=\"progress progress-bar-content\" style=\"width:0%;\" role=\"progressbar\" aria-labelledby=\"awb-progressbar-label-1\" aria-valuemin=\"0\" aria-valuemax=\"100\" aria-valuenow=\"80\"><\/div><\/div> <span class=\"progress-title\" style=\"right: calc(15px + 20%);\"><span class=\"fusion-progressbar-text\" id=\"awb-progressbar-label-1\">Intensit\u00e4t<\/span> <\/span><\/div><div class=\"fusion-progressbar fusion-progressbar-text-on-bar oli-progressbar\" style=\"--awb-textcolor:#6b6a4b;--awb-height:20px;--awb-filledcolor:#baac28;--awb-unfilledcolor:#f0f0ed;\"><div class=\"fusion-progressbar-bar progress-bar\"><div class=\"progress progress-bar-content\" style=\"width:0%;\" role=\"progressbar\" aria-labelledby=\"awb-progressbar-label-2\" aria-valuemin=\"0\" aria-valuemax=\"100\" aria-valuenow=\"85\"><\/div><\/div> <span class=\"progress-title\" style=\"right: calc(15px + 15%);\"><span class=\"fusion-progressbar-text\" id=\"awb-progressbar-label-2\">FRUCHTGR\u00dcN<\/span> <\/span><\/div><div class=\"fusion-progressbar fusion-progressbar-text-on-bar oli-progressbar\" style=\"--awb-textcolor:#6b6a4b;--awb-height:20px;--awb-filledcolor:#baac28;--awb-unfilledcolor:#f0f0ed;\"><div class=\"fusion-progressbar-bar progress-bar\"><div class=\"progress progress-bar-content\" style=\"width:0%;\" role=\"progressbar\" aria-labelledby=\"awb-progressbar-label-3\" aria-valuemin=\"0\" aria-valuemax=\"100\" aria-valuenow=\"55\"><\/div><\/div> <span class=\"progress-title\" style=\"right: calc(15px + 45%);\"><span class=\"fusion-progressbar-text\" id=\"awb-progressbar-label-3\">FRUCHTIGKEIT<\/span> <\/span><\/div><div class=\"fusion-progressbar fusion-progressbar-text-on-bar oli-progressbar\" style=\"--awb-textcolor:#6b6a4b;--awb-height:20px;--awb-filledcolor:#baac28;--awb-unfilledcolor:#f0f0ed;\"><div class=\"fusion-progressbar-bar progress-bar\"><div class=\"progress progress-bar-content\" style=\"width:0%;\" role=\"progressbar\" aria-labelledby=\"awb-progressbar-label-4\" aria-valuemin=\"0\" aria-valuemax=\"100\" aria-valuenow=\"85\"><\/div><\/div> <span class=\"progress-title\" style=\"right: calc(15px + 15%);\"><span class=\"fusion-progressbar-text\" id=\"awb-progressbar-label-4\">BRENNEND<\/span> <\/span><\/div><div class=\"fusion-progressbar fusion-progressbar-text-on-bar oli-progressbar\" style=\"--awb-textcolor:#6b6a4b;--awb-height:20px;--awb-filledcolor:#baac28;--awb-unfilledcolor:#f0f0ed;\"><div class=\"fusion-progressbar-bar progress-bar\"><div class=\"progress progress-bar-content\" style=\"width:0%;\" role=\"progressbar\" aria-labelledby=\"awb-progressbar-label-5\" aria-valuemin=\"0\" aria-valuemax=\"100\" aria-valuenow=\"80\"><\/div><\/div> <span class=\"progress-title\" style=\"right: calc(15px + 20%);\"><span class=\"fusion-progressbar-text\" id=\"awb-progressbar-label-5\">L\u00c4NGE IM MUND<\/span> <\/span><\/div><div class=\"fusion-clearfix\"><\/div><\/div><\/div><\/div><\/div>\n","protected":false},"excerpt":{"rendered":"<p>Regionale Produktion: Tras-Dos-Montes<\/p>\n<p>Extra natives Oliven\u00f6l der h\u00f6heren Kategorie, das direkt aus Oliven mit mechanischen Methoden und durch Kaltextraktion gewonnen wird, um alle urspr\u00fcnglichen Aromen der Fr\u00fcchte zu bewahren.<\/p>\n<p><strong>Bio<\/strong> &#8211; 100% Santulhana &#8211; Gr\u00fcner Extrakt, frisches und feuriges \u00d6l, dezent w\u00fcrzig im Mund, zeichnet sich durch seine intensive pflanzliche Frucht aus.<\/p>\n<p><a href=\"https:\/\/www.olistori.com\/wp-content\/uploads\/2018\/04\/oli-picto-description-courte.png\"><img decoding=\"async\" class=\"size-full wp-image-302 alignleft\" src=\"https:\/\/www.olistori.com\/wp-content\/uploads\/2018\/04\/oli-picto-description-courte.png\" alt=\"\" width=\"29\" height=\"29\" \/><\/a> Essenspaarung:Als Aperitif mit Kirschtomaten, frischem K\u00e4se und Brot100%\u00a0 oder als Vorspeise auf einer kalten Melonensuppe!<\/p>\n<p>Erh\u00e4ltlich im\u00a0 500ml Format.<\/p>\n","protected":false},"featured_media":1223,"comment_status":"closed","ping_status":"closed","template":"","meta":{"_exactmetrics_skip_tracking":false,"_exactmetrics_sitenote_active":false,"_exactmetrics_sitenote_note":"","_exactmetrics_sitenote_category":0},"product_cat":[79,150,73,84],"product_tag":[74],"yoast_head":"<!-- This site is optimized with the Yoast SEO plugin v23.0 - https:\/\/yoast.com\/wordpress\/plugins\/seo\/ -->\n<title>ARVOLEA - Olistori<\/title>\n<meta name=\"robots\" content=\"index, follow, max-snippet:-1, max-image-preview:large, max-video-preview:-1\" \/>\n<link rel=\"canonical\" href=\"https:\/\/www.olistori.com\/de\/boutique\/arvolea\/\" \/>\n<meta property=\"og:locale\" content=\"de_DE\" \/>\n<meta property=\"og:type\" content=\"article\" \/>\n<meta property=\"og:title\" content=\"ARVOLEA - Olistori\" \/>\n<meta property=\"og:description\" content=\"Regionale Produktion: Tras-Dos-Montes  Extra natives Oliven\u00f6l der h\u00f6heren Kategorie, das direkt aus Oliven mit mechanischen Methoden und durch Kaltextraktion gewonnen wird, um alle urspr\u00fcnglichen Aromen der Fr\u00fcchte zu bewahren.  Bio - 100% Santulhana - Gr\u00fcner Extrakt, frisches und feuriges \u00d6l, dezent w\u00fcrzig im Mund, zeichnet sich durch seine intensive pflanzliche Frucht aus.   Essenspaarung:Als Aperitif mit Kirschtomaten, frischem K\u00e4se und Brot100%\u00a0 oder als Vorspeise auf einer kalten Melonensuppe!  Erh\u00e4ltlich im\u00a0 500ml Format.\" \/>\n<meta property=\"og:url\" content=\"https:\/\/www.olistori.com\/de\/boutique\/arvolea\/\" \/>\n<meta property=\"og:site_name\" content=\"Olistori\" \/>\n<meta property=\"article:modified_time\" content=\"2024-10-05T12:06:14+00:00\" \/>\n<meta property=\"og:image\" content=\"https:\/\/www.olistori.com\/wp-content\/uploads\/2018\/06\/ARVOLEA-NOIR.png\" \/>\n\t<meta property=\"og:image:width\" content=\"590\" \/>\n\t<meta property=\"og:image:height\" content=\"761\" \/>\n\t<meta property=\"og:image:type\" content=\"image\/png\" \/>\n<meta name=\"twitter:card\" content=\"summary_large_image\" \/>\n<meta name=\"twitter:label1\" content=\"Gesch\u00e4tzte Lesezeit\" \/>\n\t<meta name=\"twitter:data1\" content=\"2\u00a0Minuten\" \/>\n<script type=\"application\/ld+json\" class=\"yoast-schema-graph\">{\"@context\":\"https:\/\/schema.org\",\"@graph\":[{\"@type\":\"WebPage\",\"@id\":\"https:\/\/www.olistori.com\/de\/boutique\/arvolea\/\",\"url\":\"https:\/\/www.olistori.com\/de\/boutique\/arvolea\/\",\"name\":\"ARVOLEA - Olistori\",\"isPartOf\":{\"@id\":\"https:\/\/www.olistori.com\/de\/#website\"},\"primaryImageOfPage\":{\"@id\":\"https:\/\/www.olistori.com\/de\/boutique\/arvolea\/#primaryimage\"},\"image\":{\"@id\":\"https:\/\/www.olistori.com\/de\/boutique\/arvolea\/#primaryimage\"},\"thumbnailUrl\":\"https:\/\/www.olistori.com\/wp-content\/uploads\/2018\/06\/ARVOLEA-NOIR.png\",\"datePublished\":\"2018-06-25T20:04:48+00:00\",\"dateModified\":\"2024-10-05T12:06:14+00:00\",\"breadcrumb\":{\"@id\":\"https:\/\/www.olistori.com\/de\/boutique\/arvolea\/#breadcrumb\"},\"inLanguage\":\"de\",\"potentialAction\":[{\"@type\":\"ReadAction\",\"target\":[\"https:\/\/www.olistori.com\/de\/boutique\/arvolea\/\"]}]},{\"@type\":\"ImageObject\",\"inLanguage\":\"de\",\"@id\":\"https:\/\/www.olistori.com\/de\/boutique\/arvolea\/#primaryimage\",\"url\":\"https:\/\/www.olistori.com\/wp-content\/uploads\/2018\/06\/ARVOLEA-NOIR.png\",\"contentUrl\":\"https:\/\/www.olistori.com\/wp-content\/uploads\/2018\/06\/ARVOLEA-NOIR.png\",\"width\":590,\"height\":761},{\"@type\":\"BreadcrumbList\",\"@id\":\"https:\/\/www.olistori.com\/de\/boutique\/arvolea\/#breadcrumb\",\"itemListElement\":[{\"@type\":\"ListItem\",\"position\":1,\"name\":\"Accueil\",\"item\":\"https:\/\/www.olistori.com\/de\/\"},{\"@type\":\"ListItem\",\"position\":2,\"name\":\"Shop\",\"item\":\"https:\/\/www.olistori.com\/de\/shop\/\"},{\"@type\":\"ListItem\",\"position\":3,\"name\":\"ARVOLEA\"}]},{\"@type\":\"WebSite\",\"@id\":\"https:\/\/www.olistori.com\/de\/#website\",\"url\":\"https:\/\/www.olistori.com\/de\/\",\"name\":\"Olistori\",\"description\":\"HUILES D\u2019OLIVE PORTUGAISES S\u00c9LECTIONN\u00c9ES\",\"potentialAction\":[{\"@type\":\"SearchAction\",\"target\":{\"@type\":\"EntryPoint\",\"urlTemplate\":\"https:\/\/www.olistori.com\/de\/?s={search_term_string}\"},\"query-input\":\"required name=search_term_string\"}],\"inLanguage\":\"de\"}]}<\/script>\n<!-- \/ Yoast SEO plugin. -->","yoast_head_json":{"title":"ARVOLEA - Olistori","robots":{"index":"index","follow":"follow","max-snippet":"max-snippet:-1","max-image-preview":"max-image-preview:large","max-video-preview":"max-video-preview:-1"},"canonical":"https:\/\/www.olistori.com\/de\/boutique\/arvolea\/","og_locale":"de_DE","og_type":"article","og_title":"ARVOLEA - Olistori","og_description":"Regionale Produktion: Tras-Dos-Montes  Extra natives Oliven\u00f6l der h\u00f6heren Kategorie, das direkt aus Oliven mit mechanischen Methoden und durch Kaltextraktion gewonnen wird, um alle urspr\u00fcnglichen Aromen der Fr\u00fcchte zu bewahren.  Bio - 100% Santulhana - Gr\u00fcner Extrakt, frisches und feuriges \u00d6l, dezent w\u00fcrzig im Mund, zeichnet sich durch seine intensive pflanzliche Frucht aus.   Essenspaarung:Als Aperitif mit Kirschtomaten, frischem K\u00e4se und Brot100%\u00a0 oder als Vorspeise auf einer kalten Melonensuppe!  Erh\u00e4ltlich im\u00a0 500ml Format.","og_url":"https:\/\/www.olistori.com\/de\/boutique\/arvolea\/","og_site_name":"Olistori","article_modified_time":"2024-10-05T12:06:14+00:00","og_image":[{"width":590,"height":761,"url":"https:\/\/www.olistori.com\/wp-content\/uploads\/2018\/06\/ARVOLEA-NOIR.png","type":"image\/png"}],"twitter_card":"summary_large_image","twitter_misc":{"Gesch\u00e4tzte Lesezeit":"2\u00a0Minuten"},"schema":{"@context":"https:\/\/schema.org","@graph":[{"@type":"WebPage","@id":"https:\/\/www.olistori.com\/de\/boutique\/arvolea\/","url":"https:\/\/www.olistori.com\/de\/boutique\/arvolea\/","name":"ARVOLEA - Olistori","isPartOf":{"@id":"https:\/\/www.olistori.com\/de\/#website"},"primaryImageOfPage":{"@id":"https:\/\/www.olistori.com\/de\/boutique\/arvolea\/#primaryimage"},"image":{"@id":"https:\/\/www.olistori.com\/de\/boutique\/arvolea\/#primaryimage"},"thumbnailUrl":"https:\/\/www.olistori.com\/wp-content\/uploads\/2018\/06\/ARVOLEA-NOIR.png","datePublished":"2018-06-25T20:04:48+00:00","dateModified":"2024-10-05T12:06:14+00:00","breadcrumb":{"@id":"https:\/\/www.olistori.com\/de\/boutique\/arvolea\/#breadcrumb"},"inLanguage":"de","potentialAction":[{"@type":"ReadAction","target":["https:\/\/www.olistori.com\/de\/boutique\/arvolea\/"]}]},{"@type":"ImageObject","inLanguage":"de","@id":"https:\/\/www.olistori.com\/de\/boutique\/arvolea\/#primaryimage","url":"https:\/\/www.olistori.com\/wp-content\/uploads\/2018\/06\/ARVOLEA-NOIR.png","contentUrl":"https:\/\/www.olistori.com\/wp-content\/uploads\/2018\/06\/ARVOLEA-NOIR.png","width":590,"height":761},{"@type":"BreadcrumbList","@id":"https:\/\/www.olistori.com\/de\/boutique\/arvolea\/#breadcrumb","itemListElement":[{"@type":"ListItem","position":1,"name":"Accueil","item":"https:\/\/www.olistori.com\/de\/"},{"@type":"ListItem","position":2,"name":"Shop","item":"https:\/\/www.olistori.com\/de\/shop\/"},{"@type":"ListItem","position":3,"name":"ARVOLEA"}]},{"@type":"WebSite","@id":"https:\/\/www.olistori.com\/de\/#website","url":"https:\/\/www.olistori.com\/de\/","name":"Olistori","description":"HUILES D\u2019OLIVE PORTUGAISES S\u00c9LECTIONN\u00c9ES","potentialAction":[{"@type":"SearchAction","target":{"@type":"EntryPoint","urlTemplate":"https:\/\/www.olistori.com\/de\/?s={search_term_string}"},"query-input":"required name=search_term_string"}],"inLanguage":"de"}]}},"_links":{"self":[{"href":"https:\/\/www.olistori.com\/de\/wp-json\/wp\/v2\/product\/1718"}],"collection":[{"href":"https:\/\/www.olistori.com\/de\/wp-json\/wp\/v2\/product"}],"about":[{"href":"https:\/\/www.olistori.com\/de\/wp-json\/wp\/v2\/types\/product"}],"replies":[{"embeddable":true,"href":"https:\/\/www.olistori.com\/de\/wp-json\/wp\/v2\/comments?post=1718"}],"wp:featuredmedia":[{"embeddable":true,"href":"https:\/\/www.olistori.com\/de\/wp-json\/wp\/v2\/media\/1223"}],"wp:attachment":[{"href":"https:\/\/www.olistori.com\/de\/wp-json\/wp\/v2\/media?parent=1718"}],"wp:term":[{"taxonomy":"product_cat","embeddable":true,"href":"https:\/\/www.olistori.com\/de\/wp-json\/wp\/v2\/product_cat?post=1718"},{"taxonomy":"product_tag","embeddable":true,"href":"https:\/\/www.olistori.com\/de\/wp-json\/wp\/v2\/product_tag?post=1718"}],"curies":[{"name":"wp","href":"https:\/\/api.w.org\/{rel}","templated":true}]}}