{"id":1658,"date":"2018-06-12T15:39:25","date_gmt":"2018-06-12T13:39:25","guid":{"rendered":"https:\/\/olistori.menestys-consulting.fr\/boutique\/creme-de-balsamique-aromatisee-a-la-truffe-noire\/"},"modified":"2021-12-16T19:29:42","modified_gmt":"2021-12-16T18:29:42","slug":"creme-de-balsamique-aromatisee-a-la-truffe-noire","status":"publish","type":"product","link":"https:\/\/www.olistori.com\/de\/boutique\/creme-de-balsamique-aromatisee-a-la-truffe-noire\/","title":{"rendered":"Cr\u00e8me de Balsamique aromatis\u00e9e \u00e0 la Truffe Noire"},"content":{"rendered":"","protected":false},"excerpt":{"rendered":"<p>Regionale Produktion : Lisboa<\/p>\n<p>Modena Balsamico &#8211; Alkohol Essig &#8211; Traubenmost gekochter (Sulfit) &#8211; Weinessig (Sulfit) &#8211; Franz\u00f6sische Eiche<\/p>\n<p><a href=\"https:\/\/www.olistori.com\/wp-content\/uploads\/2018\/04\/oli-picto-description-courte.png\"><img decoding=\"async\" class=\"size-full wp-image-302 alignleft\" src=\"https:\/\/www.olistori.com\/wp-content\/uploads\/2018\/04\/oli-picto-description-courte.png\" alt=\"\" width=\"29\" height=\"29\" \/><\/a>Essenspaarung : perfekte \u00dcbereinstimmung mit -1-die Eier -2 Nudeln<\/p>\n<p>Erh\u00e4ltlich im Format 150ml.<\/p>\n","protected":false},"featured_media":12418,"comment_status":"closed","ping_status":"closed","template":"","meta":{"_exactmetrics_skip_tracking":false,"_exactmetrics_sitenote_active":false,"_exactmetrics_sitenote_note":"","_exactmetrics_sitenote_category":0},"product_cat":[153,72],"product_tag":[],"yoast_head":"<!-- This site is optimized with the Yoast SEO plugin v23.0 - https:\/\/yoast.com\/wordpress\/plugins\/seo\/ -->\n<title>Cr\u00e8me de Balsamique aromatis\u00e9e \u00e0 la Truffe Noire - Olistori<\/title>\n<meta name=\"robots\" content=\"index, follow, max-snippet:-1, max-image-preview:large, max-video-preview:-1\" \/>\n<link rel=\"canonical\" href=\"https:\/\/www.olistori.com\/de\/boutique\/creme-de-balsamique-aromatisee-a-la-truffe-noire\/\" \/>\n<meta property=\"og:locale\" content=\"de_DE\" \/>\n<meta property=\"og:type\" content=\"article\" \/>\n<meta property=\"og:title\" content=\"Cr\u00e8me de Balsamique aromatis\u00e9e \u00e0 la Truffe Noire - Olistori\" \/>\n<meta property=\"og:description\" content=\"Regionale Produktion : Lisboa Modena Balsamico - Alkohol Essig - Traubenmost gekochter (Sulfit) - Weinessig (Sulfit) - Franz\u00f6sische Eiche Essenspaarung : perfekte \u00dcbereinstimmung mit -1-die Eier -2 Nudeln Erh\u00e4ltlich im Format 150ml.\" \/>\n<meta property=\"og:url\" content=\"https:\/\/www.olistori.com\/de\/boutique\/creme-de-balsamique-aromatisee-a-la-truffe-noire\/\" \/>\n<meta property=\"og:site_name\" content=\"Olistori\" \/>\n<meta property=\"article:modified_time\" content=\"2021-12-16T18:29:42+00:00\" \/>\n<meta property=\"og:image\" content=\"https:\/\/www.olistori.com\/wp-content\/uploads\/2018\/06\/CBtr.png\" \/>\n\t<meta property=\"og:image:width\" content=\"590\" \/>\n\t<meta property=\"og:image:height\" content=\"761\" \/>\n\t<meta property=\"og:image:type\" content=\"image\/png\" \/>\n<meta name=\"twitter:card\" content=\"summary_large_image\" \/>\n<script type=\"application\/ld+json\" class=\"yoast-schema-graph\">{\"@context\":\"https:\/\/schema.org\",\"@graph\":[{\"@type\":\"WebPage\",\"@id\":\"https:\/\/www.olistori.com\/de\/boutique\/creme-de-balsamique-aromatisee-a-la-truffe-noire\/\",\"url\":\"https:\/\/www.olistori.com\/de\/boutique\/creme-de-balsamique-aromatisee-a-la-truffe-noire\/\",\"name\":\"Cr\u00e8me de Balsamique aromatis\u00e9e \u00e0 la Truffe Noire - Olistori\",\"isPartOf\":{\"@id\":\"https:\/\/www.olistori.com\/de\/#website\"},\"primaryImageOfPage\":{\"@id\":\"https:\/\/www.olistori.com\/de\/boutique\/creme-de-balsamique-aromatisee-a-la-truffe-noire\/#primaryimage\"},\"image\":{\"@id\":\"https:\/\/www.olistori.com\/de\/boutique\/creme-de-balsamique-aromatisee-a-la-truffe-noire\/#primaryimage\"},\"thumbnailUrl\":\"https:\/\/www.olistori.com\/wp-content\/uploads\/2018\/06\/CBtr.png\",\"datePublished\":\"2018-06-12T13:39:25+00:00\",\"dateModified\":\"2021-12-16T18:29:42+00:00\",\"breadcrumb\":{\"@id\":\"https:\/\/www.olistori.com\/de\/boutique\/creme-de-balsamique-aromatisee-a-la-truffe-noire\/#breadcrumb\"},\"inLanguage\":\"de\",\"potentialAction\":[{\"@type\":\"ReadAction\",\"target\":[\"https:\/\/www.olistori.com\/de\/boutique\/creme-de-balsamique-aromatisee-a-la-truffe-noire\/\"]}]},{\"@type\":\"ImageObject\",\"inLanguage\":\"de\",\"@id\":\"https:\/\/www.olistori.com\/de\/boutique\/creme-de-balsamique-aromatisee-a-la-truffe-noire\/#primaryimage\",\"url\":\"https:\/\/www.olistori.com\/wp-content\/uploads\/2018\/06\/CBtr.png\",\"contentUrl\":\"https:\/\/www.olistori.com\/wp-content\/uploads\/2018\/06\/CBtr.png\",\"width\":590,\"height\":761},{\"@type\":\"BreadcrumbList\",\"@id\":\"https:\/\/www.olistori.com\/de\/boutique\/creme-de-balsamique-aromatisee-a-la-truffe-noire\/#breadcrumb\",\"itemListElement\":[{\"@type\":\"ListItem\",\"position\":1,\"name\":\"Accueil\",\"item\":\"https:\/\/www.olistori.com\/de\/\"},{\"@type\":\"ListItem\",\"position\":2,\"name\":\"Shop\",\"item\":\"https:\/\/www.olistori.com\/de\/shop\/\"},{\"@type\":\"ListItem\",\"position\":3,\"name\":\"Cr\u00e8me de Balsamique aromatis\u00e9e \u00e0 la Truffe Noire\"}]},{\"@type\":\"WebSite\",\"@id\":\"https:\/\/www.olistori.com\/de\/#website\",\"url\":\"https:\/\/www.olistori.com\/de\/\",\"name\":\"Olistori\",\"description\":\"HUILES D\u2019OLIVE PORTUGAISES S\u00c9LECTIONN\u00c9ES\",\"potentialAction\":[{\"@type\":\"SearchAction\",\"target\":{\"@type\":\"EntryPoint\",\"urlTemplate\":\"https:\/\/www.olistori.com\/de\/?s={search_term_string}\"},\"query-input\":\"required name=search_term_string\"}],\"inLanguage\":\"de\"}]}<\/script>\n<!-- \/ Yoast SEO plugin. -->","yoast_head_json":{"title":"Cr\u00e8me de Balsamique aromatis\u00e9e \u00e0 la Truffe Noire - Olistori","robots":{"index":"index","follow":"follow","max-snippet":"max-snippet:-1","max-image-preview":"max-image-preview:large","max-video-preview":"max-video-preview:-1"},"canonical":"https:\/\/www.olistori.com\/de\/boutique\/creme-de-balsamique-aromatisee-a-la-truffe-noire\/","og_locale":"de_DE","og_type":"article","og_title":"Cr\u00e8me de Balsamique aromatis\u00e9e \u00e0 la Truffe Noire - Olistori","og_description":"Regionale Produktion : Lisboa Modena Balsamico - Alkohol Essig - Traubenmost gekochter (Sulfit) - Weinessig (Sulfit) - Franz\u00f6sische Eiche Essenspaarung : perfekte \u00dcbereinstimmung mit -1-die Eier -2 Nudeln Erh\u00e4ltlich im Format 150ml.","og_url":"https:\/\/www.olistori.com\/de\/boutique\/creme-de-balsamique-aromatisee-a-la-truffe-noire\/","og_site_name":"Olistori","article_modified_time":"2021-12-16T18:29:42+00:00","og_image":[{"width":590,"height":761,"url":"https:\/\/www.olistori.com\/wp-content\/uploads\/2018\/06\/CBtr.png","type":"image\/png"}],"twitter_card":"summary_large_image","schema":{"@context":"https:\/\/schema.org","@graph":[{"@type":"WebPage","@id":"https:\/\/www.olistori.com\/de\/boutique\/creme-de-balsamique-aromatisee-a-la-truffe-noire\/","url":"https:\/\/www.olistori.com\/de\/boutique\/creme-de-balsamique-aromatisee-a-la-truffe-noire\/","name":"Cr\u00e8me de Balsamique aromatis\u00e9e \u00e0 la Truffe Noire - Olistori","isPartOf":{"@id":"https:\/\/www.olistori.com\/de\/#website"},"primaryImageOfPage":{"@id":"https:\/\/www.olistori.com\/de\/boutique\/creme-de-balsamique-aromatisee-a-la-truffe-noire\/#primaryimage"},"image":{"@id":"https:\/\/www.olistori.com\/de\/boutique\/creme-de-balsamique-aromatisee-a-la-truffe-noire\/#primaryimage"},"thumbnailUrl":"https:\/\/www.olistori.com\/wp-content\/uploads\/2018\/06\/CBtr.png","datePublished":"2018-06-12T13:39:25+00:00","dateModified":"2021-12-16T18:29:42+00:00","breadcrumb":{"@id":"https:\/\/www.olistori.com\/de\/boutique\/creme-de-balsamique-aromatisee-a-la-truffe-noire\/#breadcrumb"},"inLanguage":"de","potentialAction":[{"@type":"ReadAction","target":["https:\/\/www.olistori.com\/de\/boutique\/creme-de-balsamique-aromatisee-a-la-truffe-noire\/"]}]},{"@type":"ImageObject","inLanguage":"de","@id":"https:\/\/www.olistori.com\/de\/boutique\/creme-de-balsamique-aromatisee-a-la-truffe-noire\/#primaryimage","url":"https:\/\/www.olistori.com\/wp-content\/uploads\/2018\/06\/CBtr.png","contentUrl":"https:\/\/www.olistori.com\/wp-content\/uploads\/2018\/06\/CBtr.png","width":590,"height":761},{"@type":"BreadcrumbList","@id":"https:\/\/www.olistori.com\/de\/boutique\/creme-de-balsamique-aromatisee-a-la-truffe-noire\/#breadcrumb","itemListElement":[{"@type":"ListItem","position":1,"name":"Accueil","item":"https:\/\/www.olistori.com\/de\/"},{"@type":"ListItem","position":2,"name":"Shop","item":"https:\/\/www.olistori.com\/de\/shop\/"},{"@type":"ListItem","position":3,"name":"Cr\u00e8me de Balsamique aromatis\u00e9e \u00e0 la Truffe Noire"}]},{"@type":"WebSite","@id":"https:\/\/www.olistori.com\/de\/#website","url":"https:\/\/www.olistori.com\/de\/","name":"Olistori","description":"HUILES D\u2019OLIVE PORTUGAISES S\u00c9LECTIONN\u00c9ES","potentialAction":[{"@type":"SearchAction","target":{"@type":"EntryPoint","urlTemplate":"https:\/\/www.olistori.com\/de\/?s={search_term_string}"},"query-input":"required name=search_term_string"}],"inLanguage":"de"}]}},"_links":{"self":[{"href":"https:\/\/www.olistori.com\/de\/wp-json\/wp\/v2\/product\/1658"}],"collection":[{"href":"https:\/\/www.olistori.com\/de\/wp-json\/wp\/v2\/product"}],"about":[{"href":"https:\/\/www.olistori.com\/de\/wp-json\/wp\/v2\/types\/product"}],"replies":[{"embeddable":true,"href":"https:\/\/www.olistori.com\/de\/wp-json\/wp\/v2\/comments?post=1658"}],"wp:featuredmedia":[{"embeddable":true,"href":"https:\/\/www.olistori.com\/de\/wp-json\/wp\/v2\/media\/12418"}],"wp:attachment":[{"href":"https:\/\/www.olistori.com\/de\/wp-json\/wp\/v2\/media?parent=1658"}],"wp:term":[{"taxonomy":"product_cat","embeddable":true,"href":"https:\/\/www.olistori.com\/de\/wp-json\/wp\/v2\/product_cat?post=1658"},{"taxonomy":"product_tag","embeddable":true,"href":"https:\/\/www.olistori.com\/de\/wp-json\/wp\/v2\/product_tag?post=1658"}],"curies":[{"name":"wp","href":"https:\/\/api.w.org\/{rel}","templated":true}]}}