{"id":1643,"date":"2018-06-28T22:54:39","date_gmt":"2018-06-28T20:54:39","guid":{"rendered":"https:\/\/olistori.menestys-consulting.fr\/boutique\/foot-scrub-vervena\/"},"modified":"2019-08-24T19:35:42","modified_gmt":"2019-08-24T17:35:42","slug":"foot-scrub-vervena","status":"publish","type":"product","link":"https:\/\/www.olistori.com\/de\/boutique\/foot-scrub-vervena\/","title":{"rendered":"FOOT SCRUB VERVENA"},"content":{"rendered":"<div class=\"fusion-fullwidth fullwidth-box fusion-builder-row-1 nonhundred-percent-fullwidth non-hundred-percent-height-scrolling\" style=\"--awb-border-radius-top-left:0px;--awb-border-radius-top-right:0px;--awb-border-radius-bottom-right:0px;--awb-border-radius-bottom-left:0px;--awb-flex-wrap:wrap;\" ><div class=\"fusion-builder-row fusion-row\"><div class=\"fusion-layout-column fusion_builder_column fusion-builder-column-0 fusion_builder_column_1_1 1_1 fusion-one-full fusion-column-first fusion-column-last\" style=\"--awb-bg-size:cover;--awb-margin-bottom:0px;\"><div class=\"fusion-column-wrapper fusion-flex-column-wrapper-legacy\"><div class=\"fusion-text fusion-text-1\"><p>S\u00fc\u00dfer Duft nach frischer Verbene<img decoding=\"async\" class=\"alignnone size-full wp-image-300 alignleft\" src=\"https:\/\/www.olistori.com\/wp-content\/uploads\/2018\/04\/oli-picto-nez.png\" alt=\"\" width=\"40\" height=\"40\" \/><\/p>\n<\/div><div class=\"fusion-sep-clear\"><\/div><div class=\"fusion-separator fusion-full-width-sep\" style=\"margin-left: auto;margin-right: auto;width:100%;\"><\/div><div class=\"fusion-sep-clear\"><\/div><div class=\"fusion-clearfix\"><\/div><\/div><\/div><\/div><\/div>\n","protected":false},"excerpt":{"rendered":"<p>Regionale Produktion: ALENTEJO INTERIOR<\/p>\n<p>RELAX K\u00f6rperpeeling in LA VERVEINE &#8211;<\/p>\n<p>Beseitigen Sie tote Zellen, beleben Sie m\u00fcde Haut. Chilli stimuliert die Durchblutung und Zimt hilft Stress und Reizbarkeit zu beseitigen.<\/p>\n<p>Erh\u00e4ltlich im 100g Format.<\/p>\n","protected":false},"featured_media":1433,"comment_status":"closed","ping_status":"closed","template":"","meta":{"_exactmetrics_skip_tracking":false,"_exactmetrics_sitenote_active":false,"_exactmetrics_sitenote_note":"","_exactmetrics_sitenote_category":0},"product_cat":[71],"product_tag":[],"yoast_head":"<!-- This site is optimized with the Yoast SEO plugin v23.0 - https:\/\/yoast.com\/wordpress\/plugins\/seo\/ -->\n<title>FOOT SCRUB VERVENA - Olistori<\/title>\n<meta name=\"robots\" content=\"index, follow, max-snippet:-1, max-image-preview:large, max-video-preview:-1\" \/>\n<link rel=\"canonical\" href=\"https:\/\/www.olistori.com\/de\/boutique\/foot-scrub-vervena\/\" \/>\n<meta property=\"og:locale\" content=\"de_DE\" \/>\n<meta property=\"og:type\" content=\"article\" \/>\n<meta property=\"og:title\" content=\"FOOT SCRUB VERVENA - Olistori\" \/>\n<meta property=\"og:description\" content=\"Regionale Produktion: ALENTEJO INTERIOR  RELAX K\u00f6rperpeeling in LA VERVEINE -  Beseitigen Sie tote Zellen, beleben Sie m\u00fcde Haut. Chilli stimuliert die Durchblutung und Zimt hilft Stress und Reizbarkeit zu beseitigen.  Erh\u00e4ltlich im 100g Format.\" \/>\n<meta property=\"og:url\" content=\"https:\/\/www.olistori.com\/de\/boutique\/foot-scrub-vervena\/\" \/>\n<meta property=\"og:site_name\" content=\"Olistori\" \/>\n<meta property=\"article:modified_time\" content=\"2019-08-24T17:35:42+00:00\" \/>\n<meta property=\"og:image\" content=\"https:\/\/www.olistori.com\/wp-content\/uploads\/2018\/06\/BODY-SCRUB-VERBENA-landscape.jpg\" \/>\n\t<meta property=\"og:image:width\" content=\"590\" \/>\n\t<meta property=\"og:image:height\" content=\"550\" \/>\n\t<meta property=\"og:image:type\" content=\"image\/jpeg\" \/>\n<meta name=\"twitter:card\" content=\"summary_large_image\" \/>\n<meta name=\"twitter:label1\" content=\"Gesch\u00e4tzte Lesezeit\" \/>\n\t<meta name=\"twitter:data1\" content=\"1\u00a0Minute\" \/>\n<script type=\"application\/ld+json\" class=\"yoast-schema-graph\">{\"@context\":\"https:\/\/schema.org\",\"@graph\":[{\"@type\":\"WebPage\",\"@id\":\"https:\/\/www.olistori.com\/de\/boutique\/foot-scrub-vervena\/\",\"url\":\"https:\/\/www.olistori.com\/de\/boutique\/foot-scrub-vervena\/\",\"name\":\"FOOT SCRUB VERVENA - Olistori\",\"isPartOf\":{\"@id\":\"https:\/\/www.olistori.com\/de\/#website\"},\"primaryImageOfPage\":{\"@id\":\"https:\/\/www.olistori.com\/de\/boutique\/foot-scrub-vervena\/#primaryimage\"},\"image\":{\"@id\":\"https:\/\/www.olistori.com\/de\/boutique\/foot-scrub-vervena\/#primaryimage\"},\"thumbnailUrl\":\"https:\/\/www.olistori.com\/wp-content\/uploads\/2018\/06\/BODY-SCRUB-VERBENA-landscape.jpg\",\"datePublished\":\"2018-06-28T20:54:39+00:00\",\"dateModified\":\"2019-08-24T17:35:42+00:00\",\"breadcrumb\":{\"@id\":\"https:\/\/www.olistori.com\/de\/boutique\/foot-scrub-vervena\/#breadcrumb\"},\"inLanguage\":\"de\",\"potentialAction\":[{\"@type\":\"ReadAction\",\"target\":[\"https:\/\/www.olistori.com\/de\/boutique\/foot-scrub-vervena\/\"]}]},{\"@type\":\"ImageObject\",\"inLanguage\":\"de\",\"@id\":\"https:\/\/www.olistori.com\/de\/boutique\/foot-scrub-vervena\/#primaryimage\",\"url\":\"https:\/\/www.olistori.com\/wp-content\/uploads\/2018\/06\/BODY-SCRUB-VERBENA-landscape.jpg\",\"contentUrl\":\"https:\/\/www.olistori.com\/wp-content\/uploads\/2018\/06\/BODY-SCRUB-VERBENA-landscape.jpg\",\"width\":590,\"height\":550},{\"@type\":\"BreadcrumbList\",\"@id\":\"https:\/\/www.olistori.com\/de\/boutique\/foot-scrub-vervena\/#breadcrumb\",\"itemListElement\":[{\"@type\":\"ListItem\",\"position\":1,\"name\":\"Accueil\",\"item\":\"https:\/\/www.olistori.com\/de\/\"},{\"@type\":\"ListItem\",\"position\":2,\"name\":\"Shop\",\"item\":\"https:\/\/www.olistori.com\/de\/shop\/\"},{\"@type\":\"ListItem\",\"position\":3,\"name\":\"FOOT SCRUB VERVENA\"}]},{\"@type\":\"WebSite\",\"@id\":\"https:\/\/www.olistori.com\/de\/#website\",\"url\":\"https:\/\/www.olistori.com\/de\/\",\"name\":\"Olistori\",\"description\":\"HUILES D\u2019OLIVE PORTUGAISES S\u00c9LECTIONN\u00c9ES\",\"potentialAction\":[{\"@type\":\"SearchAction\",\"target\":{\"@type\":\"EntryPoint\",\"urlTemplate\":\"https:\/\/www.olistori.com\/de\/?s={search_term_string}\"},\"query-input\":\"required name=search_term_string\"}],\"inLanguage\":\"de\"}]}<\/script>\n<!-- \/ Yoast SEO plugin. -->","yoast_head_json":{"title":"FOOT SCRUB VERVENA - Olistori","robots":{"index":"index","follow":"follow","max-snippet":"max-snippet:-1","max-image-preview":"max-image-preview:large","max-video-preview":"max-video-preview:-1"},"canonical":"https:\/\/www.olistori.com\/de\/boutique\/foot-scrub-vervena\/","og_locale":"de_DE","og_type":"article","og_title":"FOOT SCRUB VERVENA - Olistori","og_description":"Regionale Produktion: ALENTEJO INTERIOR  RELAX K\u00f6rperpeeling in LA VERVEINE -  Beseitigen Sie tote Zellen, beleben Sie m\u00fcde Haut. Chilli stimuliert die Durchblutung und Zimt hilft Stress und Reizbarkeit zu beseitigen.  Erh\u00e4ltlich im 100g Format.","og_url":"https:\/\/www.olistori.com\/de\/boutique\/foot-scrub-vervena\/","og_site_name":"Olistori","article_modified_time":"2019-08-24T17:35:42+00:00","og_image":[{"width":590,"height":550,"url":"https:\/\/www.olistori.com\/wp-content\/uploads\/2018\/06\/BODY-SCRUB-VERBENA-landscape.jpg","type":"image\/jpeg"}],"twitter_card":"summary_large_image","twitter_misc":{"Gesch\u00e4tzte Lesezeit":"1\u00a0Minute"},"schema":{"@context":"https:\/\/schema.org","@graph":[{"@type":"WebPage","@id":"https:\/\/www.olistori.com\/de\/boutique\/foot-scrub-vervena\/","url":"https:\/\/www.olistori.com\/de\/boutique\/foot-scrub-vervena\/","name":"FOOT SCRUB VERVENA - Olistori","isPartOf":{"@id":"https:\/\/www.olistori.com\/de\/#website"},"primaryImageOfPage":{"@id":"https:\/\/www.olistori.com\/de\/boutique\/foot-scrub-vervena\/#primaryimage"},"image":{"@id":"https:\/\/www.olistori.com\/de\/boutique\/foot-scrub-vervena\/#primaryimage"},"thumbnailUrl":"https:\/\/www.olistori.com\/wp-content\/uploads\/2018\/06\/BODY-SCRUB-VERBENA-landscape.jpg","datePublished":"2018-06-28T20:54:39+00:00","dateModified":"2019-08-24T17:35:42+00:00","breadcrumb":{"@id":"https:\/\/www.olistori.com\/de\/boutique\/foot-scrub-vervena\/#breadcrumb"},"inLanguage":"de","potentialAction":[{"@type":"ReadAction","target":["https:\/\/www.olistori.com\/de\/boutique\/foot-scrub-vervena\/"]}]},{"@type":"ImageObject","inLanguage":"de","@id":"https:\/\/www.olistori.com\/de\/boutique\/foot-scrub-vervena\/#primaryimage","url":"https:\/\/www.olistori.com\/wp-content\/uploads\/2018\/06\/BODY-SCRUB-VERBENA-landscape.jpg","contentUrl":"https:\/\/www.olistori.com\/wp-content\/uploads\/2018\/06\/BODY-SCRUB-VERBENA-landscape.jpg","width":590,"height":550},{"@type":"BreadcrumbList","@id":"https:\/\/www.olistori.com\/de\/boutique\/foot-scrub-vervena\/#breadcrumb","itemListElement":[{"@type":"ListItem","position":1,"name":"Accueil","item":"https:\/\/www.olistori.com\/de\/"},{"@type":"ListItem","position":2,"name":"Shop","item":"https:\/\/www.olistori.com\/de\/shop\/"},{"@type":"ListItem","position":3,"name":"FOOT SCRUB VERVENA"}]},{"@type":"WebSite","@id":"https:\/\/www.olistori.com\/de\/#website","url":"https:\/\/www.olistori.com\/de\/","name":"Olistori","description":"HUILES D\u2019OLIVE PORTUGAISES S\u00c9LECTIONN\u00c9ES","potentialAction":[{"@type":"SearchAction","target":{"@type":"EntryPoint","urlTemplate":"https:\/\/www.olistori.com\/de\/?s={search_term_string}"},"query-input":"required name=search_term_string"}],"inLanguage":"de"}]}},"_links":{"self":[{"href":"https:\/\/www.olistori.com\/de\/wp-json\/wp\/v2\/product\/1643"}],"collection":[{"href":"https:\/\/www.olistori.com\/de\/wp-json\/wp\/v2\/product"}],"about":[{"href":"https:\/\/www.olistori.com\/de\/wp-json\/wp\/v2\/types\/product"}],"replies":[{"embeddable":true,"href":"https:\/\/www.olistori.com\/de\/wp-json\/wp\/v2\/comments?post=1643"}],"wp:featuredmedia":[{"embeddable":true,"href":"https:\/\/www.olistori.com\/de\/wp-json\/wp\/v2\/media\/1433"}],"wp:attachment":[{"href":"https:\/\/www.olistori.com\/de\/wp-json\/wp\/v2\/media?parent=1643"}],"wp:term":[{"taxonomy":"product_cat","embeddable":true,"href":"https:\/\/www.olistori.com\/de\/wp-json\/wp\/v2\/product_cat?post=1643"},{"taxonomy":"product_tag","embeddable":true,"href":"https:\/\/www.olistori.com\/de\/wp-json\/wp\/v2\/product_tag?post=1643"}],"curies":[{"name":"wp","href":"https:\/\/api.w.org\/{rel}","templated":true}]}}